{"id":3741,"date":"2025-03-08T17:02:38","date_gmt":"2025-03-08T17:02:38","guid":{"rendered":"https:\/\/prensaescrita.org\/rattsligt-meddelande\/"},"modified":"2025-03-18T11:49:02","modified_gmt":"2025-03-18T11:49:02","slug":"rattsligt-meddelande","status":"publish","type":"page","link":"https:\/\/prensaescrita.org\/sv\/rattsligt-meddelande\/","title":{"rendered":"R\u00e4ttsligt meddelande"},"content":{"rendered":"\n<div class=\"gb-element-fca20844\">\n<p><strong>LAGEN OM INFORMATIONSSAMH\u00c4LLETS TJ\u00c4NSTER (LSSI)<\/strong><\/p>\n\n\n\n<p><strong>prensaescrita.org<\/strong>, ansvarig f\u00f6r webbplatsen, nedan ANSVARIG, g\u00f6r detta dokument tillg\u00e4ngligt f\u00f6r anv\u00e4ndare, med vilka det avser att uppfylla de skyldigheter som anges i lag 34\/2002, av den 11 juli, om informationssamh\u00e4llets tj\u00e4nster och elektronisk handel (LSSICE), samt att informera alla anv\u00e4ndare av webbplatsen om anv\u00e4ndarvillkoren.<\/p>\n\n\n\n<p>Varje person som g\u00e5r in p\u00e5 denna webbplats tar p\u00e5 sig rollen som anv\u00e4ndare och f\u00f6rbinder sig att f\u00f6lja och strikt f\u00f6lja de best\u00e4mmelser som anges h\u00e4ri, s\u00e5v\u00e4l som alla andra r\u00e4ttsliga best\u00e4mmelser som kan vara till\u00e4mpliga.<\/p>\n\n\n\n<p><strong><strong>prensaescrita.org<\/strong><\/strong> f\u00f6rbeh\u00e5ller sig r\u00e4tten att \u00e4ndra alla typer av information eller egendom till salu som kan visas p\u00e5 webbplatsen, utan att det finns n\u00e5gon skyldighet att meddela eller informera anv\u00e4ndarna om s\u00e5dana skyldigheter, varvid det \u00e4r underf\u00f6rst\u00e5tt att publicering p\u00e5 <strong><strong>den prensaescrita.org<\/strong><\/strong> webbplatsen \u00e4r tillr\u00e4cklig.<\/p>\n\n\n\n<p><strong>1. UPPGIFTER OM IDENTIFIERING<\/strong><\/p>\n\n\n\n<p>F\u00f6retagsnamn: <strong><strong>prensaescrita.org<\/strong><\/strong><br\/>Handelsnamn: <strong><strong>prensaescrita.org<\/strong><\/strong><br\/>E-post: <strong>contacto@<strong>prensaescrita.org<\/strong><\/strong><\/p>\n\n\n\n<p><strong>2. SYFTE<\/strong><\/p>\n\n\n\n<p>Via webbplatsen erbjuder vi anv\u00e4ndarna m\u00f6jligheten att f\u00e5 tillg\u00e5ng till information om tidningar och tidningar fr\u00e5n hela v\u00e4rlden.<\/p>\n\n\n\n<p><strong>3. SEKRETESS OCH DATABEHANDLING<\/strong><\/p>\n\n\n\n<p>N\u00e4r det \u00e4r n\u00f6dv\u00e4ndigt att tillhandah\u00e5lla personuppgifter f\u00f6r att f\u00e5 tillg\u00e5ng till visst inneh\u00e5ll eller vissa tj\u00e4nster kommer anv\u00e4ndarna att garantera dess sanningshalt, riktighet, \u00e4kthet och giltighet. F\u00f6retaget kommer att ge dessa uppgifter motsvarande automatiserade behandling beroende p\u00e5 dess art eller syfte, i de villkor som anges i avsnittet Sekretesspolicy. <\/p>\n\n\n\n<p><strong>4. INDUSTRIELL OCH IMMATERIELL \u00c4GANDER\u00c4TT<\/strong><\/p>\n\n\n\n<p>Anv\u00e4ndaren bekr\u00e4ftar och accepterar att allt inneh\u00e5ll som visas p\u00e5 <strong><strong>prensaescrita.org<\/strong><\/strong> och i synnerhet design, texter, bilder, logotyper, ikoner, knappar, programvara, handelsnamn, varum\u00e4rken eller andra tecken som \u00e4r mottagliga f\u00f6r industriell och\/eller kommersiell anv\u00e4ndning \u00e4r f\u00f6rem\u00e5l f\u00f6r immateriella r\u00e4ttigheter och alla varum\u00e4rken, handelsnamn eller s\u00e4rskiljande tecken, alla industriella och immateriella r\u00e4ttigheter,  p\u00e5 inneh\u00e5llet och\/eller andra element som infogas p\u00e5 sidan, som \u00e4r f\u00f6retagets och\/eller tredje parts exklusiva egendom, som har exklusiv r\u00e4tt att anv\u00e4nda dem i sin verksamhet. Av alla dessa sk\u00e4l f\u00f6rbinder sig anv\u00e4ndaren att inte reproducera, kopiera, distribuera, tillg\u00e4ngligg\u00f6ra eller p\u00e5 n\u00e5got annat s\u00e4tt offentligt kommunicera, omvandla eller modifiera s\u00e5dant inneh\u00e5ll, vilket h\u00e5ller f\u00f6retaget skadesl\u00f6st fr\u00e5n alla anspr\u00e5k som uppst\u00e5r p\u00e5 grund av bristande efterlevnad av s\u00e5dana skyldigheter. <\/p>\n\n\n\n<p>\u00c5tkomst till webbplatsen inneb\u00e4r under inga omst\u00e4ndigheter n\u00e5gon typ av avst\u00e5ende, \u00f6verf\u00f6ring, licens eller total eller partiell \u00f6verf\u00f6ring av n\u00e4mnda r\u00e4ttigheter, om inte annat uttryckligen anges. Dessa allm\u00e4nna anv\u00e4ndarvillkor f\u00f6r webbplatsen ger <strong><strong>prensaescrita.org<\/strong><\/strong> inte anv\u00e4ndarna n\u00e5gon annan r\u00e4tt att anv\u00e4nda, \u00e4ndra, exploatera, reproducera, distribuera eller offentligt kommunicera webbplatsen och\/eller dess inneh\u00e5ll annat \u00e4n de som uttryckligen anges h\u00e4ri. <\/p>\n\n\n\n<p>All annan anv\u00e4ndning eller utnyttjande av n\u00e5gra r\u00e4ttigheter kommer att vara f\u00f6rem\u00e5l f\u00f6r f\u00f6reg\u00e5ende och uttryckligt tillst\u00e5nd som specifikt beviljats f\u00f6r detta \u00e4ndam\u00e5l av f\u00f6retaget eller den tredje part som \u00e4ger de ber\u00f6rda r\u00e4ttigheterna.<\/p>\n\n\n\n<p>Inneh\u00e5llet, texterna, fotografierna, designen, logotyperna, bilderna, datorprogrammen, k\u00e4llkoderna och, i allm\u00e4nhet, alla intellektuella skapelser som finns i <strong><strong>prensaescrita.org<\/strong><\/strong>, liksom sj\u00e4lva utrymmet som helhet, som ett multimedialt konstn\u00e4rligt verk, \u00e4r skyddade som upphovsr\u00e4tt av lagstiftningen om immateriella r\u00e4ttigheter.<\/p>\n\n\n\n<p>F\u00f6retaget \u00e4r \u00e4gare till de element som utg\u00f6r den grafiska designen av <strong><strong>prensaescrita.org<\/strong><\/strong>, menyerna, navigeringsknapparna, HTML-koden, texterna, bilderna, texturerna, grafiken och allt annat inneh\u00e5ll p\u00e5 webbplatsen eller har i alla fall motsvarande tillst\u00e5nd f\u00f6r anv\u00e4ndning av dessa element.<\/p>\n\n\n\n<p>Inneh\u00e5llet som tillhandah\u00e5lls i <strong><strong>prensaescrita.org<\/strong><\/strong> f\u00e5r inte reproduceras, helt eller delvis, eller \u00f6verf\u00f6ras eller registreras av n\u00e5got informationss\u00f6kningssystem, i n\u00e5gon form eller i n\u00e5got medium, s\u00e5vida det inte finns f\u00f6reg\u00e5ende skriftligt tillst\u00e5nd fr\u00e5n ovann\u00e4mnda enhet.<\/p>\n\n\n\n<p>Det \u00e4r ocks\u00e5 f\u00f6rbjudet att radera, kringg\u00e5 och\/eller manipulera upphovsr\u00e4tten, liksom de tekniska skyddsanordningarna eller n\u00e5gon informationsmekanism som inneh\u00e5llet kan inneh\u00e5lla. Anv\u00e4ndaren av denna webbplats f\u00f6rbinder sig att respektera de r\u00e4ttigheter som anges och att undvika alla \u00e5tg\u00e4rder som kan skada dem, och i alla fall f\u00f6rbeh\u00e5ller sig f\u00f6retaget r\u00e4tten att ut\u00f6va alla r\u00e4ttsliga medel eller \u00e5tg\u00e4rder som motsvarar det i f\u00f6rsvaret av sina legitima immateriella och industriella r\u00e4ttigheter. <\/p>\n\n\n\n<p><strong>5. SKYLDIGHETER OCH ANSVAR F\u00d6R ANV\u00c4NDAREN AV WEBBPLATSEN<\/strong><\/p>\n\n\n\n<p>Anv\u00e4ndaren f\u00f6rbinder sig att:<\/p>\n\n\n\n<ol class=\"wp-block-list\">\n<li>Anv\u00e4nda den <strong><strong>prensaescrita.org<\/strong><\/strong> webbplatsen samt dess inneh\u00e5ll och tj\u00e4nster p\u00e5 ett l\u00e4mpligt och lagligt s\u00e4tt i enlighet med: (i) vid var tid g\u00e4llande lagstiftning; (ii) de allm\u00e4nna villkoren f\u00f6r anv\u00e4ndning av webbplatsen; (iii) allm\u00e4nt accepterad moral och goda sedv\u00e4njor och (iv) allm\u00e4n ordning.    <\/li>\n\n\n\n<li>F\u00f6rse sig med alla medel och tekniska krav som kr\u00e4vs f\u00f6r att f\u00e5 tillg\u00e5ng till webbplatsen.<\/li>\n\n\n\n<li>Tillhandah\u00e5lla sanningsenlig information n\u00e4r du fyller i formul\u00e4ren som finns p\u00e5 webbplatsen med deras personuppgifter och att h\u00e5lla dem uppdaterade hela tiden s\u00e5 att de alltid svarar p\u00e5 anv\u00e4ndarens verkliga situation. Anv\u00e4ndaren \u00e4r ensam ansvarig f\u00f6r alla falska eller felaktiga uppgifter som g\u00f6rs och f\u00f6r eventuella skador som orsakas f\u00f6retaget eller tredje part av den information som l\u00e4mnas. <\/li>\n<\/ol>\n\n\n\n<p>Oaktat best\u00e4mmelserna i f\u00f6reg\u00e5ende avsnitt m\u00e5ste anv\u00e4ndaren ocks\u00e5 avst\u00e5 fr\u00e5n att:<\/p>\n\n\n\n<ol class=\"wp-block-list\">\n<li>Obeh\u00f6rig eller bedr\u00e4glig anv\u00e4ndning av <strong><strong>den prensaescrita.org<\/strong><\/strong> webbplatsen och\/eller dess inneh\u00e5ll f\u00f6r olagliga \u00e4ndam\u00e5l eller effekter, som \u00e4r f\u00f6rbjudet enligt dessa allm\u00e4nna anv\u00e4ndarvillkor, som \u00e4r skadligt f\u00f6r tredje parts r\u00e4ttigheter och intressen, eller som p\u00e5 n\u00e5got s\u00e4tt kan skada, inaktivera, \u00f6verbelasta, f\u00f6rs\u00e4mra eller hindra normal anv\u00e4ndning av tj\u00e4nsterna eller dokumenten,  filer och alla typer av inneh\u00e5ll som lagras p\u00e5 vilken datorutrustning som helst.<\/li>\n\n\n\n<li>\u00c5tkomst till eller f\u00f6rs\u00f6k att f\u00e5 tillg\u00e5ng till resurser eller begr\u00e4nsade omr\u00e5den p\u00e5 webbplatsen, utan att uppfylla de villkor som kr\u00e4vs f\u00f6r s\u00e5dan \u00e5tkomst.<\/li>\n\n\n\n<li>Orsaka skada p\u00e5 de fysiska eller logiska systemen p\u00e5 webbplatsen, dess leverant\u00f6rer eller tredje part.<\/li>\n\n\n\n<li>Introducera eller sprida datavirus eller andra fysiska eller logiska system p\u00e5 n\u00e4tverket som sannolikt kan orsaka skada p\u00e5 f\u00f6retagets, leverant\u00f6rernas eller tredje parts fysiska eller logiska system.<\/li>\n\n\n\n<li>F\u00f6rs\u00f6ka f\u00e5 tillg\u00e5ng till, anv\u00e4nda och\/eller manipulera uppgifter om f\u00f6retaget, tredjepartsleverant\u00f6rer och andra anv\u00e4ndare.<\/li>\n\n\n\n<li>Reproduktion eller kopiering, distribution, tillg\u00e4ngligg\u00f6rande av allm\u00e4nheten genom n\u00e5gon form av offentlig kommunikation, omvandling eller \u00e4ndring av inneh\u00e5llet, s\u00e5vida det inte har godk\u00e4nts av innehavaren av motsvarande r\u00e4ttigheter eller \u00e4r till\u00e5tet enligt lag.<\/li>\n\n\n\n<li>Radering, d\u00f6ljande eller manipulering av meddelanden om immateriella eller industriella r\u00e4ttigheter och andra identifierande uppgifter om f\u00f6retagets eller tredje parts r\u00e4ttigheter som ing\u00e5r i inneh\u00e5llet, samt tekniska skyddsanordningar eller informationsmekanismer som kan infogas i inneh\u00e5llet.<\/li>\n\n\n\n<li>Erh\u00e5lla och f\u00f6rs\u00f6ka erh\u00e5lla inneh\u00e5llet med hj\u00e4lp av andra medel eller f\u00f6rfaranden \u00e4n de som, i f\u00f6rekommande fall, har gjorts tillg\u00e4ngliga f\u00f6r detta \u00e4ndam\u00e5l eller som uttryckligen har angetts p\u00e5 de webbsidor d\u00e4r inneh\u00e5llet finns eller, i allm\u00e4nhet, de som vanligtvis anv\u00e4nds p\u00e5 Internet eftersom de inte medf\u00f6r n\u00e5gon risk f\u00f6r skada eller inaktivering av webbplatsen och\/eller inneh\u00e5llet.<\/li>\n\n\n\n<li>I synnerhet, och endast f\u00f6r information och icke-utt\u00f6mmande \u00e4ndam\u00e5l, f\u00f6rbinder sig anv\u00e4ndaren att inte \u00f6verf\u00f6ra, sprida eller g\u00f6ra tillg\u00e4nglig f\u00f6r tredje part information, data, inneh\u00e5ll, meddelanden, grafik, ritningar, ljud- och\/eller bildfiler, fotografier, inspelningar, programvara och i allm\u00e4nhet n\u00e5gon form av material som: \u2022 p\u00e5 n\u00e5got s\u00e4tt strider mot, nedv\u00e4rderar eller bryter mot de grundl\u00e4ggande r\u00e4ttigheter och offentliga friheter som erk\u00e4nns i konstitutionen,  i internationella f\u00f6rdrag och i annan g\u00e4llande lagstiftning.\u2022 Framkallar, uppviglar till eller fr\u00e4mjar brottsliga, f\u00f6rnedrande, \u00e4rekr\u00e4nkande, v\u00e5ldsamma handlingar eller, i allm\u00e4nhet, strider mot lag, moral, allm\u00e4nt accepterade goda sedv\u00e4njor eller allm\u00e4n ordning.\u2022 Framkallar, uppmuntrar till eller fr\u00e4mjar diskriminerande handlingar, attityder eller tankar p\u00e5 grund av k\u00f6n, ras, religion,  Inneh\u00e5ller, tillg\u00e4ngligg\u00f6r eller till\u00e5ter \u00e5tkomst till produkter, element, meddelanden och\/eller tj\u00e4nster som \u00e4r kriminella, v\u00e5ldsamma, st\u00f6tande, skadliga, f\u00f6rnedrande eller, i allm\u00e4nhet, strider mot lag, moral och allm\u00e4nt accepterade goda seder eller allm\u00e4n ordning. Framkallar eller kan framkalla ett oacceptabelt tillst\u00e5nd av \u00e5ngest eller r\u00e4dsla.\u2022 F\u00f6rm\u00e5r eller uppmuntrar till farliga, riskfyllda eller skadliga metoder f\u00f6r h\u00e4lsa och mental balans.\u2022 Skyddas av lagstiftning om intellektuellt eller industriellt skydd som tillh\u00f6r samh\u00e4llet eller tredje part utan att den avsedda anv\u00e4ndningen har godk\u00e4nts.\u2022 Strider mot hedern,  till personlig och familjs integritet eller till bilden av m\u00e4nniskor.\u2022 Utg\u00f6r n\u00e5gon typ av reklam.\u2022 Inkluderar alla typer av virus eller program som f\u00f6rhindrar att webbutrymmet fungerar normalt.<\/li>\n<\/ol>\n\n\n\n<p>Om du f\u00e5r ett l\u00f6senord f\u00f6r att komma \u00e5t n\u00e5gon av tj\u00e4nsterna och\/eller inneh\u00e5llet p\u00e5 webbplatsen \u00e4r du skyldig att anv\u00e4nda det flitigt och h\u00e5lla det hemligt hela tiden. F\u00f6ljaktligen kommer den att vara ansvarig f\u00f6r sin korrekta f\u00f6rvaring och konfidentialitet och \u00e5ta sig att inte \u00f6verf\u00f6ra den till tredje part, tillf\u00e4lligt eller permanent, eller att till\u00e5ta \u00e5tkomst till ovann\u00e4mnda tj\u00e4nster och\/eller inneh\u00e5ll f\u00f6r tredje part. P\u00e5 samma s\u00e4tt \u00e4r det skyldigt att meddela f\u00f6retaget om alla h\u00e4ndelser som kan inneb\u00e4ra felaktig anv\u00e4ndning av dess l\u00f6senord, s\u00e5som, men inte begr\u00e4nsat till, st\u00f6ld, f\u00f6rlust eller obeh\u00f6rig \u00e5tkomst, f\u00f6r att forts\u00e4tta med dess omedelbara annullering. F\u00f6ljaktligen, s\u00e5 l\u00e4nge du inte g\u00f6r ovanst\u00e5ende anm\u00e4lan, kommer f\u00f6retaget att vara befriat fr\u00e5n allt ansvar som kan uppst\u00e5 p\u00e5 grund av felaktig anv\u00e4ndning av ditt l\u00f6senord, och all olaglig anv\u00e4ndning av inneh\u00e5llet och\/eller tj\u00e4nsterna p\u00e5 webbplatsen av n\u00e5gon olaglig tredje part kommer att vara ansvarig f\u00f6r det. Om du av oaktsamhet eller upps\u00e5tligen underl\u00e5ter att uppfylla n\u00e5gon av de skyldigheter som fastst\u00e4lls i dessa allm\u00e4nna anv\u00e4ndarvillkor kommer du att vara ansvarig f\u00f6r alla skador som kan uppst\u00e5 f\u00f6r f\u00f6retaget p\u00e5 grund av s\u00e5dan bristande efterlevnad.    <\/p>\n\n\n\n<p><strong>6. ANSVAR<\/strong><\/p>\n\n\n\n<p>Kontinuerlig \u00e5tkomst eller korrekt visning, nedladdning eller anv\u00e4ndning av de element och den information som finns p\u00e5 webbplatsen som kan hindras, hindras eller avbrytas av faktorer eller omst\u00e4ndigheter utanf\u00f6r dess kontroll garanteras inte. Den \u00e4r inte ansvarig f\u00f6r n\u00e5gra beslut som kan fattas till f\u00f6ljd av tillg\u00e5ng till det inneh\u00e5ll eller den information som erbjuds. <\/p>\n\n\n\n<p>Tj\u00e4nsten kan avbrytas, eller relationen med anv\u00e4ndaren kan avslutas omedelbart om det uppt\u00e4cks att en anv\u00e4ndning av dennes webbutrymme, eller av n\u00e5gon av de tj\u00e4nster som erbjuds d\u00e4r, strider mot dessa allm\u00e4nna anv\u00e4ndarvillkor. Vi \u00e4r inte ansvariga f\u00f6r eventuella skador, f\u00f6rluster, anspr\u00e5k eller kostnader som uppst\u00e5r till f\u00f6ljd av anv\u00e4ndningen av webbplatsen. <\/p>\n\n\n\n<p>Den kommer endast att vara ansvarig f\u00f6r att s\u00e5 snart som m\u00f6jligt ta bort det inneh\u00e5ll som kan ge upphov till s\u00e5dan skada, f\u00f6rutsatt att detta meddelas. I synnerhet kommer vi inte att vara ansvariga f\u00f6r eventuella skador som kan uppst\u00e5 bland annat: <\/p>\n\n\n\n<ol class=\"wp-block-list\">\n<li>St\u00f6rningar, avbrott, fel, utel\u00e4mnanden, telefonhaverier, f\u00f6rseningar, blockeringar eller fr\u00e5nkopplingar i driften av det elektroniska systemet, orsakade av brister, \u00f6verbelastningar och fel i telekommunikationslinjer och n\u00e4tverk, eller av n\u00e5gon annan orsak som ligger utanf\u00f6r f\u00f6retagets kontroll.<\/li>\n\n\n\n<li>Illegitim st\u00f6rning genom anv\u00e4ndning av skadliga program av n\u00e5got slag och genom alla kommunikationsmedel, s\u00e5som datavirus eller n\u00e5got annat.<\/li>\n\n\n\n<li>Ol\u00e4mpligt eller ol\u00e4mpligt missbruk av webbplatsen.<\/li>\n\n\n\n<li>S\u00e4kerhets- eller surffel som orsakas av ett fel i webbl\u00e4saren eller av anv\u00e4ndning av icke-uppdaterade versioner av webbl\u00e4saren. Administrat\u00f6ren av webbplatsen f\u00f6rbeh\u00e5ller sig r\u00e4tten att helt eller delvis ta bort inneh\u00e5ll eller information som finns p\u00e5 webbplatsen. <\/li>\n<\/ol>\n\n\n\n<p>F\u00f6retaget fr\u00e5ns\u00e4ger sig allt ansvar f\u00f6r skador av n\u00e5got slag som kan bero p\u00e5 missbruk av de tj\u00e4nster som \u00e4r fritt tillg\u00e4ngliga och anv\u00e4nds av anv\u00e4ndarna av Web Space. P\u00e5 samma s\u00e4tt \u00e4r den befriad fr\u00e5n allt ansvar f\u00f6r inneh\u00e5llet och informationen som kan tas emot som ett resultat av datainsamlingsformul\u00e4ren, som endast \u00e4r till f\u00f6r att tillhandah\u00e5lla konsultations- och tviveltj\u00e4nster. \u00c5 andra sidan, i h\u00e4ndelse av att orsaka skada p\u00e5 grund av en olaglig eller felaktig anv\u00e4ndning av n\u00e4mnda tj\u00e4nster, kan anv\u00e4ndaren kr\u00e4vas f\u00f6r de skador som orsakats.  <\/p>\n\n\n\n<p>Du kommer att h\u00e5lla f\u00f6retaget skadesl\u00f6st f\u00f6r eventuella skador som uppst\u00e5r till f\u00f6ljd av anspr\u00e5k, \u00e5tg\u00e4rder eller krav fr\u00e5n tredje part till f\u00f6ljd av din tillg\u00e5ng till eller anv\u00e4ndning av webbplatsen. Du samtycker ocks\u00e5 till att ers\u00e4tta eventuella skador som uppst\u00e5r till f\u00f6ljd av din anv\u00e4ndning av robotar, spindlar, s\u00f6krobotar eller liknande verktyg som anv\u00e4nds f\u00f6r att samla in eller extrahera data eller n\u00e5gon annan \u00e5tg\u00e4rd av dig som inneb\u00e4r en orimlig belastning p\u00e5 driften av webbplatsen. <\/p>\n\n\n\n<p><strong>7. HYPERL\u00c4NKAR<\/strong><\/p>\n\n\n\n<p>Anv\u00e4ndaren f\u00f6rbinder sig att inte p\u00e5 n\u00e5got s\u00e4tt, inte ens med hj\u00e4lp av en hyperl\u00e4nk eller hyperl\u00e4nk, \u00e5terge webbplatsen eller n\u00e5got av dess inneh\u00e5ll, s\u00e5vida inte den person som \u00e4r ansvarig f\u00f6r filen uttryckligen har gett sitt skriftliga medgivande till detta.<\/p>\n\n\n\n<p>Webbplatsen kan inneh\u00e5lla l\u00e4nkar till andra webbplatser, som drivs av tredje part, f\u00f6r att underl\u00e4tta anv\u00e4ndarens tillg\u00e5ng till information om samarbetande och\/eller sponsrande f\u00f6retag. F\u00f6ljaktligen \u00e4r f\u00f6retaget inte ansvarigt f\u00f6r inneh\u00e5llet p\u00e5 dessa webbplatser, och det \u00e4r inte heller i en position som garant och\/eller erbjudandepart f\u00f6r de tj\u00e4nster och\/eller information som kan erbjudas tredje part via tredjepartsl\u00e4nkar. <\/p>\n\n\n\n<p>Anv\u00e4ndaren beviljas en begr\u00e4nsad, \u00e5terkallelig och icke-exklusiv r\u00e4tt att skapa l\u00e4nkar till webbplatsens hemsida uteslutande f\u00f6r privat och icke-kommersiellt bruk. Webbplatser som inneh\u00e5ller en l\u00e4nk till v\u00e5r webbplats (i) f\u00e5r inte ge en missvisande bild av sitt f\u00f6rh\u00e5llande eller bekr\u00e4fta att en s\u00e5dan l\u00e4nk har godk\u00e4nts, och inte heller inkludera varum\u00e4rken, beteckningar, handelsnamn, logotyper eller andra s\u00e4rskiljande tecken som tillh\u00f6r v\u00e5rt f\u00f6retag; (ii) f\u00e5r inte inneh\u00e5lla inneh\u00e5ll som kan anses vara osmakligt, obscent, st\u00f6tande, kontroversiellt, uppviglar till v\u00e5ld eller diskriminering p\u00e5 grund av k\u00f6n, ras eller religion, som strider mot allm\u00e4n ordning eller \u00e4r olagligt; (iii) f\u00e5r inte l\u00e4nka till n\u00e5gon annan sida p\u00e5 webbplatsen \u00e4n hemsidan; (iv) den m\u00e5ste l\u00e4nka till adressen till sj\u00e4lva webbplatsen, utan att till\u00e5ta webbplatsen som g\u00f6r l\u00e4nken att reproducera webbplatsen som en del av sin webbplats eller inom en av dess &#8221;ramar&#8221; eller att skapa en &#8221;webbl\u00e4sare&#8221; p\u00e5 n\u00e5gon av sidorna p\u00e5 webbplatsutrymmet. F\u00f6retaget kan n\u00e4r som helst beg\u00e4ra att det tar bort en l\u00e4nk till webbplatsen, varefter det omedelbart m\u00e5ste forts\u00e4tta att ta bort den.      <\/p>\n\n\n\n<p>F\u00f6retaget kan inte kontrollera information, inneh\u00e5ll, produkter eller tj\u00e4nster som tillhandah\u00e5lls av andra webbutrymmen som har uppr\u00e4ttat l\u00e4nkar till webbutrymmet.<\/p>\n\n\n\n<p><strong>8. SKYDD AV PERSONUPPGIFTER<\/strong><\/p>\n\n\n\n<p>F\u00f6r att kunna anv\u00e4nda vissa av tj\u00e4nsterna m\u00e5ste anv\u00e4ndaren f\u00f6rst tillhandah\u00e5lla vissa personuppgifter. F\u00f6retaget kommer automatiskt att behandla dessa uppgifter och till\u00e4mpa motsvarande s\u00e4kerhets\u00e5tg\u00e4rder, allt i enlighet med GDPR, LOPDGDD och LSSI. Anv\u00e4ndaren kan f\u00e5 tillg\u00e5ng till den policy som f\u00f6ljs vid behandlingen av personuppgifter, samt fastst\u00e4llandet av de tidigare fastst\u00e4llda \u00e4ndam\u00e5len, under de villkor som definieras i sekretesspolicyn.  <\/p>\n\n\n\n<p><strong>9. KAKOR (COOKIES)<\/strong><\/p>\n\n\n\n<p>F\u00f6retaget f\u00f6rbeh\u00e5ller sig r\u00e4tten att anv\u00e4nda &#8221;cookie&#8221;-teknik i <strong>cultivoshidroponicos.org<\/strong>, f\u00f6r att k\u00e4nna igen dig som en frekvent anv\u00e4ndare och f\u00f6r att anpassa din anv\u00e4ndning av webbplatsen genom att i f\u00f6rv\u00e4g v\u00e4lja ditt spr\u00e5k eller mer \u00f6nskat eller specifikt inneh\u00e5ll.<\/p>\n\n\n\n<p>Cookies samlar in anv\u00e4ndarens IP-adress och Google ansvarar f\u00f6r att behandla denna information.<\/p>\n\n\n\n<p>Cookies \u00e4r filer som skickas till en webbl\u00e4sare, med hj\u00e4lp av en webbserver, f\u00f6r att registrera anv\u00e4ndarens navigering p\u00e5 webbutrymmet, n\u00e4r anv\u00e4ndaren till\u00e5ter att de tas emot. Om du vill kan du konfigurera din webbl\u00e4sare s\u00e5 att den meddelas p\u00e5 sk\u00e4rmen n\u00e4r du tar emot cookies och f\u00f6r att f\u00f6rhindra att cookies installeras p\u00e5 din h\u00e5rddisk. Se din webbl\u00e4sares instruktioner och manualer f\u00f6r mer information.  <\/p>\n\n\n\n<p>Tack vare cookies \u00e4r det m\u00f6jligt att k\u00e4nna igen webbl\u00e4saren p\u00e5 den dator som anv\u00e4nds av anv\u00e4ndaren f\u00f6r att tillhandah\u00e5lla inneh\u00e5ll och erbjuda de surf- eller reklampreferenser som anv\u00e4ndaren har, till anv\u00e4ndarnas demografiska profiler samt f\u00f6r att m\u00e4ta bes\u00f6k och trafikparametrar, \u00f6vervaka framsteg och antal poster.<\/p>\n\n\n\n<p><strong>10. UTF\u00c4STELSER OCH GARANTIER<\/strong><\/p>\n\n\n\n<p>I allm\u00e4nhet \u00e4r inneh\u00e5llet och tj\u00e4nsterna som erbjuds p\u00e5 webbplatsen endast informativa. F\u00f6ljaktligen, genom att erbjuda dem, ges inga garantier eller representationer i f\u00f6rh\u00e5llande till inneh\u00e5llet och tj\u00e4nsterna som erbjuds p\u00e5 webbplatsen, inklusive, men inte begr\u00e4nsat till, garantier f\u00f6r laglighet, tillf\u00f6rlitlighet, anv\u00e4ndbarhet, sanningsenlighet, noggrannhet eller s\u00e4ljbarhet, f\u00f6rutom i den utstr\u00e4ckning som s\u00e5dana utf\u00e4stelser och garantier inte kan uteslutas enligt lag. <\/p>\n\n\n\n<p><strong>11. FORCE MAJEURE<\/strong><\/p>\n\n\n\n<p>F\u00f6retaget kommer inte att vara ansvarigt i alla fall av om\u00f6jlighet att tillhandah\u00e5lla tj\u00e4nster, om detta beror p\u00e5 l\u00e5ngvariga avbrott i elf\u00f6rs\u00f6rjningen, telekommunikationslinjer, sociala konflikter, strejker, uppror, explosioner, \u00f6versv\u00e4mningar, handlingar och f\u00f6rsummelser fr\u00e5n regeringens sida, och i allm\u00e4nhet alla fall av force majeure eller slumpm\u00e4ssiga h\u00e4ndelser.<\/p>\n\n\n\n<p><strong>12. L\u00d6SNING AV TVISTER. TILL\u00c4MPLIG LAG OCH JURISDIKTION <\/strong><\/p>\n\n\n\n<p>Dessa allm\u00e4nna anv\u00e4ndarvillkor, liksom anv\u00e4ndningen av <strong><strong>prensaescrita.org<\/strong><\/strong>, ska regleras av venezuelansk och spansk lag. F\u00f6r att l\u00f6sa eventuella tvister kommer parterna att v\u00e4nda sig till domstolarna och tribunalerna p\u00e5 den plats d\u00e4r webbplatsadministrat\u00f6ren har sitt s\u00e4te. <\/p>\n\n\n\n<p>I h\u00e4ndelse av att n\u00e5gon best\u00e4mmelse i dessa allm\u00e4nna anv\u00e4ndarvillkor inte kan verkst\u00e4llas eller \u00e4r ogiltig p\u00e5 grund av till\u00e4mplig lag eller till f\u00f6ljd av ett r\u00e4ttsligt eller administrativt beslut, ska s\u00e5dan ogenomf\u00f6rbarhet eller ogiltighet inte medf\u00f6ra att dessa allm\u00e4nna anv\u00e4ndarvillkor inte kan verkst\u00e4llas eller \u00e4r ogiltiga i sin helhet. I s\u00e5dana fall kommer f\u00f6retaget att forts\u00e4tta att \u00e4ndra eller ers\u00e4tta n\u00e4mnda best\u00e4mmelse med en annan som \u00e4r giltig och verkst\u00e4llbar och som, s\u00e5 l\u00e5ngt det \u00e4r m\u00f6jligt, uppn\u00e5r det m\u00e5l och den avsikt som \u00e5terspeglas i den ursprungliga best\u00e4mmelsen. <\/p>\n<\/div>\n","protected":false},"excerpt":{"rendered":"<p>LAGEN OM INFORMATIONSSAMH\u00c4LLETS TJ\u00c4NSTER (LSSI) prensaescrita.org, ansvarig f\u00f6r webbplatsen, nedan ANSVARIG, g\u00f6r detta dokument tillg\u00e4ngligt f\u00f6r anv\u00e4ndare, med vilka det avser att uppfylla de skyldigheter som anges i lag 34\/2002, av den 11 juli, om informationssamh\u00e4llets tj\u00e4nster och elektronisk handel (LSSICE), samt att informera alla anv\u00e4ndare av webbplatsen om anv\u00e4ndarvillkoren. Varje person som g\u00e5r in &#8230; <a title=\"R\u00e4ttsligt meddelande\" class=\"read-more\" href=\"https:\/\/prensaescrita.org\/sv\/rattsligt-meddelande\/\" aria-label=\"L\u00e4s mer om R\u00e4ttsligt meddelande\">L\u00e4s mer<\/a><\/p>\n","protected":false},"author":2,"featured_media":0,"parent":0,"menu_order":0,"comment_status":"closed","ping_status":"closed","template":"","meta":{"footnotes":""},"class_list":{"0":"post-3741","1":"page","2":"type-page","3":"status-publish","5":"infinite-scroll-item"},"_hostinger_reach_plugin_has_subscription_block":false,"_hostinger_reach_plugin_is_elementor":false,"_links":{"self":[{"href":"https:\/\/prensaescrita.org\/sv\/wp-json\/wp\/v2\/pages\/3741","targetHints":{"allow":["GET"]}}],"collection":[{"href":"https:\/\/prensaescrita.org\/sv\/wp-json\/wp\/v2\/pages"}],"about":[{"href":"https:\/\/prensaescrita.org\/sv\/wp-json\/wp\/v2\/types\/page"}],"author":[{"embeddable":true,"href":"https:\/\/prensaescrita.org\/sv\/wp-json\/wp\/v2\/users\/2"}],"replies":[{"embeddable":true,"href":"https:\/\/prensaescrita.org\/sv\/wp-json\/wp\/v2\/comments?post=3741"}],"version-history":[{"count":1,"href":"https:\/\/prensaescrita.org\/sv\/wp-json\/wp\/v2\/pages\/3741\/revisions"}],"predecessor-version":[{"id":3743,"href":"https:\/\/prensaescrita.org\/sv\/wp-json\/wp\/v2\/pages\/3741\/revisions\/3743"}],"wp:attachment":[{"href":"https:\/\/prensaescrita.org\/sv\/wp-json\/wp\/v2\/media?parent=3741"}],"curies":[{"name":"wp","href":"https:\/\/api.w.org\/{rel}","templated":true}]}}