{"id":3382,"date":"2025-03-08T17:06:14","date_gmt":"2025-03-08T17:06:14","guid":{"rendered":"https:\/\/prensaescrita.org\/cookies-policy\/"},"modified":"2025-03-18T11:45:35","modified_gmt":"2025-03-18T11:45:35","slug":"cookies-policy","status":"publish","type":"page","link":"https:\/\/prensaescrita.org\/sv\/cookies-policy\/","title":{"rendered":"Cookies Policy"},"content":{"rendered":"\n<div class=\"gb-element-19fa11e7\">\n<p>Cookies \u00e4r sm\u00e5 m\u00e4ngder information som lagras i webbl\u00e4saren som anv\u00e4nds av varje anv\u00e4ndare s\u00e5 att servern kommer ih\u00e5g viss information som den senare kan anv\u00e4nda.<\/p>\n\n\n\n<h4 class=\"wp-block-heading\">Typer av cookies som vi anv\u00e4nder<\/h4>\n\n\n\n<p>Denna webbplats anv\u00e4nder cookies fr\u00e5n tredje part, som \u00e4r de som skickas till din dator eller enhet fr\u00e5n en dom\u00e4n eller en webbplats som inte hanteras av oss, utan av en annan enhet som behandlar de uppgifter som erh\u00e5lls genom cookies.<\/p>\n\n\n\n<p>I det h\u00e4r fallet anv\u00e4nds cookies f\u00f6r statistiska \u00e4ndam\u00e5l relaterade till de bes\u00f6k som de tar emot och de sidor som konsulteras, och dess anv\u00e4ndning accepteras n\u00e4r du surfar p\u00e5 den.<\/p>\n\n\n\n<figure class=\"wp-block-table\"><table class=\"has-fixed-layout\"><tbody><tr><th>SM\u00c5KAKA<br\/>(OCH LEVERANT\u00d6R)<\/th><th>VARAKTIGHET<\/th><th>BESKRIVNING<\/th><\/tr><tr><td>__cfduid (notin.es)<\/td><td>Session<\/td><td>Reklam<\/td><\/tr><tr><td>personalization_id (twitter.com)<\/td><td>Session<\/td><td>Kvitter<\/td><\/tr><tr><td>Facebook Facebook (p\u00e5 engelska<\/td><td>Annonsering, statistik och m\u00e4tningar<\/td><td>Den placerar cookies p\u00e5 din dator eller enhet och tar emot den information som lagras p\u00e5 dem n\u00e4r du anv\u00e4nder eller bes\u00f6ker tj\u00e4nster som tillhandah\u00e5lls av andra f\u00f6retag som anv\u00e4nder Facebooks tj\u00e4nster.<\/td><\/tr><tr><td>_ga (Google)<\/td><td>2 \u00e5r<\/td><td>Det anv\u00e4nds f\u00f6r att s\u00e4rskilja anv\u00e4ndare.<\/td><\/tr><tr><td>_gid (Google)<\/td><td>24 timmar<\/td><td>Det anv\u00e4nds f\u00f6r att s\u00e4rskilja anv\u00e4ndare.<\/td><\/tr><tr><td>_gat (Google)<\/td><td>1 minut<\/td><td>Den anv\u00e4nds f\u00f6r att begr\u00e4nsa procentandelen beg\u00e4randen. Om du har implementerat Google Analytics med hj\u00e4lp av Google Tag Manager kommer denna cookie att kallas _dc_gtm_<property-id>. <\/property-id><\/td><\/tr><tr><td>_gali (Google)<\/td><td>30-\u00e5rs\u00e5ldern<\/td><td>F\u00f6rb\u00e4ttrad l\u00e4nkattribution.<\/td><\/tr><tr><td>_unam (SHARETHIS)<\/td><td>Ih\u00e4rdig<\/td><td>Dess syfte \u00e4r att kvantifiera antalet anv\u00e4ndare som delar ett visst inneh\u00e5ll och hur m\u00e5nga webbsidor som bes\u00f6ks som ett resultat av den \u00e5tg\u00e4rden.<\/td><\/tr><tr><td>WordPress (p\u00e5 engelska)<\/td><td>2 \u00e5r<\/td><td>Anv\u00e4nds f\u00f6r att inneh\u00e5llshanteringssystemet WordPress ska fungera korrekt.<\/td><\/tr><\/tbody><\/table><\/figure>\n\n\n\n<p>F\u00f6r mer information om Googles typer av sp\u00e5rnings- och dataanalyscookies <a href=\"https:\/\/www.google.com\/intl\/es_es\/policies\/technologies\/types\/\" target=\"_blank\" rel=\"noreferrer noopener\">, klicka h\u00e4r<\/a>.<\/p>\n\n\n\n<p>S\u00e5 h\u00e4r tar du reda p\u00e5 hur du tar bort cookies fr\u00e5n din webbl\u00e4sare:<\/p>\n\n\n\n<ul class=\"wp-block-list\">\n<li><a href=\"https:\/\/support.mozilla.org\/es\/kb\/habilitar-y-deshabilitar-cookies-sitios-web-rastrear-preferencias\" target=\"_blank\" rel=\"noreferrer noopener\">Firefox (Firefox)<\/a><\/li>\n\n\n\n<li><a href=\"https:\/\/support.google.com\/chrome\/answer\/95647?hl=es\" target=\"_blank\" rel=\"noreferrer noopener\">Krom<\/a><\/li>\n\n\n\n<li><a href=\"https:\/\/support.apple.com\/kb\/PH19214?viewlocale=es_ES&amp;locale=es_ES\" target=\"_blank\" rel=\"noreferrer noopener\">Safari<\/a><\/li>\n<\/ul>\n<\/div>\n","protected":false},"excerpt":{"rendered":"<p>Cookies \u00e4r sm\u00e5 m\u00e4ngder information som lagras i webbl\u00e4saren som anv\u00e4nds av varje anv\u00e4ndare s\u00e5 att servern kommer ih\u00e5g viss information som den senare kan anv\u00e4nda. Typer av cookies som vi anv\u00e4nder Denna webbplats anv\u00e4nder cookies fr\u00e5n tredje part, som \u00e4r de som skickas till din dator eller enhet fr\u00e5n en dom\u00e4n eller en webbplats &#8230; <a title=\"Cookies Policy\" class=\"read-more\" href=\"https:\/\/prensaescrita.org\/sv\/cookies-policy\/\" aria-label=\"L\u00e4s mer om Cookies Policy\">L\u00e4s mer<\/a><\/p>\n","protected":false},"author":2,"featured_media":0,"parent":0,"menu_order":0,"comment_status":"closed","ping_status":"closed","template":"","meta":{"footnotes":""},"class_list":{"0":"post-3382","1":"page","2":"type-page","3":"status-publish","5":"infinite-scroll-item"},"_hostinger_reach_plugin_has_subscription_block":false,"_hostinger_reach_plugin_is_elementor":false,"_links":{"self":[{"href":"https:\/\/prensaescrita.org\/sv\/wp-json\/wp\/v2\/pages\/3382","targetHints":{"allow":["GET"]}}],"collection":[{"href":"https:\/\/prensaescrita.org\/sv\/wp-json\/wp\/v2\/pages"}],"about":[{"href":"https:\/\/prensaescrita.org\/sv\/wp-json\/wp\/v2\/types\/page"}],"author":[{"embeddable":true,"href":"https:\/\/prensaescrita.org\/sv\/wp-json\/wp\/v2\/users\/2"}],"replies":[{"embeddable":true,"href":"https:\/\/prensaescrita.org\/sv\/wp-json\/wp\/v2\/comments?post=3382"}],"version-history":[{"count":1,"href":"https:\/\/prensaescrita.org\/sv\/wp-json\/wp\/v2\/pages\/3382\/revisions"}],"predecessor-version":[{"id":3384,"href":"https:\/\/prensaescrita.org\/sv\/wp-json\/wp\/v2\/pages\/3382\/revisions\/3384"}],"wp:attachment":[{"href":"https:\/\/prensaescrita.org\/sv\/wp-json\/wp\/v2\/media?parent=3382"}],"curies":[{"name":"wp","href":"https:\/\/api.w.org\/{rel}","templated":true}]}}