{"id":3370,"date":"2025-03-08T17:05:14","date_gmt":"2025-03-08T17:05:14","guid":{"rendered":"https:\/\/prensaescrita.org\/integritetspolicy\/"},"modified":"2025-03-18T11:45:35","modified_gmt":"2025-03-18T11:45:35","slug":"integritetspolicy","status":"publish","type":"page","link":"https:\/\/prensaescrita.org\/sv\/integritetspolicy\/","title":{"rendered":"Integritetspolicy"},"content":{"rendered":"\n<div class=\"gb-element-9f66d1d1\">\n<p><strong>prensaescrita.org<\/strong> informerar dig om sin sekretesspolicy ang\u00e5ende behandling och skydd av personuppgifter om anv\u00e4ndare och kunder som kan samlas in genom att surfa eller anlita tj\u00e4nster via <strong><strong>den prensaescrita.org<\/strong><\/strong> webbplatsen.<\/p>\n\n\n\n<p>I denna mening garanterar \u00e4garen att g\u00e4llande best\u00e4mmelser om skydd av personuppgifter f\u00f6ljs, vilket \u00e5terspeglas i organisk lag 3\/2018, av den 5 december, om skydd av personuppgifter och garanti f\u00f6r digitala r\u00e4ttigheter (LOPD GDD). Den \u00f6verensst\u00e4mmer ocks\u00e5 med Europaparlamentets och r\u00e5dets f\u00f6rordning (EU) 2016\/679 av den 27 april 2016 om skydd f\u00f6r fysiska personer (GDPR). <\/p>\n\n\n\n<p>Anv\u00e4ndningen av <strong>den cultivoshidroponicos.org<\/strong> webbplatsen inneb\u00e4r att du accepterar denna sekretesspolicy samt de villkor som ing\u00e5r i det juridiska meddelandet.<\/p>\n\n\n\n<h3 class=\"wp-block-heading\" id=\"identidad-del-responsable\">Ansvarig persons identitet<\/h3>\n\n\n\n<ul class=\"wp-block-list\">\n<li>E-post: <strong>contacto@<strong>prensaescrita.org<\/strong><\/strong><\/li>\n\n\n\n<li>Webbplats: <strong><strong>prensaescrita.org<\/strong><\/strong><\/li>\n<\/ul>\n\n\n\n<h3 class=\"wp-block-heading\" id=\"principios-aplicados-en-el-tratamiento-de-datos\">Principer som till\u00e4mpas vid databehandling<\/h3>\n\n\n\n<p>Vid behandlingen av dina personuppgifter kommer \u00e4garen att till\u00e4mpa f\u00f6ljande principer som uppfyller kraven i den nya europeiska dataskyddsf\u00f6rordningen:<\/p>\n\n\n\n<ul class=\"wp-block-list\">\n<li><strong>Principen om laglighet, lojalitet och \u00f6ppenhet:<\/strong> \u00c4garen kommer alltid att kr\u00e4va samtycke f\u00f6r behandling av dina personuppgifter, vilket kan vara f\u00f6r ett eller flera specifika \u00e4ndam\u00e5l som de kommer att informera dig om i f\u00f6rv\u00e4g med absolut \u00f6ppenhet.<\/li>\n\n\n\n<li><strong>Princip f\u00f6r uppgiftsminimering:<\/strong> Den personuppgiftsansvarige kommer endast att beg\u00e4ra de uppgifter fr\u00e5n dig som \u00e4r absolut n\u00f6dv\u00e4ndiga f\u00f6r det eller de \u00e4ndam\u00e5l f\u00f6r vilka de beg\u00e4rs.<\/li>\n\n\n\n<li><strong>Princip om begr\u00e4nsning av lagringsperioden:<\/strong> Uppgifterna kommer att lagras under den tid som \u00e4r absolut n\u00f6dv\u00e4ndig f\u00f6r \u00e4ndam\u00e5let eller \u00e4ndam\u00e5len med behandlingen.<br\/>\u00c4garen kommer att informera dig om motsvarande lagringsperiod i enlighet med syftet. N\u00e4r det g\u00e4ller prenumerationer kommer kontoinnehavaren med j\u00e4mna mellanrum att granska listorna och ta bort de poster som har varit inaktiva under en l\u00e4ngre tid. <\/li>\n\n\n\n<li><strong>Principen om integritet och konfidentialitet:<\/strong> Dina uppgifter kommer att behandlas p\u00e5 ett s\u00e5dant s\u00e4tt att dess s\u00e4kerhet, konfidentialitet och integritet garanteras. Du b\u00f6r veta att \u00e4garen vidtar n\u00f6dv\u00e4ndiga f\u00f6rsiktighets\u00e5tg\u00e4rder f\u00f6r att f\u00f6rhindra obeh\u00f6rig \u00e5tkomst eller felaktig anv\u00e4ndning av sina anv\u00e4ndares data av tredje part. <\/li>\n<\/ul>\n\n\n\n<h3 class=\"wp-block-heading\" id=\"obtencin-de-datos-personales\">Insamling av personuppgifter<\/h3>\n\n\n\n<p>F\u00f6r att bl\u00e4ddra <strong><strong>prensaescrita.org<\/strong><\/strong> beh\u00f6ver du inte ange n\u00e5gra personuppgifter. De fall d\u00e4r du tillhandah\u00e5ller dina personuppgifter \u00e4r f\u00f6ljande: <\/p>\n\n\n\n<ul class=\"wp-block-list\">\n<li>Genom att kontakta via kontaktformul\u00e4ren eller skicka ett e-postmeddelande.<\/li>\n\n\n\n<li>N\u00e4r du p\u00e5b\u00f6rjar f\u00f6rhandlingsf\u00f6rfarandena f\u00f6r n\u00e5gon av fastigheterna till salu.<\/li>\n\n\n\n<li>Genom att anm\u00e4la intresse f\u00f6r att annonsera en fastighet p\u00e5 v\u00e5r webbplats.<\/li>\n\n\n\n<li>N\u00e4r du kommenterar en artikel eller sida.<\/li>\n<\/ul>\n\n\n\n<h3 class=\"wp-block-heading\" id=\"tus-derechos\">Dina r\u00e4ttigheter<\/h3>\n\n\n\n<p>\u00c4garen informerar dig om att du har r\u00e4tt att:<\/p>\n\n\n\n<ul class=\"wp-block-list\">\n<li>Beg\u00e4r tillg\u00e5ng till lagrade data.<\/li>\n\n\n\n<li>Beg\u00e4ra r\u00e4ttelse eller annullering.<\/li>\n\n\n\n<li>Beg\u00e4ra begr\u00e4nsning av dess behandling.<\/li>\n\n\n\n<li>Mots\u00e4tta sig behandling.<\/li>\n\n\n\n<li>Beg\u00e4ra portabilitet av dina uppgifter.<\/li>\n<\/ul>\n\n\n\n<p>Ut\u00f6vandet av dessa r\u00e4ttigheter \u00e4r personligt och m\u00e5ste d\u00e4rf\u00f6r ut\u00f6vas direkt av den ber\u00f6rda parten och beg\u00e4ra det direkt fr\u00e5n \u00e4garen, vilket inneb\u00e4r att alla kunder, prenumeranter eller samarbetspartners som har tillhandah\u00e5llit sina uppgifter n\u00e4r som helst kan kontakta \u00e4garen och be om information om de uppgifter de har lagrat och hur de har f\u00e5tt dem,  beg\u00e4ra r\u00e4ttelse av dessa, beg\u00e4ra portabilitet av sina personuppgifter, mots\u00e4tta sig behandlingen, begr\u00e4nsa deras anv\u00e4ndning eller beg\u00e4ra annullering av dessa uppgifter i \u00e4garens filer.<\/p>\n\n\n\n<p>F\u00f6r att ut\u00f6va dina r\u00e4ttigheter till tillg\u00e5ng, r\u00e4ttelse, annullering, portabilitet och inv\u00e4ndning m\u00e5ste du skicka ett e-postmeddelande till <strong>contacto@<strong>prensaescrita.org<\/strong><\/strong> tillsammans med giltiga juridiska bevis, t.ex. en kopia av ditt ID-kort eller motsvarande.<\/p>\n\n\n\n<p>Du har r\u00e4tt till ett effektivt r\u00e4ttsligt skydd och att l\u00e4mna in ett klagom\u00e5l till tillsynsmyndigheten, i detta fall den spanska dataskyddsmyndigheten, om du anser att behandlingen av personuppgifter som r\u00f6r dig bryter mot f\u00f6rordningen.<\/p>\n\n\n\n<h3 class=\"wp-block-heading\" id=\"finalidad-del-tratamiento-de-datos-personales\">Syftet med behandlingen av personuppgifter<\/h3>\n\n\n\n<p>N\u00e4r du ansluter till <strong><strong>den prensaescrita.org<\/strong><\/strong> webbplatsen f\u00f6r att skicka ett e-postmeddelande till \u00e4garen, prenumerera p\u00e5 deras nyhetsbrev eller ing\u00e5 ett avtal, tillhandah\u00e5ller du personlig information som \u00e4garen \u00e4r ansvarig f\u00f6r. Denna information kan inneh\u00e5lla personuppgifter som din IP-adress, f\u00f6r- och efternamn, fysisk adress, e-postadress, telefonnummer och annan information. Genom att tillhandah\u00e5lla denna information samtycker du till att din information samlas in, anv\u00e4nds, hanteras och lagras av superadmin.es, endast p\u00e5 det s\u00e4tt som beskrivs i det juridiska meddelandet och denna sekretesspolicy.  <\/p>\n\n\n\n<p>Personuppgifter och syftet med \u00e4garens behandling \u00e4r olika beroende p\u00e5 systemet f\u00f6r informationsinh\u00e4mtning:<\/p>\n\n\n\n<ul class=\"wp-block-list\">\n<li><strong>Kontaktformul\u00e4r:<\/strong> \u00c4garen beg\u00e4r personuppgifter, som kan inkludera: Namn och efternamn, e-postadress, telefonnummer och adress till din webbplats f\u00f6r att kunna svara p\u00e5 dina fr\u00e5gor.<br\/>Till exempel anv\u00e4nder \u00e4garen dessa uppgifter f\u00f6r att svara p\u00e5 dina meddelanden, tvivel, klagom\u00e5l, kommentarer eller bekymmer som du kan ha ang\u00e5ende informationen p\u00e5 webbplatsen, de tj\u00e4nster som tillhandah\u00e5lls via webbplatsen, behandlingen av dina personuppgifter, fr\u00e5gor relaterade till de juridiska texterna som ing\u00e5r p\u00e5 webbplatsen,  samt alla andra fr\u00e5gor du kan ha som inte omfattas av villkoren p\u00e5 webbplatsen eller kontraktet.<\/li>\n<\/ul>\n\n\n\n<p>Det finns andra \u00e4ndam\u00e5l f\u00f6r vilka \u00e4garen behandlar dina personuppgifter:<\/p>\n\n\n\n<ul class=\"wp-block-list\">\n<li>F\u00f6r att s\u00e4kerst\u00e4lla efterlevnad av de villkor som anges i det juridiska meddelandet och till\u00e4mplig lag. Detta kan innefatta att utveckla verktyg och algoritmer som hj\u00e4lper denna webbplats att s\u00e4kerst\u00e4lla konfidentialiteten f\u00f6r de personuppgifter som den samlar in. <\/li>\n\n\n\n<li>F\u00f6r att st\u00f6dja och f\u00f6rb\u00e4ttra de tj\u00e4nster <strong><strong>som erbjuds av prensaescrita.org<\/strong><\/strong>.<\/li>\n\n\n\n<li>F\u00f6r att analysera navigering. \u00c4garen samlar in andra icke-identifierande uppgifter som erh\u00e5lls genom anv\u00e4ndning av cookies som laddas ner till din dator n\u00e4r du surfar p\u00e5 webbplatsen, vars egenskaper och syfte beskrivs i cookiepolicyn. <\/li>\n\n\n\n<li>F\u00f6r att hantera sociala n\u00e4tverk. \u00c4garen har en n\u00e4rvaro p\u00e5 sociala n\u00e4tverk. Om du blir f\u00f6ljare p\u00e5 \u00e4garens sociala n\u00e4tverk kommer behandlingen av personuppgifter att styras av detta avsnitt, samt av de anv\u00e4ndarvillkor, sekretesspolicyer och \u00e5tkomstregler som tillh\u00f6r det sociala n\u00e4tverket och som \u00e4r l\u00e4mpliga i varje enskilt fall och som du tidigare har accepterat.  <\/li>\n<\/ul>\n\n\n\n<p>Du kan l\u00e4sa sekretesspolicyn f\u00f6r de viktigaste sociala n\u00e4tverken p\u00e5 dessa l\u00e4nkar:<\/p>\n\n\n\n<ul class=\"wp-block-list\">\n<li>Facebook Facebook (p\u00e5 engelska<\/li>\n\n\n\n<li>Kvitter<\/li>\n\n\n\n<li>Linkedin (p\u00e5 engelska)<\/li>\n\n\n\n<li>P\u00e5 YouTube (p\u00e5 engelska<\/li>\n\n\n\n<li>F\u00f6lj dig p\u00e5 Instagram<\/li>\n<\/ul>\n\n\n\n<p>\u00c4garen kommer att behandla dina personuppgifter f\u00f6r att korrekt hantera sin n\u00e4rvaro p\u00e5 det sociala n\u00e4tverket, informera dig om dess aktiviteter, produkter eller tj\u00e4nster, samt f\u00f6r alla andra \u00e4ndam\u00e5l som reglerna f\u00f6r de sociala n\u00e4tverken till\u00e5ter.<\/p>\n\n\n\n<p>\u00c4garen kommer under inga omst\u00e4ndigheter att anv\u00e4nda f\u00f6ljarnas profiler p\u00e5 sociala n\u00e4tverk f\u00f6r att skicka reklam individuellt.<\/p>\n\n\n\n<h3 class=\"wp-block-heading\" id=\"seguridad-de-los-datos-personales\">S\u00e4kerhet f\u00f6r personuppgifter<\/h3>\n\n\n\n<p>F\u00f6r att skydda dina personuppgifter vidtar \u00e4garen alla rimliga f\u00f6rsiktighets\u00e5tg\u00e4rder och f\u00f6ljer branschens b\u00e4sta praxis f\u00f6r att f\u00f6rhindra f\u00f6rlust, missbruk, otillb\u00f6rlig \u00e5tkomst, avsl\u00f6jande, \u00e4ndring eller f\u00f6rst\u00f6relse av desamma.<\/p>\n\n\n\n<p>Webbplatsen \u00e4r v\u00e4rd f\u00f6r banahosting. S\u00e4kerheten f\u00f6r dina uppgifter \u00e4r garanterad, eftersom de vidtar alla n\u00f6dv\u00e4ndiga s\u00e4kerhets\u00e5tg\u00e4rder f\u00f6r det. Du kan l\u00e4sa deras sekretesspolicy f\u00f6r mer information.  <\/p>\n\n\n\n<h3 class=\"wp-block-heading\" id=\"contenido-de-otros-sitios-web\">Inneh\u00e5ll fr\u00e5n andra webbplatser<\/h3>\n\n\n\n<p><strong>cultivoshidroponicos.org<\/strong> sidor kan inneh\u00e5lla inb\u00e4ddat inneh\u00e5ll (t.ex. videor, bilder, artiklar osv.). Inb\u00e4ddat inneh\u00e5ll fr\u00e5n andra webbplatser beter sig p\u00e5 exakt samma s\u00e4tt som om du hade bes\u00f6kt den andra webbplatsen. <\/p>\n\n\n\n<p>Dessa webbplatser kan samla in data om dig, anv\u00e4nda cookies, b\u00e4dda in ytterligare en sp\u00e5rningskod fr\u00e5n tredje part och \u00f6vervaka din interaktion med hj\u00e4lp av denna kod.<\/p>\n\n\n\n<h3 class=\"wp-block-heading\" id=\"poltica-de-cookies\">Policy f\u00f6r cookies<\/h3>\n\n\n\n<p>F\u00f6r att denna webbplats ska fungera korrekt beh\u00f6ver du anv\u00e4nda cookies, vilket \u00e4r information som lagras i din webbl\u00e4sare.<\/p>\n\n\n\n<p>P\u00e5 sidan Cookiepolicy kan du l\u00e4sa all information om insamlingspolicyn, syftet och behandlingen av cookies.<\/p>\n\n\n\n<h3 class=\"wp-block-heading\" id=\"legitimacin-para-el-tratamiento-de-datos\">Legitimitet f\u00f6r databehandling<\/h3>\n\n\n\n<p>Den r\u00e4ttsliga grunden f\u00f6r behandlingen av dina uppgifter \u00e4r: samtycke.<\/p>\n\n\n\n<p>F\u00f6r att kontakta \u00e4garen, prenumerera p\u00e5 ett nyhetsbrev eller l\u00e4mna kommentarer p\u00e5 denna webbplats m\u00e5ste du acceptera denna sekretesspolicy.<\/p>\n\n\n\n<h3 class=\"wp-block-heading\" id=\"categoras-de-datos-personales\">Kategorier av personuppgifter<\/h3>\n\n\n\n<p>De kategorier av personuppgifter som behandlas av \u00e4garen \u00e4r:<\/p>\n\n\n\n<ul class=\"wp-block-list\">\n<li>Identifieringsuppgifter.<\/li>\n<\/ul>\n\n\n\n<h3 class=\"wp-block-heading\" id=\"conservacin-de-datos-personales\">Lagring av personuppgifter<\/h3>\n\n\n\n<p>De personuppgifter som du l\u00e4mnar till \u00e4garen kommer att beh\u00e5llas tills du beg\u00e4r att de ska raderas.<\/p>\n\n\n\n<h3 class=\"wp-block-heading\" id=\"destinatarios-de-datos-personales\">Mottagare av personuppgifter<\/h3>\n\n\n\n<ul class=\"wp-block-list\">\n<li><strong>Mailchimp (Mailchimp<\/strong> ) Rocket Science Group LLC d\/b\/a, med s\u00e4te i USA.<br\/>Du hittar mer information p\u00e5: <strong><a href=\"https:\/\/mailchimp.com\/\" target=\"_blank\" rel=\"noreferrer noopener\">https:\/\/mailchimp.com<\/a><\/strong><br\/>Rocket Science Group LLC d\/b\/a behandlar uppgifterna i syfte att tillhandah\u00e5lla sina e-posttj\u00e4nster till \u00e4garen.<\/li>\n\n\n\n<li><strong>Google Analytics<\/strong> \u00e4r en webbanalystj\u00e4nst som tillhandah\u00e5lls av Google, Inc., ett Delaware-f\u00f6retag vars huvudkontor ligger p\u00e5 1600 Amphitheatre Parkway, Mountain View (Kalifornien), CA 94043, USA (&#8221;Google&#8221;). Du hittar mer information p\u00e5: <strong><a href=\"https:\/\/analytics.google.com\/\" target=\"_blank\" rel=\"noreferrer noopener\">https:\/\/analytics.google.com<\/a><\/strong><br\/>Google Analytics anv\u00e4nder &#8221;cookies&#8221;, som \u00e4r textfiler som placeras p\u00e5 din dator, f\u00f6r att hj\u00e4lpa \u00e4garen att analysera anv\u00e4ndningen av anv\u00e4ndarna av webbplatsen. Informationen som genereras av cookien om din anv\u00e4ndning av webbplatsen (inklusive din IP-adress) kommer att \u00f6verf\u00f6ras direkt till och lagras av Google p\u00e5 servrar i USA. <\/li>\n<\/ul>\n\n\n\n<p>Du kan ocks\u00e5 se en lista \u00f6ver de typer av cookies som anv\u00e4nds av Google och dess partners, samt information om deras anv\u00e4ndning av annonscookies.<\/p>\n\n\n\n<h3 class=\"wp-block-heading\" id=\"navegacin-web\">Surfning<\/h3>\n\n\n\n<p>N\u00e4r du surfar <strong><strong>kan prensaescrita.org<\/strong><\/strong> icke-identifierande uppgifter samlas in, vilket kan inkludera IP-adress, geolokalisering, ett register \u00f6ver hur tj\u00e4nsterna och webbplatserna anv\u00e4nds, surfvanor och annan data som inte kan anv\u00e4ndas f\u00f6r att identifiera dig.<\/p>\n\n\n\n<p>Webbplatsen anv\u00e4nder f\u00f6ljande analystj\u00e4nster fr\u00e5n tredje part:<\/p>\n\n\n\n<p>TA BORT DE DU INTE ANV\u00c4NDER:<\/p>\n\n\n\n<ul class=\"wp-block-list\">\n<li>Google Analytics<\/li>\n\n\n\n<li>DoubleClick fr\u00e5n Google<\/li>\n<\/ul>\n\n\n\n<p>\u00c4garen anv\u00e4nder den erh\u00e5llna informationen f\u00f6r att f\u00e5 statistiska data, analysera trender, administrera webbplatsen, studera surfm\u00f6nster och f\u00f6r att samla in demografisk information.<\/p>\n\n\n\n<h3 class=\"wp-block-heading\" id=\"exactitud-y-veracidad-de-los-datos-personales\">Personuppgifternas riktighet och sanningshalt<\/h3>\n\n\n\n<p>Du \u00e5tar dig att se till att de uppgifter som l\u00e4mnas till Kontoinnehavaren \u00e4r korrekta, fullst\u00e4ndiga, korrekta och aktuella, samt att h\u00e5lla dem vederb\u00f6rligen uppdaterade.<\/p>\n\n\n\n<p>Som anv\u00e4ndare av webbplatsen \u00e4r du ensam ansvarig f\u00f6r sanningshalten och riktigheten i de uppgifter du skickar till webbplatsen, vilket befriar \u00e4garen fr\u00e5n allt ansvar i detta avseende.<\/p>\n\n\n\n<h3 class=\"wp-block-heading\" id=\"aceptacin-y-consentimiento\">Acceptans och samtycke<\/h3>\n\n\n\n<p>Som anv\u00e4ndare av webbplatsen f\u00f6rklarar du att du har blivit informerad om villkoren f\u00f6r skydd av personuppgifter, du accepterar och samtycker till att \u00e4garen behandlar dem p\u00e5 det s\u00e4tt och f\u00f6r de \u00e4ndam\u00e5l som anges i denna sekretesspolicy.<\/p>\n\n\n\n<h3 class=\"wp-block-heading\" id=\"revocabilidad\">M\u00f6jlighet till \u00e5terkallelse<\/h3>\n\n\n\n<p>F\u00f6r att ut\u00f6va dina r\u00e4ttigheter till tillg\u00e5ng, r\u00e4ttelse, annullering, portabilitet och inv\u00e4ndning m\u00e5ste du skicka ett e-postmeddelande till <strong>contacto@<strong>prensaescrita.org<\/strong><\/strong> tillsammans med giltiga juridiska bevis, t.ex. en kopia av ditt ID-kort eller motsvarande.<\/p>\n\n\n\n<p>Ut\u00f6vandet av dina r\u00e4ttigheter omfattar inte n\u00e5gra uppgifter som \u00e4garen \u00e4r skyldig att beh\u00e5lla f\u00f6r administrativa, juridiska eller s\u00e4kerhets\u00e4ndam\u00e5l.<\/p>\n\n\n\n<h3 class=\"wp-block-heading\" id=\"cambios-en-la-poltica-de-privacidad\">\u00c4ndringar i integritetspolicyn<\/h3>\n\n\n\n<p>\u00c4garen f\u00f6rbeh\u00e5ller sig r\u00e4tten att \u00e4ndra denna sekretesspolicy f\u00f6r att anpassa den till ny lagstiftning eller r\u00e4ttspraxis, s\u00e5v\u00e4l som till branschpraxis.<\/p>\n\n\n\n<p>Dessa policyer kommer att g\u00e4lla tills de \u00e4ndras av andra vederb\u00f6rligen publicerade policyer.<\/p>\n<\/div>\n","protected":false},"excerpt":{"rendered":"<p>prensaescrita.org informerar dig om sin sekretesspolicy ang\u00e5ende behandling och skydd av personuppgifter om anv\u00e4ndare och kunder som kan samlas in genom att surfa eller anlita tj\u00e4nster via den prensaescrita.org webbplatsen. I denna mening garanterar \u00e4garen att g\u00e4llande best\u00e4mmelser om skydd av personuppgifter f\u00f6ljs, vilket \u00e5terspeglas i organisk lag 3\/2018, av den 5 december, om skydd &#8230; <a title=\"Integritetspolicy\" class=\"read-more\" href=\"https:\/\/prensaescrita.org\/sv\/integritetspolicy\/\" aria-label=\"L\u00e4s mer om Integritetspolicy\">L\u00e4s mer<\/a><\/p>\n","protected":false},"author":2,"featured_media":0,"parent":0,"menu_order":0,"comment_status":"closed","ping_status":"closed","template":"","meta":{"footnotes":""},"class_list":{"0":"post-3370","1":"page","2":"type-page","3":"status-publish","5":"infinite-scroll-item"},"_links":{"self":[{"href":"https:\/\/prensaescrita.org\/sv\/wp-json\/wp\/v2\/pages\/3370","targetHints":{"allow":["GET"]}}],"collection":[{"href":"https:\/\/prensaescrita.org\/sv\/wp-json\/wp\/v2\/pages"}],"about":[{"href":"https:\/\/prensaescrita.org\/sv\/wp-json\/wp\/v2\/types\/page"}],"author":[{"embeddable":true,"href":"https:\/\/prensaescrita.org\/sv\/wp-json\/wp\/v2\/users\/2"}],"replies":[{"embeddable":true,"href":"https:\/\/prensaescrita.org\/sv\/wp-json\/wp\/v2\/comments?post=3370"}],"version-history":[{"count":1,"href":"https:\/\/prensaescrita.org\/sv\/wp-json\/wp\/v2\/pages\/3370\/revisions"}],"predecessor-version":[{"id":3371,"href":"https:\/\/prensaescrita.org\/sv\/wp-json\/wp\/v2\/pages\/3370\/revisions\/3371"}],"wp:attachment":[{"href":"https:\/\/prensaescrita.org\/sv\/wp-json\/wp\/v2\/media?parent=3370"}],"curies":[{"name":"wp","href":"https:\/\/api.w.org\/{rel}","templated":true}]}}