{"id":3385,"date":"2025-03-08T17:06:14","date_gmt":"2025-03-08T17:06:14","guid":{"rendered":"https:\/\/prensaescrita.org\/politica-de-cookies\/"},"modified":"2025-03-18T11:45:35","modified_gmt":"2025-03-18T11:45:35","slug":"politica-de-cookies","status":"publish","type":"page","link":"https:\/\/prensaescrita.org\/pt-br\/politica-de-cookies\/","title":{"rendered":"Pol\u00edtica de Cookies"},"content":{"rendered":"\n<div class=\"gb-element-19fa11e7\">\n<p>Cookies s\u00e3o pequenas quantidades de informa\u00e7\u00f5es que s\u00e3o armazenadas no navegador usado por cada usu\u00e1rio para que o servidor se lembre de certas informa\u00e7\u00f5es que pode usar posteriormente.<\/p>\n\n\n\n<h4 class=\"wp-block-heading\">Tipos de cookies que usamos<\/h4>\n\n\n\n<p>Este site usa cookies de terceiros, que s\u00e3o aqueles que s\u00e3o enviados para o seu computador ou terminal a partir de um dom\u00ednio ou site que n\u00e3o \u00e9 gerenciado por n\u00f3s, mas por outra entidade que processa os dados obtidos por meio de cookies.<\/p>\n\n\n\n<p>Neste caso, os Cookies s\u00e3o utilizados para fins estat\u00edsticos relacionados com as visitas que recebe e as p\u00e1ginas que s\u00e3o consultadas, sendo aceite a sua utiliza\u00e7\u00e3o ao navegar no mesmo.<\/p>\n\n\n\n<figure class=\"wp-block-table\"><table class=\"has-fixed-layout\"><tbody><tr><th>BISCOITO<br\/>(E FORNECEDOR)<\/th><th>DURA\u00c7\u00c3O<\/th><th>DESCRI\u00c7\u00c3O<\/th><\/tr><tr><td>__cfduid (notin.es)<\/td><td>Sess\u00e3o<\/td><td>Publicidade<\/td><\/tr><tr><td>personalization_id (twitter.com)<\/td><td>Sess\u00e3o<\/td><td>Gorjeio<\/td><\/tr><tr><td>Linkedin<\/td><td>Publicidade, estat\u00edsticas e medi\u00e7\u00f5es<\/td><td>Ele coloca cookies em seu computador ou dispositivo e recebe as informa\u00e7\u00f5es armazenadas neles quando voc\u00ea usa ou visita servi\u00e7os fornecidos por outras empresas que usam os servi\u00e7os do Facebook.<\/td><\/tr><tr><td>_ga (Google)<\/td><td>2 anos<\/td><td>\u00c9 usado para distinguir usu\u00e1rios.<\/td><\/tr><tr><td>_gid (Google)<\/td><td>24 horas<\/td><td>\u00c9 usado para distinguir usu\u00e1rios.<\/td><\/tr><tr><td>_gat (Google)<\/td><td>1 minuto<\/td><td>\u00c9 usado para limitar a porcentagem de solicita\u00e7\u00f5es. Se voc\u00ea implementou o Google Analytics usando o Gerenciador de tags do Google, esse cookie ser\u00e1 chamado de _dc_gtm_<property-id>. <\/property-id><\/td><\/tr><tr><td>_gali (Google)<\/td><td>anos 30<\/td><td>Atribui\u00e7\u00e3o de link aprimorada.<\/td><\/tr><tr><td>_unam (COMPARTILHE)<\/td><td>Persistente<\/td><td>Seu objetivo \u00e9 quantificar o n\u00famero de usu\u00e1rios que compartilham um determinado conte\u00fado e quantas p\u00e1ginas da web s\u00e3o visitadas como resultado dessa a\u00e7\u00e3o.<\/td><\/tr><tr><td>WordPress<\/td><td>2 anos<\/td><td>Usado para o bom funcionamento do sistema de gerenciamento de conte\u00fado WordPress.<\/td><\/tr><\/tbody><\/table><\/figure>\n\n\n\n<p>Para obter mais informa\u00e7\u00f5es sobre os tipos de cookies de rastreamento e an\u00e1lise de dados do Google <a href=\"https:\/\/www.google.com\/intl\/es_es\/policies\/technologies\/types\/\" target=\"_blank\" rel=\"noreferrer noopener\">, clique aqui<\/a>.<\/p>\n\n\n\n<p>Para saber como excluir cookies do seu navegador:<\/p>\n\n\n\n<ul class=\"wp-block-list\">\n<li><a href=\"https:\/\/support.mozilla.org\/es\/kb\/habilitar-y-deshabilitar-cookies-sitios-web-rastrear-preferencias\" target=\"_blank\" rel=\"noreferrer noopener\">Raposa de fogo<\/a><\/li>\n\n\n\n<li><a href=\"https:\/\/support.google.com\/chrome\/answer\/95647?hl=es\" target=\"_blank\" rel=\"noreferrer noopener\">Cromar<\/a><\/li>\n\n\n\n<li><a href=\"https:\/\/support.apple.com\/kb\/PH19214?viewlocale=es_ES&amp;locale=es_ES\" target=\"_blank\" rel=\"noreferrer noopener\">Saf\u00e1ri<\/a><\/li>\n<\/ul>\n<\/div>\n","protected":false},"excerpt":{"rendered":"<p>Cookies s\u00e3o pequenas quantidades de informa\u00e7\u00f5es que s\u00e3o armazenadas no navegador usado por cada usu\u00e1rio para que o servidor se lembre de certas informa\u00e7\u00f5es que pode usar posteriormente. Tipos de cookies que usamos Este site usa cookies de terceiros, que s\u00e3o aqueles que s\u00e3o enviados para o seu computador ou terminal a partir de um &#8230; <a title=\"Pol\u00edtica de Cookies\" class=\"read-more\" href=\"https:\/\/prensaescrita.org\/pt-br\/politica-de-cookies\/\" aria-label=\"Read more about Pol\u00edtica de Cookies\">Leia mais<\/a><\/p>\n","protected":false},"author":2,"featured_media":0,"parent":0,"menu_order":0,"comment_status":"closed","ping_status":"closed","template":"","meta":{"footnotes":""},"class_list":{"0":"post-3385","1":"page","2":"type-page","3":"status-publish","5":"infinite-scroll-item"},"_hostinger_reach_plugin_has_subscription_block":false,"_hostinger_reach_plugin_is_elementor":false,"_links":{"self":[{"href":"https:\/\/prensaescrita.org\/pt-br\/wp-json\/wp\/v2\/pages\/3385","targetHints":{"allow":["GET"]}}],"collection":[{"href":"https:\/\/prensaescrita.org\/pt-br\/wp-json\/wp\/v2\/pages"}],"about":[{"href":"https:\/\/prensaescrita.org\/pt-br\/wp-json\/wp\/v2\/types\/page"}],"author":[{"embeddable":true,"href":"https:\/\/prensaescrita.org\/pt-br\/wp-json\/wp\/v2\/users\/2"}],"replies":[{"embeddable":true,"href":"https:\/\/prensaescrita.org\/pt-br\/wp-json\/wp\/v2\/comments?post=3385"}],"version-history":[{"count":1,"href":"https:\/\/prensaescrita.org\/pt-br\/wp-json\/wp\/v2\/pages\/3385\/revisions"}],"predecessor-version":[{"id":3387,"href":"https:\/\/prensaescrita.org\/pt-br\/wp-json\/wp\/v2\/pages\/3385\/revisions\/3387"}],"wp:attachment":[{"href":"https:\/\/prensaescrita.org\/pt-br\/wp-json\/wp\/v2\/media?parent=3385"}],"curies":[{"name":"wp","href":"https:\/\/api.w.org\/{rel}","templated":true}]}}