{"id":3373,"date":"2025-03-08T17:05:14","date_gmt":"2025-03-08T17:05:14","guid":{"rendered":"https:\/\/prensaescrita.org\/politica-de-privacidade\/"},"modified":"2025-03-18T11:45:35","modified_gmt":"2025-03-18T11:45:35","slug":"politica-de-privacidade","status":"publish","type":"page","link":"https:\/\/prensaescrita.org\/pt-br\/politica-de-privacidade\/","title":{"rendered":"Pol\u00edtica de privacidade"},"content":{"rendered":"\n<div class=\"gb-element-9f66d1d1\">\n<p><strong>prensaescrita.org<\/strong> informa sobre sua Pol\u00edtica de Privacidade no que diz respeito ao processamento e prote\u00e7\u00e3o dos dados pessoais de usu\u00e1rios e clientes que possam ser coletados navegando ou contratando servi\u00e7os atrav\u00e9s do site <strong><strong>prensaescrita.org<\/strong><\/strong>.<\/p>\n\n\n\n<p>Neste sentido, o Titular garante o cumprimento da normativa vigente sobre prote\u00e7\u00e3o de dados pessoais, refletida na Lei Org\u00e2nica 3\/2018, de 5 de dezembro, sobre Prote\u00e7\u00e3o de Dados Pessoais e Garantia de Direitos Digitais (LOPD GDD). Tamb\u00e9m est\u00e1 em conformidade com o Regulamento (UE) 2016\/679 do Parlamento Europeu e do Conselho, de 27 de abril de 2016, relativo \u00e0 prote\u00e7\u00e3o das pessoas singulares (RGPD). <\/p>\n\n\n\n<p>A utiliza\u00e7\u00e3o <strong>do site cultivoshidroponicos.org<\/strong> implica a aceita\u00e7\u00e3o desta Pol\u00edtica de Privacidade, bem como das condi\u00e7\u00f5es inclu\u00eddas no Aviso Legal.<\/p>\n\n\n\n<h3 class=\"wp-block-heading\" id=\"identidad-del-responsable\">Identidade da pessoa respons\u00e1vel<\/h3>\n\n\n\n<ul class=\"wp-block-list\">\n<li>E-mail: <strong>contacto@<strong>prensaescrita.org<\/strong><\/strong><\/li>\n\n\n\n<li>Local na rede Internet: <strong><strong>prensaescrita.org<\/strong><\/strong><\/li>\n<\/ul>\n\n\n\n<h3 class=\"wp-block-heading\" id=\"principios-aplicados-en-el-tratamiento-de-datos\">Princ\u00edpios aplicados no processamento de dados<\/h3>\n\n\n\n<p>No processamento de seus dados pessoais, o Propriet\u00e1rio aplicar\u00e1 os seguintes princ\u00edpios que atendem aos requisitos do novo regulamento europeu de prote\u00e7\u00e3o de dados:<\/p>\n\n\n\n<ul class=\"wp-block-list\">\n<li><strong>Princ\u00edpio da licitude, lealdade e transpar\u00eancia:<\/strong> O Propriet\u00e1rio sempre exigir\u00e1 o consentimento para o processamento de seus dados pessoais, que pode ser para uma ou mais finalidades espec\u00edficas sobre as quais o informar\u00e3o com anteced\u00eancia com absoluta transpar\u00eancia.<\/li>\n\n\n\n<li><strong>Princ\u00edpio da minimiza\u00e7\u00e3o de dados:<\/strong> O Controlador de Dados s\u00f3 solicitar\u00e1 de voc\u00ea os dados estritamente necess\u00e1rios para a finalidade ou finalidades para as quais s\u00e3o solicitados.<\/li>\n\n\n\n<li><strong>Princ\u00edpio da limita\u00e7\u00e3o do per\u00edodo de conserva\u00e7\u00e3o:<\/strong> Os dados ser\u00e3o conservados durante o tempo estritamente necess\u00e1rio para a finalidade ou finalidades do tratamento.<br\/>O Propriet\u00e1rio ir\u00e1 inform\u00e1-lo sobre o per\u00edodo de armazenamento correspondente de acordo com a finalidade. No caso de assinaturas, o Titular de Conta revisar\u00e1 periodicamente as listas e excluir\u00e1 os registros que estiverem inativos por um tempo consider\u00e1vel. <\/li>\n\n\n\n<li><strong>Princ\u00edpio da integridade e confidencialidade:<\/strong> Os seus dados ser\u00e3o tratados de forma a garantir a sua seguran\u00e7a, confidencialidade e integridade. Voc\u00ea deve saber que o Propriet\u00e1rio toma as precau\u00e7\u00f5es necess\u00e1rias para evitar o acesso n\u00e3o autorizado ou o uso indevido dos dados de seus usu\u00e1rios por terceiros. <\/li>\n<\/ul>\n\n\n\n<h3 class=\"wp-block-heading\" id=\"obtencin-de-datos-personales\">Coleta de dados pessoais<\/h3>\n\n\n\n<p>Para navegar <strong><strong>prensaescrita.org<\/strong><\/strong> n\u00e3o precisa de fornecer quaisquer dados pessoais. Os casos em que voc\u00ea fornece seus dados pessoais s\u00e3o os seguintes: <\/p>\n\n\n\n<ul class=\"wp-block-list\">\n<li>Entrando em contato atrav\u00e9s dos formul\u00e1rios de contato ou enviando um e-mail.<\/li>\n\n\n\n<li>Ao iniciar os procedimentos de negocia\u00e7\u00e3o de qualquer um dos im\u00f3veis \u00e0 venda.<\/li>\n\n\n\n<li>Ao declarar interesse em anunciar um im\u00f3vel em nosso site.<\/li>\n\n\n\n<li>Quando voc\u00ea comenta em um artigo ou p\u00e1gina.<\/li>\n<\/ul>\n\n\n\n<h3 class=\"wp-block-heading\" id=\"tus-derechos\">Seus direitos<\/h3>\n\n\n\n<p>O Propriet\u00e1rio informa que voc\u00ea tem o direito de:<\/p>\n\n\n\n<ul class=\"wp-block-list\">\n<li>Solicite acesso aos dados armazenados.<\/li>\n\n\n\n<li>Solicite uma retifica\u00e7\u00e3o ou cancelamento.<\/li>\n\n\n\n<li>Solicitar a limita\u00e7\u00e3o de seu processamento.<\/li>\n\n\n\n<li>Oponha-se ao tratamento.<\/li>\n\n\n\n<li>Solicite a portabilidade dos seus dados.<\/li>\n<\/ul>\n\n\n\n<p>O exerc\u00edcio destes direitos \u00e9 pessoal e, portanto, deve ser exercido diretamente pelo interessado, solicitando-o diretamente ao Propriet\u00e1rio, o que significa que qualquer cliente, assinante ou colaborador que tenha fornecido seus dados a qualquer momento pode entrar em contato com o Propriet\u00e1rio e solicitar informa\u00e7\u00f5es sobre os dados que armazenou e como os obteve,  solicitar a retifica\u00e7\u00e3o dos mesmos, solicitar a portabilidade de seus dados pessoais, opor-se ao processamento, limitar seu uso ou solicitar o cancelamento desses dados nos arquivos do Propriet\u00e1rio.<\/p>\n\n\n\n<p>Para exercer os seus direitos de acesso, retifica\u00e7\u00e3o, cancelamento, portabilidade e oposi\u00e7\u00e3o, deve enviar um e-mail para <strong>contacto@<strong>prensaescrita.org<\/strong><\/strong> juntamente com uma prova legal v\u00e1lida, como uma fotoc\u00f3pia do seu bilhete de identidade ou equivalente.<\/p>\n\n\n\n<p>Voc\u00ea tem direito a uma prote\u00e7\u00e3o judicial efetiva e a apresentar uma reclama\u00e7\u00e3o \u00e0 autoridade de supervis\u00e3o, neste caso, a Ag\u00eancia Espanhola de Prote\u00e7\u00e3o de Dados, se considerar que o processamento de dados pessoais que lhe dizem respeito viola o Regulamento.<\/p>\n\n\n\n<h3 class=\"wp-block-heading\" id=\"finalidad-del-tratamiento-de-datos-personales\">Finalidade do tratamento de dados pessoais<\/h3>\n\n\n\n<p>Quando voc\u00ea se conecta ao site <strong><strong>prensaescrita.org<\/strong><\/strong> para enviar um e-mail ao Propriet\u00e1rio, assinar o boletim informativo ou fazer um contrato, voc\u00ea est\u00e1 fornecendo informa\u00e7\u00f5es pessoais pelas quais o Propriet\u00e1rio \u00e9 respons\u00e1vel. Essas informa\u00e7\u00f5es podem incluir dados pessoais, como seu endere\u00e7o IP, nome e sobrenome, endere\u00e7o f\u00edsico, endere\u00e7o de e-mail, n\u00famero de telefone e outras informa\u00e7\u00f5es. Ao fornecer essas informa\u00e7\u00f5es, voc\u00ea concorda que suas informa\u00e7\u00f5es sejam coletadas, usadas, gerenciadas e armazenadas pela superadmin.es, apenas conforme descrito no Aviso Legal e nesta Pol\u00edtica de Privacidade.  <\/p>\n\n\n\n<p>Os dados pessoais e a finalidade do processamento pelo Propriet\u00e1rio s\u00e3o diferentes dependendo do sistema de captura de informa\u00e7\u00f5es:<\/p>\n\n\n\n<ul class=\"wp-block-list\">\n<li><strong>Formul\u00e1rios de contato:<\/strong> O Propriet\u00e1rio solicita dados pessoais, que podem incluir: Nome e sobrenome, endere\u00e7o de e-mail, n\u00famero de telefone e endere\u00e7o do seu site para responder \u00e0s suas consultas.<br\/>Por exemplo, o Propriet\u00e1rio usa esses dados para responder \u00e0s suas mensagens, d\u00favidas, reclama\u00e7\u00f5es, coment\u00e1rios ou preocupa\u00e7\u00f5es que voc\u00ea possa ter em rela\u00e7\u00e3o \u00e0s informa\u00e7\u00f5es inclu\u00eddas no Site, os servi\u00e7os prestados atrav\u00e9s do Site, o processamento de seus dados pessoais, perguntas relacionadas aos textos legais inclu\u00eddos no Site,  bem como qualquer outra consulta que voc\u00ea possa ter que n\u00e3o esteja sujeita \u00e0s condi\u00e7\u00f5es do Site ou do contrato.<\/li>\n<\/ul>\n\n\n\n<p>Existem outras finalidades para as quais o Propriet\u00e1rio processa seus dados pessoais:<\/p>\n\n\n\n<ul class=\"wp-block-list\">\n<li>Para garantir o cumprimento das condi\u00e7\u00f5es estabelecidas no Aviso Legal e na legisla\u00e7\u00e3o aplic\u00e1vel. Isso pode incluir o desenvolvimento de ferramentas e algoritmos que ajudem este site a garantir a confidencialidade dos dados pessoais que coleta. <\/li>\n\n\n\n<li>Apoiar e melhorar os servi\u00e7os oferecidos <strong><strong>pela prensaescrita.org<\/strong><\/strong>.<\/li>\n\n\n\n<li>Para analisar a navega\u00e7\u00e3o. O Propriet\u00e1rio coleta outros dados n\u00e3o identific\u00e1veis que s\u00e3o obtidos atrav\u00e9s do uso de cookies que s\u00e3o baixados para o seu computador quando voc\u00ea navega no site, cujas caracter\u00edsticas e finalidade est\u00e3o detalhadas na Pol\u00edtica de Cookies. <\/li>\n\n\n\n<li>Para gerenciar redes sociais. o Propriet\u00e1rio tem presen\u00e7a nas redes sociais. Se voc\u00ea se tornar um seguidor nas redes sociais do Propriet\u00e1rio, o processamento de dados pessoais ser\u00e1 regido por esta se\u00e7\u00e3o, bem como pelas condi\u00e7\u00f5es de uso, pol\u00edticas de privacidade e regulamentos de acesso que pertencem \u00e0 rede social apropriada em cada caso e que voc\u00ea aceitou previamente.  <\/li>\n<\/ul>\n\n\n\n<p>Pode consultar as pol\u00edticas de privacidade das principais redes sociais nestes links:<\/p>\n\n\n\n<ul class=\"wp-block-list\">\n<li>Linkedin<\/li>\n\n\n\n<li>Gorjeio<\/li>\n\n\n\n<li>Linkedin<\/li>\n\n\n\n<li>YouTube<\/li>\n\n\n\n<li>Linkedin<\/li>\n<\/ul>\n\n\n\n<p>O Propriet\u00e1rio processar\u00e1 seus dados pessoais para gerenciar corretamente sua presen\u00e7a na rede social, inform\u00e1-lo sobre suas atividades, produtos ou servi\u00e7os, bem como para qualquer outra finalidade que os regulamentos das redes sociais permitam.<\/p>\n\n\n\n<p>Sob nenhuma circunst\u00e2ncia o Propriet\u00e1rio usar\u00e1 os perfis de seguidores nas redes sociais para enviar publicidade individualmente.<\/p>\n\n\n\n<h3 class=\"wp-block-heading\" id=\"seguridad-de-los-datos-personales\">Seguran\u00e7a de dados pessoais<\/h3>\n\n\n\n<p>Para proteger seus dados pessoais, o Propriet\u00e1rio toma todas as precau\u00e7\u00f5es razo\u00e1veis e segue as melhores pr\u00e1ticas do setor para evitar sua perda, uso indevido, acesso indevido, divulga\u00e7\u00e3o, altera\u00e7\u00e3o ou destrui\u00e7\u00e3o dos mesmos.<\/p>\n\n\n\n<p>O site \u00e9 hospedado por banahosting. A seguran\u00e7a dos seus dados \u00e9 garantida, pois eles tomam todas as medidas de seguran\u00e7a necess\u00e1rias para isso. Voc\u00ea pode consultar a pol\u00edtica de privacidade para obter mais informa\u00e7\u00f5es.  <\/p>\n\n\n\n<h3 class=\"wp-block-heading\" id=\"contenido-de-otros-sitios-web\">Conte\u00fado de outros sites<\/h3>\n\n\n\n<p><strong>cultivoshidroponicos.org<\/strong> p\u00e1ginas podem incluir conte\u00fado incorporado (por exemplo, v\u00eddeos, imagens, artigos, etc.). O conte\u00fado incorporado de outros sites se comporta exatamente da mesma maneira como se voc\u00ea tivesse visitado o outro site. <\/p>\n\n\n\n<p>Esses sites podem coletar dados sobre voc\u00ea, usar cookies, incorporar um c\u00f3digo de rastreamento adicional de terceiros e monitorar sua intera\u00e7\u00e3o usando esse c\u00f3digo.<\/p>\n\n\n\n<h3 class=\"wp-block-heading\" id=\"poltica-de-cookies\">Pol\u00edtica de Cookies<\/h3>\n\n\n\n<p>Para que este site funcione corretamente, voc\u00ea precisa usar cookies, que s\u00e3o informa\u00e7\u00f5es armazenadas em seu navegador da web.<\/p>\n\n\n\n<p>Na p\u00e1gina Pol\u00edtica de Cookies pode consultar toda a informa\u00e7\u00e3o relativa \u00e0 pol\u00edtica de recolha, \u00e0 finalidade e ao tratamento de cookies.<\/p>\n\n\n\n<h3 class=\"wp-block-heading\" id=\"legitimacin-para-el-tratamiento-de-datos\">Legitimidade para o processamento de dados<\/h3>\n\n\n\n<p>A base legal para o tratamento dos seus dados \u00e9: consentimento.<\/p>\n\n\n\n<p>Para entrar em contato com o Propriet\u00e1rio, assinar um boletim informativo ou fazer coment\u00e1rios neste site, voc\u00ea deve aceitar esta Pol\u00edtica de Privacidade.<\/p>\n\n\n\n<h3 class=\"wp-block-heading\" id=\"categoras-de-datos-personales\">Categorias de Dados Pessoais<\/h3>\n\n\n\n<p>As categorias de dados pessoais tratados pelo Propriet\u00e1rio s\u00e3o:<\/p>\n\n\n\n<ul class=\"wp-block-list\">\n<li>Dados de identifica\u00e7\u00e3o.<\/li>\n<\/ul>\n\n\n\n<h3 class=\"wp-block-heading\" id=\"conservacin-de-datos-personales\">Conserva\u00e7\u00e3o de dados pessoais<\/h3>\n\n\n\n<p>Os dados pessoais que voc\u00ea fornecer ao Propriet\u00e1rio ser\u00e3o mantidos at\u00e9 que voc\u00ea solicite sua exclus\u00e3o.<\/p>\n\n\n\n<h3 class=\"wp-block-heading\" id=\"destinatarios-de-datos-personales\">Destinat\u00e1rios dos dados pessoais<\/h3>\n\n\n\n<ul class=\"wp-block-list\">\n<li><strong>Mailchimp<\/strong> The Rocket Science Group LLC d\/b\/a , domiciliado nos EUA.<br\/>Voc\u00ea pode encontrar mais informa\u00e7\u00f5es em: <strong><a href=\"https:\/\/mailchimp.com\/\" target=\"_blank\" rel=\"noreferrer noopener\">https:\/\/mailchimp.com<\/a><\/strong><br\/>O Rocket Science Group LLC d\/b\/a processa os dados com a finalidade de fornecer seus servi\u00e7os de e-mail ao Propriet\u00e1rio.<\/li>\n\n\n\n<li><strong>O Google Analytics<\/strong> \u00e9 um servi\u00e7o de an\u00e1lise da web fornecido pelo Google, Inc., uma empresa de Delaware com sede em 1600 Amphitheatre Parkway, Mountain View (Calif\u00f3rnia), CA 94043, Estados Unidos (&#8220;Google&#8221;). Voc\u00ea pode encontrar mais informa\u00e7\u00f5es em: <strong><a href=\"https:\/\/analytics.google.com\/\" target=\"_blank\" rel=\"noreferrer noopener\">https:\/\/analytics.google.com<\/a><\/strong><br\/>O Google Analytics usa &#8220;cookies&#8221;, que s\u00e3o arquivos de texto colocados em seu computador, para ajudar o Propriet\u00e1rio a analisar o uso feito pelos usu\u00e1rios do site. As informa\u00e7\u00f5es geradas pelo cookie sobre o uso do site (incluindo seu endere\u00e7o IP) ser\u00e3o transmitidas diretamente e armazenadas pelo Google em servidores nos Estados Unidos. <\/li>\n<\/ul>\n\n\n\n<p>Voc\u00ea tamb\u00e9m pode ver uma lista dos tipos de cookies usados pelo Google e seus parceiros, bem como informa\u00e7\u00f5es sobre o uso de cookies de publicidade.<\/p>\n\n\n\n<h3 class=\"wp-block-heading\" id=\"navegacin-web\">Navega\u00e7\u00e3o na Web<\/h3>\n\n\n\n<p>Ao navegar <strong><strong>prensaescrita.org<\/strong><\/strong> podem ser coletados dados n\u00e3o identificativos, que podem incluir, endere\u00e7o IP, geolocaliza\u00e7\u00e3o, um registro de como os servi\u00e7os e sites s\u00e3o usados, h\u00e1bitos de navega\u00e7\u00e3o e outros dados que n\u00e3o podem ser usados para identific\u00e1-lo.<\/p>\n\n\n\n<p>O site usa os seguintes servi\u00e7os de an\u00e1lise de terceiros:<\/p>\n\n\n\n<p>EXCLUA OS QUE VOC\u00ca N\u00c3O USA:<\/p>\n\n\n\n<ul class=\"wp-block-list\">\n<li>Google Analytics<\/li>\n\n\n\n<li>DoubleClick do Google<\/li>\n<\/ul>\n\n\n\n<p>O Propriet\u00e1rio usa as informa\u00e7\u00f5es obtidas para obter dados estat\u00edsticos, analisar tend\u00eancias, administrar o site, estudar padr\u00f5es de navega\u00e7\u00e3o e coletar informa\u00e7\u00f5es demogr\u00e1ficas.<\/p>\n\n\n\n<h3 class=\"wp-block-heading\" id=\"exactitud-y-veracidad-de-los-datos-personales\">Exatid\u00e3o e veracidade dos dados pessoais<\/h3>\n\n\n\n<p>Voc\u00ea se compromete a garantir que os dados fornecidos ao Titular da Conta sejam corretos, completos, precisos e atuais, bem como a mant\u00ea-los devidamente atualizados.<\/p>\n\n\n\n<p>Como Usu\u00e1rio do Site, voc\u00ea \u00e9 o \u00fanico respons\u00e1vel pela veracidade e exatid\u00e3o dos dados que envia ao site, exonerando o Propriet\u00e1rio de qualquer responsabilidade a esse respeito.<\/p>\n\n\n\n<h3 class=\"wp-block-heading\" id=\"aceptacin-y-consentimiento\">Aceita\u00e7\u00e3o e Consentimento<\/h3>\n\n\n\n<p>Como Usu\u00e1rio do Site, voc\u00ea declara ter sido informado das condi\u00e7\u00f5es de prote\u00e7\u00e3o de dados pessoais, aceita e consente com o processamento dos mesmos pelo Propriet\u00e1rio na forma e para os fins indicados nesta Pol\u00edtica de Privacidade.<\/p>\n\n\n\n<h3 class=\"wp-block-heading\" id=\"revocabilidad\">Revogabilidade<\/h3>\n\n\n\n<p>Para exercer os seus direitos de acesso, retifica\u00e7\u00e3o, cancelamento, portabilidade e oposi\u00e7\u00e3o, deve enviar um e-mail para <strong>contacto@<strong>prensaescrita.org<\/strong><\/strong> juntamente com uma prova legal v\u00e1lida, como uma fotoc\u00f3pia do seu bilhete de identidade ou equivalente.<\/p>\n\n\n\n<p>O exerc\u00edcio dos seus direitos n\u00e3o inclui quaisquer dados que o Propriet\u00e1rio seja obrigado a manter para fins administrativos, legais ou de seguran\u00e7a.<\/p>\n\n\n\n<h3 class=\"wp-block-heading\" id=\"cambios-en-la-poltica-de-privacidad\">Altera\u00e7\u00f5es na Pol\u00edtica de Privacidade<\/h3>\n\n\n\n<p>O Propriet\u00e1rio reserva-se o direito de modificar esta Pol\u00edtica de Privacidade para adapt\u00e1-la \u00e0 nova legisla\u00e7\u00e3o ou jurisprud\u00eancia, bem como \u00e0s pr\u00e1ticas do setor.<\/p>\n\n\n\n<p>Essas pol\u00edticas estar\u00e3o em vigor at\u00e9 serem modificadas por outras pol\u00edticas devidamente publicadas.<\/p>\n<\/div>\n","protected":false},"excerpt":{"rendered":"<p>prensaescrita.org informa sobre sua Pol\u00edtica de Privacidade no que diz respeito ao processamento e prote\u00e7\u00e3o dos dados pessoais de usu\u00e1rios e clientes que possam ser coletados navegando ou contratando servi\u00e7os atrav\u00e9s do site prensaescrita.org. Neste sentido, o Titular garante o cumprimento da normativa vigente sobre prote\u00e7\u00e3o de dados pessoais, refletida na Lei Org\u00e2nica 3\/2018, de &#8230; <a title=\"Pol\u00edtica de privacidade\" class=\"read-more\" href=\"https:\/\/prensaescrita.org\/pt-br\/politica-de-privacidade\/\" aria-label=\"Read more about Pol\u00edtica de privacidade\">Leia mais<\/a><\/p>\n","protected":false},"author":2,"featured_media":0,"parent":0,"menu_order":0,"comment_status":"closed","ping_status":"closed","template":"","meta":{"footnotes":""},"class_list":{"0":"post-3373","1":"page","2":"type-page","3":"status-publish","5":"infinite-scroll-item"},"_links":{"self":[{"href":"https:\/\/prensaescrita.org\/pt-br\/wp-json\/wp\/v2\/pages\/3373","targetHints":{"allow":["GET"]}}],"collection":[{"href":"https:\/\/prensaescrita.org\/pt-br\/wp-json\/wp\/v2\/pages"}],"about":[{"href":"https:\/\/prensaescrita.org\/pt-br\/wp-json\/wp\/v2\/types\/page"}],"author":[{"embeddable":true,"href":"https:\/\/prensaescrita.org\/pt-br\/wp-json\/wp\/v2\/users\/2"}],"replies":[{"embeddable":true,"href":"https:\/\/prensaescrita.org\/pt-br\/wp-json\/wp\/v2\/comments?post=3373"}],"version-history":[{"count":1,"href":"https:\/\/prensaescrita.org\/pt-br\/wp-json\/wp\/v2\/pages\/3373\/revisions"}],"predecessor-version":[{"id":3375,"href":"https:\/\/prensaescrita.org\/pt-br\/wp-json\/wp\/v2\/pages\/3373\/revisions\/3375"}],"wp:attachment":[{"href":"https:\/\/prensaescrita.org\/pt-br\/wp-json\/wp\/v2\/media?parent=3373"}],"curies":[{"name":"wp","href":"https:\/\/api.w.org\/{rel}","templated":true}]}}