{"id":3749,"date":"2025-03-08T17:02:38","date_gmt":"2025-03-08T17:02:38","guid":{"rendered":"https:\/\/prensaescrita.org\/note-legali\/"},"modified":"2025-03-18T11:49:02","modified_gmt":"2025-03-18T11:49:02","slug":"note-legali","status":"publish","type":"page","link":"https:\/\/prensaescrita.org\/it\/note-legali\/","title":{"rendered":"Note legali"},"content":{"rendered":"\n<div class=\"gb-element-fca20844\">\n<p><strong>LEGGE SUI SERVIZI DELLA SOCIET\u00c0 DELL\u2019INFORMAZIONE (LSSI)<\/strong><\/p>\n\n\n\n<p><strong>prensaescrita.org<\/strong>, responsabile del sito web, di seguito RESPONSABILE, mette a disposizione degli utenti il presente documento, con il quale intende adempiere agli obblighi previsti dalla Legge 34\/2002, dell\u201911 luglio, sui Servizi della Societ\u00e0 dell\u2019Informazione e del Commercio Elettronico (LSSICE), nonch\u00e9 informare tutti gli utenti del sito web in merito alle condizioni di utilizzo.<\/p>\n\n\n\n<p>Chiunque acceda a questo sito web assume il ruolo di utente, impegnandosi all\u2019osservanza e al rigoroso rispetto delle disposizioni qui stabilite, nonch\u00e9 di qualsiasi altra disposizione legale eventualmente applicabile.<\/p>\n\n\n\n<p><strong><strong>prensaescrita.org<\/strong><\/strong> riserva il diritto di modificare qualsiasi tipo di informazione o propriet\u00e0 in vendita che possa apparire sul sito web, senza che vi sia alcun obbligo di preavviso o di informazione degli utenti di tali obblighi, fermo restando che la pubblicazione sul <strong><strong>sito web prensaescrita.org<\/strong><\/strong> \u00e8 sufficiente.<\/p>\n\n\n\n<p><strong>1. DATI IDENTIFICATIVI<\/strong><\/p>\n\n\n\n<p>Nome dell\u2019azienda: <strong><strong>prensaescrita.org<\/strong><\/strong><br\/>Nome commerciale: <strong><strong>prensaescrita.org<\/strong><\/strong><br\/>E-mail: <strong>contacto@<strong>prensaescrita.org<\/strong><\/strong><\/p>\n\n\n\n<p><strong>2. OGGETTO<\/strong><\/p>\n\n\n\n<p>Attraverso il Sito Web, offriamo agli Utenti la possibilit\u00e0 di accedere a informazioni su giornali e giornali di tutto il mondo.<\/p>\n\n\n\n<p><strong>3. PRIVACY E TRATTAMENTO DEI DATI<\/strong><\/p>\n\n\n\n<p>Quando \u00e8 necessario fornire dati personali per accedere a determinati contenuti o servizi, gli Utenti ne garantiranno la veridicit\u00e0, l\u2019accuratezza, l\u2019autenticit\u00e0 e la validit\u00e0. La societ\u00e0 fornir\u00e0 a tali dati il corrispondente trattamento automatizzato a seconda della loro natura o finalit\u00e0, nei termini indicati nella sezione Informativa sulla privacy. <\/p>\n\n\n\n<p><strong>4. PROPRIET\u00c0 INDUSTRIALE E INTELLETTUALE<\/strong><\/p>\n\n\n\n<p>L\u2019Utente riconosce e accetta che tutti i contenuti visualizzati su <strong><strong>prensaescrita.org<\/strong><\/strong> e in particolare, disegni, testi, immagini, loghi, icone, pulsanti, software, nomi commerciali, marchi o qualsiasi altro segno suscettibile di uso industriale e\/o commerciale sono soggetti ai diritti di propriet\u00e0 intellettuale e tutti i marchi, nomi commerciali o segni distintivi, tutti i diritti di propriet\u00e0 industriale e intellettuale,  sui contenuti e\/o su qualsiasi altro elemento inserito nella pagina, che sono di propriet\u00e0 esclusiva della Societ\u00e0 e\/o di terzi, che hanno il diritto esclusivo di utilizzarli nello svolgimento dell\u2019attivit\u00e0 commerciale. Per tutti questi motivi, l\u2019Utente si impegna a non riprodurre, copiare, distribuire, mettere a disposizione o in qualsiasi altro modo comunicare pubblicamente, trasformare o modificare tali contenuti, manlevando la societ\u00e0 da qualsiasi pretesa derivante dal mancato rispetto di tali obblighi. <\/p>\n\n\n\n<p>In nessun caso l\u2019accesso al Sito implica alcun tipo di rinuncia, trasmissione, licenza o trasferimento totale o parziale di tali diritti, salvo espressa indicazione contraria. Le presenti Condizioni Generali d\u2019Uso del Sito Web <strong><strong>prensaescrita.org<\/strong><\/strong> non conferiscono agli Utenti alcun altro diritto di utilizzare, alterare, sfruttare, riprodurre, distribuire o comunicare pubblicamente il Sito Web e\/o i suoi Contenuti diversi da quelli espressamente previsti nel presente documento. <\/p>\n\n\n\n<p>Qualsiasi altro uso o sfruttamento di qualsiasi diritto sar\u00e0 soggetto alla preventiva ed espressa autorizzazione specificamente concessa a tale scopo dalla societ\u00e0 o dal terzo titolare dei diritti interessati.<\/p>\n\n\n\n<p>I contenuti, i testi, le fotografie, i disegni, i loghi, le immagini, i programmi informatici, i codici sorgente e, in generale, qualsiasi creazione intellettuale esistente in <strong><strong>prensaescrita.org<\/strong><\/strong>, cos\u00ec come lo Spazio stesso nel suo complesso, in quanto opera artistica multimediale, sono protetti come diritto d\u2019autore dalla normativa sulla propriet\u00e0 intellettuale.<\/p>\n\n\n\n<p>La societ\u00e0 \u00e8 proprietaria degli elementi che compongono il design grafico dei <strong><strong>prensaescrita.org<\/strong><\/strong>, dei menu, dei pulsanti di navigazione, del codice HTML, dei testi, delle immagini, delle texture, della grafica e di qualsiasi altro contenuto del Sito Web o, in ogni caso, dispone della corrispondente autorizzazione all\u2019uso di tali elementi.<\/p>\n\n\n\n<p>I contenuti forniti in <strong><strong>prensaescrita.org<\/strong><\/strong> non possono essere riprodotti in tutto o in parte, n\u00e9 trasmessi, n\u00e9 registrati da alcun sistema di reperimento delle informazioni, in qualsiasi forma o con qualsiasi mezzo, salvo preventiva autorizzazione scritta del suddetto Ente.<\/p>\n\n\n\n<p>\u00c8 inoltre vietato cancellare, eludere e\/o manipolare i diritti d\u2019autore, nonch\u00e9 i dispositivi tecnici di protezione, o qualsiasi meccanismo di informazione che i contenuti possano contenere. L\u2019Utente di questo Sito Web si impegna a rispettare i diritti stabiliti e ad evitare qualsiasi azione che possa danneggiarli, e in ogni caso la societ\u00e0 si riserva il diritto di esercitare qualsiasi mezzo o azione legale che gli corrisponda in difesa dei suoi legittimi diritti di propriet\u00e0 intellettuale e industriale. <\/p>\n\n\n\n<p><strong>5. OBBLIGHI E RESPONSABILIT\u00c0 DELL\u2019UTENTE DEL SITO WEB<\/strong><\/p>\n\n\n\n<p>L\u2019Utente si impegna a:<\/p>\n\n\n\n<ol class=\"wp-block-list\">\n<li>Fare un uso appropriato e lecito del <strong><strong>sito web prensaescrita.org<\/strong><\/strong> , nonch\u00e9 dei contenuti e dei servizi, in conformit\u00e0 con: (i) la legislazione applicabile in qualsiasi momento; (ii) le Condizioni Generali d\u2019Uso del Sito; (iii) la moralit\u00e0 e i buoni costumi generalmente accettati e (iv) l\u2019ordine pubblico.    <\/li>\n\n\n\n<li>Dotarsi di tutti i mezzi e i requisiti tecnici necessari per accedere al Sito.<\/li>\n\n\n\n<li>Fornire informazioni veritiere durante la compilazione dei moduli contenuti nel Sito Web con i propri dati personali e mantenerli aggiornati in ogni momento in modo che rispondano, in ogni momento, alla situazione reale dell\u2019Utente. L\u2019Utente sar\u00e0 l\u2019unico responsabile di eventuali dichiarazioni false o inesatte rese e di eventuali danni causati alla societ\u00e0 o a terzi dalle informazioni fornite. <\/li>\n<\/ol>\n\n\n\n<p>Fermo restando quanto previsto al precedente paragrafo, l\u2019Utente dovr\u00e0 altres\u00ec astenersi da:<\/p>\n\n\n\n<ol class=\"wp-block-list\">\n<li>Fare un uso non autorizzato o fraudolento del <strong><strong>prensaescrita.org<\/strong><\/strong> Sito Web e\/o dei contenuti per scopi o effetti illeciti, vietati nelle presenti Condizioni Generali d\u2019Uso, lesivi dei diritti e degli interessi di terzi, o che in qualsiasi modo possano danneggiare, disabilitare, sovraccaricare, deteriorare o impedire il normale utilizzo dei servizi o dei documenti,  file e tutti i tipi di contenuti memorizzati su qualsiasi apparecchiatura informatica.<\/li>\n\n\n\n<li>Accedere o tentare di accedere alle risorse o alle aree riservate del Sito Web, senza rispettare le condizioni richieste per tale accesso.<\/li>\n\n\n\n<li>Causare danni ai sistemi fisici o logici del Sito Web, dei suoi fornitori o di terzi.<\/li>\n\n\n\n<li>Introdurre o diffondere in rete virus informatici o qualsiasi altro sistema fisico o logico che possa causare danni ai sistemi fisici o logici dell\u2019azienda, dei fornitori o di terzi.<\/li>\n\n\n\n<li>Tentare di accedere, utilizzare e\/o manipolare i dati dell\u2019azienda, dei fornitori di terze parti e di altri Utenti.<\/li>\n\n\n\n<li>Riprodurre o copiare, distribuire, consentire l\u2019accesso al pubblico attraverso qualsiasi forma di comunicazione pubblica, trasformare o modificare i contenuti, salvo autorizzazione del titolare dei diritti corrispondenti o legalmente consentito.<\/li>\n\n\n\n<li>Eliminare, nascondere o manipolare gli avvisi sui diritti di propriet\u00e0 intellettuale o industriale e altri dati identificativi dei diritti dell\u2019azienda o di terzi incorporati nei contenuti, nonch\u00e9 i dispositivi tecnici di protezione o qualsiasi meccanismo di informazione che possa essere inserito nei contenuti.<\/li>\n\n\n\n<li>Ottenere e tentare di ottenere il contenuto utilizzando mezzi o procedure diversi da quelli che, a seconda dei casi, sono stati messi a disposizione a tale scopo o sono stati espressamente indicati nelle pagine web in cui si trovano i contenuti o, in generale, quelli che sono abitualmente utilizzati su Internet in quanto non comportano un rischio di danneggiamento o disabilitazione del Sito Web e\/o dei contenuti.<\/li>\n\n\n\n<li>In particolare, e a titolo puramente informativo e non esaustivo, l\u2019Utente si impegna a non trasmettere, diffondere o mettere a disposizione di terzi informazioni, dati, contenuti, messaggi, grafici, disegni, file audio e\/o immagini, fotografie, registrazioni, software e, in generale, qualsiasi tipo di materiale che: \u2022 In qualsiasi modo sia contrario, denigri o violi i diritti fondamentali e le libert\u00e0 pubbliche riconosciute dalla Costituzione,  nei trattati internazionali e nel resto della legislazione vigente.\u2022 Induca, inciti o promuova atti criminali, denigratori, diffamatori, violenti o, in generale, contrari alla legge, alla morale, ai buoni costumi generalmente accettati o all\u2019ordine pubblico.\u2022 Induca, inciti o promuova azioni, atteggiamenti o pensieri discriminatori per motivi di sesso, razza, religione,  convinzioni, et\u00e0 o condizione.\u2022 Incorpora, rende disponibile o consente l\u2019accesso a prodotti, elementi, messaggi e\/o servizi criminali, violenti, offensivi, dannosi, degradanti o, in generale, contrari alla legge, alla morale e ai buoni costumi generalmente accettati o all\u2019ordine pubblico. Induce o pu\u00f2 indurre uno stato inaccettabile di ansia o paura.\u2022 Induce o incita a impegnarsi in pratiche pericolose, rischiose o dannose per la salute e l\u2019equilibrio mentale.\u2022 \u00c8 protetto dalla legislazione sulla protezione intellettuale o industriale appartenente alla societ\u00e0 o a terzi senza che l\u2019uso previsto sia stato autorizzato.\u2022 \u00c8 contrario all\u2019onore,  alla privacy personale e familiare o all\u2019immagine delle persone.\u2022 Costituisce qualsiasi tipo di pubblicit\u00e0.\u2022 Include qualsiasi tipo di virus o programma che impedisca il normale funzionamento dello Spazio Web.<\/li>\n<\/ol>\n\n\n\n<p>Se ti viene fornita una password per accedere a uno qualsiasi dei servizi e\/o contenuti del Sito Web, sei obbligato a utilizzarla diligentemente, mantenendola segreta in ogni momento. Di conseguenza, sar\u00e0 responsabile della sua corretta custodia e riservatezza, impegnandosi a non cederli a terzi, temporaneamente o definitivamente, o a consentire l\u2019accesso ai suddetti servizi e\/o contenuti da parte di terzi. Allo stesso modo, \u00e8 obbligata a notificare alla societ\u00e0 qualsiasi evento che possa comportare un uso improprio della sua password, come, a titolo esemplificativo ma non esaustivo, il furto, lo smarrimento o l\u2019accesso non autorizzato, al fine di procedere alla sua immediata cancellazione. Di conseguenza, fino a quando non effettuerai la notifica di cui sopra, la societ\u00e0 sar\u00e0 esonerata da qualsiasi responsabilit\u00e0 che possa derivare dall\u2019uso improprio della tua password, e qualsiasi uso illecito dei contenuti e\/o dei servizi del Sito Web da parte di terzi illegittimi ne sar\u00e0 responsabile. In caso di mancato rispetto per negligenza o dolo di uno qualsiasi degli obblighi stabiliti nelle presenti Condizioni Generali d\u2019Uso, l\u2019utente sar\u00e0 responsabile di tutti i danni che potrebbero derivare per l\u2019azienda da tale inadempienza.    <\/p>\n\n\n\n<p><strong>6. RESPONSABILIT\u00c0<\/strong><\/p>\n\n\n\n<p>Non \u00e8 garantito l\u2019accesso continuo, la corretta visualizzazione, il download o l\u2019uso corretto degli elementi e delle informazioni contenute nel sito web che possono essere impediti, ostacolati o interrotti da fattori o circostanze al di fuori del suo controllo. Non \u00e8 responsabile per le decisioni che possono essere prese a seguito dell\u2019accesso ai contenuti o alle informazioni offerte. <\/p>\n\n\n\n<p>Il servizio pu\u00f2 essere interrotto, o il rapporto con l\u2019Utente pu\u00f2 essere interrotto immediatamente se si rileva che l\u2019utilizzo del suo Spazio Web, o di uno qualsiasi dei servizi ivi offerti, \u00e8 contrario alle presenti Condizioni Generali d\u2019Uso. Non siamo responsabili per eventuali danni, perdite, reclami o spese derivanti dall\u2019uso del sito Web. <\/p>\n\n\n\n<p>Sar\u00e0 responsabile solo della rimozione, il prima possibile, dei contenuti che potrebbero generare tali danni, a condizione che ci\u00f2 venga notificato. In particolare, non saremo responsabili per eventuali danni che potrebbero derivare, tra gli altri, da: <\/p>\n\n\n\n<ol class=\"wp-block-list\">\n<li>Interferenze, interruzioni, guasti, omissioni, guasti telefonici, ritardi, blocchi o disconnessioni nel funzionamento del sistema elettronico, causati da carenze, sovraccarichi ed errori nelle linee e nelle reti di telecomunicazioni, o da qualsiasi altra causa al di fuori del controllo dell\u2019azienda.<\/li>\n\n\n\n<li>Interferenza illegittima attraverso l\u2019uso di programmi dannosi di qualsiasi tipo e attraverso qualsiasi mezzo di comunicazione, come virus informatici o altro.<\/li>\n\n\n\n<li>Abuso improprio o inappropriato del sito web.<\/li>\n\n\n\n<li>Errori di sicurezza o di navigazione causati da un malfunzionamento del browser o dall\u2019utilizzo di versioni non aggiornate del browser. L\u2019amministratore del sito web si riserva il diritto di rimuovere, in tutto o in parte, qualsiasi contenuto o informazione presente sul sito web. <\/li>\n<\/ol>\n\n\n\n<p>La societ\u00e0 esclude qualsiasi responsabilit\u00e0 per danni di qualsiasi natura che possano essere dovuti all\u2019uso improprio dei servizi liberamente disponibili e utilizzati dagli Utenti dello Spazio Web. Allo stesso modo, \u00e8 esonerato da qualsiasi responsabilit\u00e0 per il contenuto e le informazioni che possono essere ricevute a seguito dei moduli di raccolta dei dati, che servono solo per la fornitura di servizi di consultazione e dubbio. D\u2019altra parte, in caso di arrecato danni a causa di un uso illecito o non corretto di tali servizi, l\u2019Utente potr\u00e0 essere richiesto per i danni causati.  <\/p>\n\n\n\n<p>L\u2019utente manterr\u00e0 indenne la Societ\u00e0 da eventuali danni derivanti da reclami, azioni o richieste di terzi a seguito dell\u2019accesso o dell\u2019utilizzo del sito Web. L\u2019utente accetta inoltre di indennizzare eventuali danni derivanti dall\u2019uso di robot, spider, crawler o strumenti simili utilizzati allo scopo di raccogliere o estrarre dati o qualsiasi altra azione da parte dell\u2019utente che imponga un carico irragionevole sul funzionamento del sito Web. <\/p>\n\n\n\n<p><strong>7. COLLEGAMENTI IPERTESTUALI<\/strong><\/p>\n\n\n\n<p>L\u2019Utente si impegna a non riprodurre in alcun modo, nemmeno per mezzo di un collegamento ipertestuale o di un collegamento ipertestuale, il Sito Web, nonch\u00e9 alcuno dei suoi contenuti, se non espressamente autorizzato per iscritto dal responsabile del file.<\/p>\n\n\n\n<p>Il Sito pu\u00f2 includere collegamenti ad altri siti web, gestiti da terze parti, al fine di facilitare l\u2019accesso dell\u2019Utente alle informazioni delle societ\u00e0 che collaborano e\/o che li sponsorizzano. Di conseguenza, la societ\u00e0 non \u00e8 responsabile del contenuto di tali Siti Web, n\u00e9 riveste la posizione di garante e\/o offerente dei servizi e\/o delle informazioni che possono essere offerti a terzi tramite link di terze parti. <\/p>\n\n\n\n<p>All\u2019Utente \u00e8 concesso un diritto limitato, revocabile e non esclusivo di creare collegamenti alla home page del Sito esclusivamente per uso privato e non commerciale. I Siti Web che includono un collegamento al nostro Sito Web (i) non possono travisare la loro relazione o affermare che tale collegamento \u00e8 stato autorizzato, n\u00e9 includere marchi, denominazioni, nomi commerciali, loghi o altri segni distintivi della nostra azienda; (ii) non possono includere contenuti che possano essere considerati di cattivo gusto, osceni, offensivi, controversi, che incitano alla violenza o alla discriminazione basata sul sesso, la razza o la religione, contrari all\u2019ordine pubblico o illegali; (iii) non pu\u00f2 collegarsi ad alcuna pagina del Sito Web diversa dalla home page; (iv) deve collegarsi all\u2019indirizzo del Sito Web stesso, senza consentire al Sito Web che effettua il collegamento di riprodurre il Sito Web come parte del suo sito Web o all\u2019interno di uno dei suoi &#8220;frame&#8221; o di creare un &#8220;browser&#8221; su una qualsiasi delle pagine dello Spazio del Sito Web. La societ\u00e0 pu\u00f2 richiedere, in qualsiasi momento, la rimozione di qualsiasi link al Sito Web, dopodich\u00e9 deve procedere immediatamente alla rimozione dello stesso.      <\/p>\n\n\n\n<p>L\u2019azienda non pu\u00f2 controllare le informazioni, i contenuti, i prodotti o i servizi forniti da altri Spazi Web che hanno stabilito collegamenti con lo Spazio Web.<\/p>\n\n\n\n<p><strong>8. PROTEZIONE DEI DATI<\/strong><\/p>\n\n\n\n<p>Per poter usufruire di alcuni dei Servizi, l\u2019Utente deve prima fornire alcuni dati personali. L\u2019azienda elaborer\u00e0 automaticamente questi dati e applicher\u00e0 le misure di sicurezza corrispondenti, il tutto nel rispetto del GDPR, LOPDGDD e LSSI. L\u2019Utente pu\u00f2 accedere alla politica seguita nel trattamento dei dati personali, nonch\u00e9 alla determinazione delle finalit\u00e0 precedentemente stabilite, alle condizioni definite nell\u2019Informativa sulla privacy.  <\/p>\n\n\n\n<p><strong>9. BISCOTTI<\/strong><\/p>\n\n\n\n<p>La societ\u00e0 si riserva il diritto di utilizzare la tecnologia dei &#8220;cookie&#8221; in <strong>cultivoshidroponicos.org<\/strong>, al fine di riconoscerti come Utente frequente e di personalizzare l\u2019uso che fai del Sito Web preselezionando la tua lingua, o i contenuti pi\u00f9 desiderati o specifici.<\/p>\n\n\n\n<p>I cookie raccolgono l\u2019indirizzo IP dell\u2019utente e Google \u00e8 responsabile dell\u2019elaborazione di queste informazioni.<\/p>\n\n\n\n<p>I cookie sono file inviati a un browser, tramite un server Web, per registrare la navigazione dell\u2019Utente nello Spazio Web, quando l\u2019Utente ne consente la ricezione. Se lo desideri, puoi configurare il tuo browser in modo da essere avvisato sullo schermo della ricezione dei cookie e per impedire l\u2019installazione di cookie sul tuo disco rigido. Per ulteriori informazioni, fare riferimento alle istruzioni e ai manuali del browser.  <\/p>\n\n\n\n<p>Grazie ai cookie \u00e8 possibile riconoscere il browser del computer utilizzato dall\u2019Utente al fine di fornire contenuti e proporre le preferenze di navigazione o pubblicitarie dell\u2019Utente, ai profili demografici degli Utenti nonch\u00e9 per misurare le visite e i parametri di traffico, monitorare l\u2019andamento e il numero di ingressi.<\/p>\n\n\n\n<p><strong>10. DICHIARAZIONI E GARANZIE<\/strong><\/p>\n\n\n\n<p>In generale, i contenuti e i servizi offerti sul Sito sono meramente informativi. Di conseguenza, offrendoli, non viene fornita alcuna garanzia o dichiarazione in relazione ai contenuti e ai servizi offerti sul Sito Web, incluse, a titolo esemplificativo ma non esaustivo, garanzie di legalit\u00e0, affidabilit\u00e0, utilit\u00e0, veridicit\u00e0, accuratezza o commerciabilit\u00e0, salvo nella misura in cui tali dichiarazioni e garanzie non possano essere escluse dalla legge. <\/p>\n\n\n\n<p><strong>11. FORZA MAGGIORE<\/strong><\/p>\n\n\n\n<p>L\u2019azienda non sar\u00e0 responsabile in tutti i casi di impossibilit\u00e0 di fornire il servizio, se ci\u00f2 \u00e8 dovuto a interruzioni prolungate della fornitura di energia elettrica, linee di telecomunicazione, conflitti sociali, scioperi, ribellioni, esplosioni, inondazioni, atti e omissioni del Governo, e in generale tutti i casi di forza maggiore o caso fortuito.<\/p>\n\n\n\n<p><strong>12. RISOLUZIONE DELLE CONTROVERSIE. LEGGE APPLICABILE E GIURISDIZIONE <\/strong><\/p>\n\n\n\n<p>Le presenti Condizioni Generali d\u2019Uso, cos\u00ec come <strong><strong>l\u2019uso dei prensaescrita.org<\/strong><\/strong>, sono regolate dalla legge venezuelana e spagnola. Per la risoluzione di qualsiasi controversia, le parti si sottoporranno alle Corti e ai Tribunali della sede legale del Gestore del Sito Web. <\/p>\n\n\n\n<p>Nel caso in cui una qualsiasi disposizione delle presenti Condizioni Generali d\u2019Uso sia inapplicabile o nulla in virt\u00f9 della legge applicabile o a seguito di una decisione giudiziaria o amministrativa, tale inapplicabilit\u00e0 o nullit\u00e0 non comporter\u00e0 l\u2019inapplicabilit\u00e0 o la nullit\u00e0 delle presenti Condizioni Generali d\u2019Uso nel loro complesso. In tali casi, la societ\u00e0 proceder\u00e0 a modificare o sostituire tale clausola con un\u2019altra valida e applicabile e che, per quanto possibile, raggiunga l\u2019obiettivo e l\u2019intenzione riflessi nella clausola originale. <\/p>\n<\/div>\n","protected":false},"excerpt":{"rendered":"<p>LEGGE SUI SERVIZI DELLA SOCIET\u00c0 DELL\u2019INFORMAZIONE (LSSI) prensaescrita.org, responsabile del sito web, di seguito RESPONSABILE, mette a disposizione degli utenti il presente documento, con il quale intende adempiere agli obblighi previsti dalla Legge 34\/2002, dell\u201911 luglio, sui Servizi della Societ\u00e0 dell\u2019Informazione e del Commercio Elettronico (LSSICE), nonch\u00e9 informare tutti gli utenti del sito web in &#8230; <a title=\"Note legali\" class=\"read-more\" href=\"https:\/\/prensaescrita.org\/it\/note-legali\/\" aria-label=\"Per saperne di pi\u00f9 su Note legali\">Leggi tutto<\/a><\/p>\n","protected":false},"author":2,"featured_media":0,"parent":0,"menu_order":0,"comment_status":"closed","ping_status":"closed","template":"","meta":{"footnotes":""},"class_list":{"0":"post-3749","1":"page","2":"type-page","3":"status-publish","5":"infinite-scroll-item"},"_hostinger_reach_plugin_has_subscription_block":false,"_hostinger_reach_plugin_is_elementor":false,"_links":{"self":[{"href":"https:\/\/prensaescrita.org\/it\/wp-json\/wp\/v2\/pages\/3749","targetHints":{"allow":["GET"]}}],"collection":[{"href":"https:\/\/prensaescrita.org\/it\/wp-json\/wp\/v2\/pages"}],"about":[{"href":"https:\/\/prensaescrita.org\/it\/wp-json\/wp\/v2\/types\/page"}],"author":[{"embeddable":true,"href":"https:\/\/prensaescrita.org\/it\/wp-json\/wp\/v2\/users\/2"}],"replies":[{"embeddable":true,"href":"https:\/\/prensaescrita.org\/it\/wp-json\/wp\/v2\/comments?post=3749"}],"version-history":[{"count":1,"href":"https:\/\/prensaescrita.org\/it\/wp-json\/wp\/v2\/pages\/3749\/revisions"}],"predecessor-version":[{"id":3751,"href":"https:\/\/prensaescrita.org\/it\/wp-json\/wp\/v2\/pages\/3749\/revisions\/3751"}],"wp:attachment":[{"href":"https:\/\/prensaescrita.org\/it\/wp-json\/wp\/v2\/media?parent=3749"}],"curies":[{"name":"wp","href":"https:\/\/api.w.org\/{rel}","templated":true}]}}