{"id":3738,"date":"2025-03-08T17:02:38","date_gmt":"2025-03-08T17:02:38","guid":{"rendered":"https:\/\/prensaescrita.org\/mentions-legales\/"},"modified":"2025-03-18T11:49:01","modified_gmt":"2025-03-18T11:49:01","slug":"mentions-legales","status":"publish","type":"page","link":"https:\/\/prensaescrita.org\/fr\/mentions-legales\/","title":{"rendered":"Mentions l\u00e9gales"},"content":{"rendered":"\n<div class=\"gb-element-fca20844\">\n<p><strong>LOI SUR LES SERVICES DE LA SOCI\u00c9T\u00c9 DE L\u2019INFORMATION (LSSI)<\/strong><\/p>\n\n\n\n<p><strong>prensaescrita.org<\/strong>, responsable du site web, ci-apr\u00e8s RESPONSABLE, met \u00e0 la disposition des utilisateurs le pr\u00e9sent document, avec lequel il entend se conformer aux obligations pr\u00e9vues par la loi 34\/2002, du 11 juillet, sur les services de la soci\u00e9t\u00e9 de l\u2019information et du commerce \u00e9lectronique (LSSICE), ainsi que pour informer tous les utilisateurs du site web sur les conditions d\u2019utilisation.<\/p>\n\n\n\n<p>Toute personne qui acc\u00e8de \u00e0 ce site web assume le r\u00f4le d\u2019utilisateur, s\u2019engageant \u00e0 observer et \u00e0 respecter strictement les dispositions \u00e9nonc\u00e9es dans le pr\u00e9sent document, ainsi que toute autre disposition l\u00e9gale qui pourrait \u00eatre applicable.<\/p>\n\n\n\n<p><strong><strong>prensaescrita.org<\/strong><\/strong> se r\u00e9serve le droit de modifier tout type d\u2019informations ou de biens \u00e0 vendre qui peuvent appara\u00eetre sur le site Web, sans qu\u2019il y ait aucune obligation de pr\u00e9avis ou d\u2019informer les utilisateurs de ces obligations, \u00e9tant entendu que la publication sur le <strong><strong>site prensaescrita.org<\/strong><\/strong> site Web est suffisante.<\/p>\n\n\n\n<p><strong>1. DONN\u00c9ES D\u2019IDENTIFICATION<\/strong><\/p>\n\n\n\n<p>Nom de <strong><strong>l\u2019entreprise : prensaescrita.org<\/strong><\/strong><br\/>Nom commercial : <strong><strong>prensaescrita.org<\/strong><\/strong><br\/>Courriel : <strong>contacto@<strong>prensaescrita.org<\/strong><\/strong><\/p>\n\n\n\n<p><strong>2. OBJET<\/strong><\/p>\n\n\n\n<p>Par le biais du site Web, nous offrons aux utilisateurs la possibilit\u00e9 d\u2019acc\u00e9der \u00e0 des informations sur les journaux et les journaux du monde entier.<\/p>\n\n\n\n<p><strong>3. CONFIDENTIALIT\u00c9 ET TRAITEMENT DES DONN\u00c9ES<\/strong><\/p>\n\n\n\n<p>Lorsqu\u2019il est n\u00e9cessaire de fournir des donn\u00e9es personnelles afin d\u2019acc\u00e9der \u00e0 certains contenus ou services, les utilisateurs garantissent leur v\u00e9racit\u00e9, leur exactitude, leur authenticit\u00e9 et leur validit\u00e9. L\u2019entreprise confiera \u00e0 ces donn\u00e9es le traitement automatis\u00e9 correspondant en fonction de leur nature ou de leur finalit\u00e9, dans les termes indiqu\u00e9s dans la section Politique de confidentialit\u00e9. <\/p>\n\n\n\n<p><strong>4. PROPRI\u00c9T\u00c9 INDUSTRIELLE ET INTELLECTUELLE<\/strong><\/p>\n\n\n\n<p>L\u2019Utilisateur reconna\u00eet et accepte que tous les contenus affich\u00e9s sur <strong><strong>prensaescrita.org<\/strong><\/strong> et notamment, les dessins, textes, images, logos, ic\u00f4nes, boutons, logiciels, noms commerciaux, marques, ou tout autre signe susceptible d\u2019utilisation industrielle et\/ou commerciale sont soumis \u00e0 des droits de Propri\u00e9t\u00e9 Intellectuelle et toutes marques, noms commerciaux ou signes distinctifs, tous droits de propri\u00e9t\u00e9 industrielle et intellectuelle,  sur le contenu et\/ou tout autre \u00e9l\u00e9ment ins\u00e9r\u00e9 sur la page, qui sont la propri\u00e9t\u00e9 exclusive de la Soci\u00e9t\u00e9 et\/ou de tiers, qui ont le droit exclusif de les utiliser dans le cadre de leurs activit\u00e9s. Pour toutes ces raisons, l\u2019Utilisateur s\u2019engage \u00e0 ne pas reproduire, copier, distribuer, mettre \u00e0 disposition ou de toute autre mani\u00e8re communiquer publiquement, transformer ou modifier ces contenus, d\u00e9gageant la soci\u00e9t\u00e9 de toute r\u00e9clamation d\u00e9coulant du non-respect de ces obligations. <\/p>\n\n\n\n<p>En aucun cas, l\u2019acc\u00e8s au site Web n\u2019implique tout type de renonciation, de transmission, de licence ou de cession totale ou partielle de ces droits, sauf indication contraire expresse. Les pr\u00e9sentes Conditions G\u00e9n\u00e9rales d\u2019Utilisation du Site Web <strong><strong>ne conf\u00e8rent prensaescrita.org<\/strong><\/strong> aux Utilisateurs aucun autre droit d\u2019utiliser, de modifier, d\u2019exploiter, de reproduire, de distribuer ou de communiquer publiquement le Site Web et\/ou ses Contenus autres que ceux express\u00e9ment pr\u00e9vus aux pr\u00e9sentes. <\/p>\n\n\n\n<p>Toute autre utilisation ou exploitation de tout droit sera soumise \u00e0 l\u2019autorisation pr\u00e9alable et expresse sp\u00e9cifiquement accord\u00e9e \u00e0 cet effet par la soci\u00e9t\u00e9 ou le tiers propri\u00e9taire des droits concern\u00e9s.<\/p>\n\n\n\n<p>Les contenus, textes, photographies, dessins, logos, images, programmes informatiques, codes sources et, en g\u00e9n\u00e9ral, toute cr\u00e9ation intellectuelle existant dans <strong><strong>prensaescrita.org<\/strong><\/strong>, ainsi que l\u2019Espace lui-m\u00eame dans son ensemble, en tant qu\u2019\u0153uvre artistique multim\u00e9dia, sont prot\u00e9g\u00e9s par le droit d\u2019auteur par la l\u00e9gislation sur la propri\u00e9t\u00e9 intellectuelle.<\/p>\n\n\n\n<p>La soci\u00e9t\u00e9 est propri\u00e9taire des \u00e9l\u00e9ments qui composent la conception graphique de <strong><strong>prensaescrita.org<\/strong><\/strong>, des menus, des boutons de navigation, du code HTML, des textes, des images, des textures, des graphiques et de tout autre contenu du site Web ou, dans tous les cas, dispose de l\u2019autorisation correspondante pour l\u2019utilisation de ces \u00e9l\u00e9ments.<\/p>\n\n\n\n<p>Le contenu fourni dans <strong><strong>prensaescrita.org<\/strong><\/strong> ne peut \u00eatre reproduit en tout ou en partie, ni transmis, ni enregistr\u00e9 par un syst\u00e8me de recherche d\u2019informations, sous quelque forme ou sur quelque support que ce soit, sans l\u2019autorisation \u00e9crite pr\u00e9alable de l\u2019entit\u00e9 susmentionn\u00e9e.<\/p>\n\n\n\n<p>Il est \u00e9galement interdit de supprimer, d\u2019\u00e9luder et\/ou de manipuler les droits d\u2019auteur, ainsi que les dispositifs techniques de protection, ou tout m\u00e9canisme d\u2019information que les contenus peuvent contenir. L\u2019utilisateur de ce site Web s\u2019engage \u00e0 respecter les droits \u00e9nonc\u00e9s et \u00e0 \u00e9viter toute action qui pourrait lui porter pr\u00e9judice, et dans tous les cas, la soci\u00e9t\u00e9 se r\u00e9serve le droit d\u2019exercer tous les moyens l\u00e9gaux ou actions qui lui correspondent pour d\u00e9fendre ses droits l\u00e9gitimes de propri\u00e9t\u00e9 intellectuelle et industrielle. <\/p>\n\n\n\n<p><strong>5. OBLIGATIONS ET RESPONSABILIT\u00c9S DE L\u2019UTILISATEUR DU SITE WEB<\/strong><\/p>\n\n\n\n<p>L\u2019Utilisateur s\u2019engage \u00e0 :<\/p>\n\n\n\n<ol class=\"wp-block-list\">\n<li>Faire un usage appropri\u00e9 et licite du <strong><strong>prensaescrita.org<\/strong><\/strong> Site Web ainsi que des contenus et services, conform\u00e9ment \u00e0 : (i) la l\u00e9gislation applicable \u00e0 tout moment ; (ii) les Conditions G\u00e9n\u00e9rales d\u2019Utilisation du Site ; (iii) la moralit\u00e9 et les bonnes m\u0153urs g\u00e9n\u00e9ralement accept\u00e9es et (iv) l\u2019ordre public.    <\/li>\n\n\n\n<li>Se doter de tous les moyens et exigences techniques n\u00e9cessaires pour acc\u00e9der au Site.<\/li>\n\n\n\n<li>Fournir des informations v\u00e9ridiques en remplissant les formulaires contenus dans le site Web avec ses donn\u00e9es personnelles et les maintenir \u00e0 jour \u00e0 tout moment afin qu\u2019ils r\u00e9pondent, \u00e0 tout moment, \u00e0 la situation r\u00e9elle de l\u2019utilisateur. L\u2019Utilisateur sera seul responsable de toutes d\u00e9clarations fausses ou inexactes faites et de tout dommage caus\u00e9 \u00e0 l\u2019entreprise ou \u00e0 des tiers par les informations fournies. <\/li>\n<\/ol>\n\n\n\n<p>Nonobstant les dispositions de la section pr\u00e9c\u00e9dente, l\u2019Utilisateur doit \u00e9galement s\u2019abstenir de :<\/p>\n\n\n\n<ol class=\"wp-block-list\">\n<li>Faire une utilisation non autoris\u00e9e ou frauduleuse du <strong><strong>prensaescrita.org<\/strong><\/strong> Site et\/ou de ses contenus \u00e0 des fins ou effets illicites, interdits dans les pr\u00e9sentes Conditions G\u00e9n\u00e9rales d\u2019Utilisation, pr\u00e9judiciables aux droits et int\u00e9r\u00eats de tiers, ou qui, de quelque mani\u00e8re que ce soit, peuvent endommager, d\u00e9sactiver, surcharger, d\u00e9t\u00e9riorer ou entraver l\u2019utilisation normale des services ou des documents,  fichiers et toutes sortes de contenus stock\u00e9s sur n\u2019importe quel \u00e9quipement informatique.<\/li>\n\n\n\n<li>Acc\u00e9der ou tenter d\u2019acc\u00e9der \u00e0 des ressources ou \u00e0 des zones restreintes du site Web, sans respecter les conditions requises pour un tel acc\u00e8s.<\/li>\n\n\n\n<li>Causer des dommages aux syst\u00e8mes physiques ou logiques du site Web, de ses fournisseurs ou de tiers.<\/li>\n\n\n\n<li>L\u2019introduction ou la diffusion de virus informatiques ou de tout autre syst\u00e8me physique ou logique sur le r\u00e9seau susceptible de causer des dommages aux syst\u00e8mes physiques ou logiques de l\u2019entreprise, des fournisseurs ou de tiers.<\/li>\n\n\n\n<li>Tenter d\u2019acc\u00e9der, d\u2019utiliser et\/ou de manipuler les donn\u00e9es de l\u2019entreprise, de fournisseurs tiers et d\u2019autres utilisateurs.<\/li>\n\n\n\n<li>Reproduire ou copier, distribuer, permettre l\u2019acc\u00e8s du public par toute forme de communication publique, transformer ou modifier les contenus, sauf autorisation du titulaire des droits correspondants ou l\u00e9galement autoris\u00e9e.<\/li>\n\n\n\n<li>Supprimer, cacher ou manipuler les avis sur les droits de propri\u00e9t\u00e9 intellectuelle ou industrielle et d\u2019autres donn\u00e9es d\u2019identification des droits de l\u2019entreprise ou de tiers incorpor\u00e9es dans les contenus, ainsi que les dispositifs techniques de protection ou tout m\u00e9canisme d\u2019information qui peut \u00eatre ins\u00e9r\u00e9 dans les contenus.<\/li>\n\n\n\n<li>Obtenir et tenter d\u2019obtenir le contenu en utilisant des moyens ou des proc\u00e9dures autres que ceux qui, le cas \u00e9ch\u00e9ant, ont \u00e9t\u00e9 mis \u00e0 disposition \u00e0 cet effet ou ont \u00e9t\u00e9 express\u00e9ment indiqu\u00e9s sur les pages Web o\u00f9 se trouve le contenu ou, en g\u00e9n\u00e9ral, ceux qui sont habituellement utilis\u00e9s sur Internet, car ils ne comportent pas de risque d\u2019endommagement ou de d\u00e9sactivation du site Web et\/ou des contenus.<\/li>\n\n\n\n<li>En particulier, et \u00e0 titre indicatif et non exhaustif, l\u2019Utilisateur s\u2019engage \u00e0 ne pas transmettre, diffuser ou mettre \u00e0 la disposition de tiers des informations, donn\u00e9es, contenus, messages, graphismes, dessins, fichiers son et\/ou image, photographies, enregistrements, logiciels et, d\u2019une mani\u00e8re g\u00e9n\u00e9rale, tout type de mat\u00e9riel qui : \u2022 De quelque mani\u00e8re que ce soit contraire, d\u00e9nigre ou viole les droits fondamentaux et les libert\u00e9s publiques reconnus par la Constitution,  dans les trait\u00e9s internationaux et dans le reste de la l\u00e9gislation en vigueur.\u2022 Initifie, incite ou promeut des actes criminels, d\u00e9nigrants, diffamatoires, violents ou, en g\u00e9n\u00e9ral, contraires \u00e0 la loi, \u00e0 la morale, aux bonnes m\u0153urs g\u00e9n\u00e9ralement accept\u00e9es ou \u00e0 l\u2019ordre public.\u2022 Initue, incite ou promeut des actions, des attitudes ou des pens\u00e9es discriminatoires fond\u00e9es sur le sexe, la race, la religion,  croyances, \u00e2ge ou condition.\u2022 Incorpore, met \u00e0 disposition ou permet l\u2019acc\u00e8s \u00e0 des produits, \u00e9l\u00e9ments, messages et\/ou services qui sont criminels, violents, offensants, nuisibles, d\u00e9gradants ou, en g\u00e9n\u00e9ral, contraires \u00e0 la loi, \u00e0 la morale et aux bonnes m\u0153urs g\u00e9n\u00e9ralement accept\u00e9es ou \u00e0 l\u2019ordre public. Induit ou peut induire un \u00e9tat inacceptable d\u2019anxi\u00e9t\u00e9 ou de peur.\u2022 Induit ou incite \u00e0 adopter des pratiques dangereuses, risqu\u00e9es ou n\u00e9fastes pour la sant\u00e9 et l\u2019\u00e9quilibre mental.\u2022 Est prot\u00e9g\u00e9 par une l\u00e9gislation sur la protection intellectuelle ou industrielle appartenant \u00e0 la soci\u00e9t\u00e9 ou \u00e0 des tiers sans que l\u2019utilisation pr\u00e9vue ait \u00e9t\u00e9 autoris\u00e9e.\u2022 Est contraire \u00e0 l\u2019honneur,  \u00e0 la vie priv\u00e9e et familiale ou \u00e0 l\u2019image des personnes.\u2022 Constitue tout type de publicit\u00e9.\u2022 Comprend tout type de virus ou de programme qui emp\u00eache le fonctionnement normal de l\u2019Espace Web.<\/li>\n<\/ol>\n\n\n\n<p>Si vous disposez d\u2019un mot de passe pour acc\u00e9der \u00e0 l\u2019un des services et\/ou contenus du site Web, vous \u00eates tenu de l\u2019utiliser avec diligence, en le gardant secret \u00e0 tout moment. Par cons\u00e9quent, il sera responsable de sa bonne conservation et de sa confidentialit\u00e9, en s\u2019engageant \u00e0 ne pas les c\u00e9der \u00e0 des tiers, temporairement ou d\u00e9finitivement, ni \u00e0 permettre l\u2019acc\u00e8s aux services et\/ou contenus susmentionn\u00e9s par des tiers. De m\u00eame, elle est tenue de notifier \u00e0 l\u2019entreprise tout \u00e9v\u00e9nement susceptible d\u2019impliquer une utilisation abusive de son mot de passe, tel que, mais sans s\u2019y limiter, son vol, sa perte ou son acc\u00e8s non autoris\u00e9, afin de proc\u00e9der \u00e0 son annulation imm\u00e9diate. Par cons\u00e9quent, tant que vous n\u2019effectuez pas la notification ci-dessus, la soci\u00e9t\u00e9 sera exon\u00e9r\u00e9e de toute responsabilit\u00e9 pouvant d\u00e9couler de l\u2019utilisation inappropri\u00e9e de votre mot de passe, et toute utilisation ill\u00e9gale du contenu et\/ou des services du site Web par un tiers ill\u00e9gitime en sera responsable. Si vous ne respectez pas, par n\u00e9gligence ou d\u00e9lib\u00e9r\u00e9ment, l\u2019une des obligations \u00e9tablies dans les pr\u00e9sentes Conditions G\u00e9n\u00e9rales d\u2019Utilisation, vous serez responsable de tous les dommages qui pourraient d\u00e9couler pour l\u2019entreprise d\u2019un tel non-respect.    <\/p>\n\n\n\n<p><strong>6. RESPONSABILIT\u00c9S<\/strong><\/p>\n\n\n\n<p>L\u2019acc\u00e8s continu, ou la visualisation, le t\u00e9l\u00e9chargement ou l\u2019utilisation corrects des \u00e9l\u00e9ments et des informations contenus sur le site Web qui peuvent \u00eatre entrav\u00e9s, entrav\u00e9s ou interrompus par des facteurs ou des circonstances ind\u00e9pendants de sa volont\u00e9 n\u2019est pas garanti. Il n\u2019est pas responsable des d\u00e9cisions qui pourraient \u00eatre prises \u00e0 la suite de l\u2019acc\u00e8s au contenu ou aux informations propos\u00e9es. <\/p>\n\n\n\n<p>Le service peut \u00eatre interrompu, ou la relation avec l\u2019Utilisateur peut \u00eatre r\u00e9sili\u00e9e imm\u00e9diatement s\u2019il est d\u00e9tect\u00e9 qu\u2019une utilisation de son Espace Web, ou de l\u2019un des services qui y sont propos\u00e9s, est contraire aux pr\u00e9sentes Conditions G\u00e9n\u00e9rales d\u2019Utilisation. Nous ne sommes pas responsables des dommages, pertes, r\u00e9clamations ou d\u00e9penses d\u00e9coulant de l\u2019utilisation du site Web. <\/p>\n\n\n\n<p>Il ne sera responsable que de la suppression, dans les plus brefs d\u00e9lais, du contenu susceptible de g\u00e9n\u00e9rer de tels dommages, \u00e0 condition que cela soit notifi\u00e9. En particulier, nous ne serons pas responsables des dommages qui pourraient d\u00e9couler, entre autres, de : <\/p>\n\n\n\n<ol class=\"wp-block-list\">\n<li>Interf\u00e9rences, interruptions, pannes, omissions, pannes t\u00e9l\u00e9phoniques, retards, blocages ou d\u00e9connexions dans le fonctionnement du syst\u00e8me \u00e9lectronique, caus\u00e9s par des d\u00e9ficiences, des surcharges et des erreurs dans les lignes et r\u00e9seaux de t\u00e9l\u00e9communications, ou par toute autre cause ind\u00e9pendante de la volont\u00e9 de l\u2019entreprise.<\/li>\n\n\n\n<li>Interf\u00e9rence ill\u00e9gitime par l\u2019utilisation de programmes malveillants de toute nature et par tout moyen de communication, tels que les virus informatiques ou tout autre.<\/li>\n\n\n\n<li>Abus inappropri\u00e9 ou inappropri\u00e9 du site Web.<\/li>\n\n\n\n<li>Erreurs de s\u00e9curit\u00e9 ou de navigation caus\u00e9es par un dysfonctionnement du navigateur ou par l\u2019utilisation de versions non mises \u00e0 jour du navigateur. L\u2019administrateur du site web se r\u00e9serve le droit de supprimer, en tout ou en partie, tout contenu ou information pr\u00e9sent sur le site web. <\/li>\n<\/ol>\n\n\n\n<p>La soci\u00e9t\u00e9 exclut toute responsabilit\u00e9 pour les dommages de toute nature qui pourraient \u00eatre dus \u00e0 la mauvaise utilisation des services librement disponibles et utilis\u00e9s par les Utilisateurs de l\u2019Espace Web. De m\u00eame, il est exon\u00e9r\u00e9 de toute responsabilit\u00e9 quant au contenu et aux informations qui peuvent \u00eatre re\u00e7ues \u00e0 la suite des formulaires de collecte de donn\u00e9es, qui ne sont destin\u00e9s qu\u2019\u00e0 la fourniture de services de consultation et de doute. D\u2019autre part, en cas de dommages caus\u00e9s par une utilisation illicite ou incorrecte desdits services, l\u2019Utilisateur pourra \u00eatre r\u00e9clam\u00e9 pour les dommages caus\u00e9s.  <\/p>\n\n\n\n<p>Vous d\u00e9gagerez la Soci\u00e9t\u00e9 de toute responsabilit\u00e9 en cas de dommages r\u00e9sultant de r\u00e9clamations, d\u2019actions ou de demandes de tiers \u00e0 la suite de votre acc\u00e8s ou de votre utilisation du site Web. Vous acceptez \u00e9galement de vous indemniser contre tout dommage d\u00e9coulant de votre utilisation de robots, d\u2019araign\u00e9es, de robots d\u2019indexation ou d\u2019outils similaires utilis\u00e9s dans le but de collecter ou d\u2019extraire des donn\u00e9es ou de toute autre action de votre part qui impose une charge d\u00e9raisonnable sur le fonctionnement du site Web. <\/p>\n\n\n\n<p><strong>7. HYPERLIENS<\/strong><\/p>\n\n\n\n<p>L\u2019Utilisateur s\u2019engage \u00e0 ne pas reproduire de quelque mani\u00e8re que ce soit, m\u00eame au moyen d\u2019un lien hypertexte ou d\u2019un lien hypertexte, le Site Web, ainsi que l\u2019un de ses contenus, sauf autorisation expresse et \u00e9crite du responsable du fichier.<\/p>\n\n\n\n<p>Le site Web peut inclure des liens vers d\u2019autres sites Web, g\u00e9r\u00e9s par des tiers, afin de faciliter l\u2019acc\u00e8s de l\u2019utilisateur aux informations des entreprises collaboratrices et\/ou sponsors. Par cons\u00e9quent, la soci\u00e9t\u00e9 n\u2019est pas responsable du contenu de ces sites Web, ni n\u2019est en position de garant et\/ou d\u2019offrant des services et\/ou des informations qui peuvent \u00eatre offerts \u00e0 des tiers par le biais de liens de tiers. <\/p>\n\n\n\n<p>L\u2019utilisateur dispose d\u2019un droit limit\u00e9, r\u00e9vocable et non exclusif de cr\u00e9er des liens vers la page d\u2019accueil du site Web exclusivement \u00e0 des fins priv\u00e9es et non commerciales. Les sites Web qui incluent un lien vers notre site Web (i) ne doivent pas pr\u00e9senter de mani\u00e8re inexacte leur relation ou affirmer qu\u2019un tel lien a \u00e9t\u00e9 autoris\u00e9, ni inclure de marques, d\u00e9nominations, noms commerciaux, logos ou autres signes distinctifs de notre soci\u00e9t\u00e9 ; (ii) ne peut pas inclure de contenu pouvant \u00eatre consid\u00e9r\u00e9 comme de mauvais go\u00fbt, obsc\u00e8ne, offensant, controvers\u00e9, incitant \u00e0 la violence ou \u00e0 la discrimination fond\u00e9e sur le sexe, la race ou la religion, contraire \u00e0 l\u2019ordre public ou ill\u00e9gal ; (iii) ne peut pas cr\u00e9er de lien vers une page du site Web autre que la page d\u2019accueil ; (iv) il doit \u00eatre li\u00e9 \u00e0 l\u2019adresse du site Web lui-m\u00eame, sans permettre au site Web qui \u00e9tablit le lien de reproduire le site Web dans le cadre de son site Web ou dans l\u2019un de ses \u00ab cadres \u00bb ou de cr\u00e9er un \u00ab navigateur \u00bb sur l\u2019une des pages de l\u2019espace Web. La soci\u00e9t\u00e9 peut demander, \u00e0 tout moment, la suppression de tout lien vers le site Web, apr\u00e8s quoi elle doit imm\u00e9diatement proc\u00e9der \u00e0 sa suppression.      <\/p>\n\n\n\n<p>La soci\u00e9t\u00e9 ne peut pas contr\u00f4ler les informations, le contenu, les produits ou les services fournis par d\u2019autres espaces Web qui ont \u00e9tabli des liens vers l\u2019espace Web.<\/p>\n\n\n\n<p><strong>8. PROTECTION DES DONN\u00c9ES<\/strong><\/p>\n\n\n\n<p>Afin d\u2019utiliser certains des Services, l\u2019Utilisateur doit au pr\u00e9alable fournir certaines donn\u00e9es personnelles. L\u2019entreprise traitera automatiquement ces donn\u00e9es et appliquera les mesures de s\u00e9curit\u00e9 correspondantes, le tout dans le respect du RGPD, de la LOPDGDD et de la LSSI. L\u2019Utilisateur peut acc\u00e9der \u00e0 la politique suivie dans le traitement des donn\u00e9es personnelles, ainsi qu\u2019\u00e0 l\u2019\u00e9tablissement des finalit\u00e9s pr\u00e9alablement \u00e9tablies, dans les conditions d\u00e9finies dans la Politique de confidentialit\u00e9.  <\/p>\n\n\n\n<p><strong>9. LES COOKIES<\/strong><\/p>\n\n\n\n<p>La soci\u00e9t\u00e9 se r\u00e9serve le droit d\u2019utiliser la technologie des \u00ab cookies \u00bb \u00e0 <strong>cultivoshidroponicos.org<\/strong>, afin de vous reconna\u00eetre en tant qu\u2019utilisateur fr\u00e9quent et de personnaliser l\u2019utilisation que vous faites du site Web en pr\u00e9s\u00e9lectionnant votre langue, ou un contenu plus souhait\u00e9 ou sp\u00e9cifique.<\/p>\n\n\n\n<p>Les cookies collectent l\u2019adresse IP de l\u2019utilisateur et Google est responsable du traitement de ces informations.<\/p>\n\n\n\n<p>Les cookies sont des fichiers envoy\u00e9s \u00e0 un navigateur, par le biais d\u2019un serveur Web, pour enregistrer la navigation de l\u2019utilisateur dans l\u2019espace Web, lorsque l\u2019utilisateur autorise leur r\u00e9ception. Si vous le souhaitez, vous pouvez configurer votre navigateur pour \u00eatre averti \u00e0 l\u2019\u00e9cran de la r\u00e9ception de cookies et pour emp\u00eacher l\u2019installation de cookies sur votre disque dur. Veuillez vous r\u00e9f\u00e9rer aux instructions et manuels de votre navigateur pour plus d\u2019informations.  <\/p>\n\n\n\n<p>Gr\u00e2ce aux cookies, il est possible de reconna\u00eetre le navigateur de l\u2019ordinateur utilis\u00e9 par l\u2019utilisateur afin de fournir des contenus et d\u2019offrir les pr\u00e9f\u00e9rences de navigation ou de publicit\u00e9 de l\u2019utilisateur, aux profils d\u00e9mographiques des utilisateurs ainsi qu\u2019\u00e0 mesurer les visites et les param\u00e8tres de trafic, suivre la progression et le nombre d\u2019entr\u00e9es.<\/p>\n\n\n\n<p><strong>10. D\u00c9CLARATIONS ET GARANTIES<\/strong><\/p>\n\n\n\n<p>En g\u00e9n\u00e9ral, les contenus et les services propos\u00e9s sur le site Web sont purement informatifs. Par cons\u00e9quent, en les offrant, aucune garantie ou repr\u00e9sentation n\u2019est donn\u00e9e en ce qui concerne le contenu et les services offerts sur le site Web, y compris, mais sans s\u2019y limiter, les garanties de l\u00e9galit\u00e9, de fiabilit\u00e9, d\u2019utilit\u00e9, de v\u00e9racit\u00e9, d\u2019exactitude ou de qualit\u00e9 marchande, sauf dans la mesure o\u00f9 ces d\u00e9clarations et garanties ne peuvent \u00eatre exclues par la loi. <\/p>\n\n\n\n<p><strong>11. FORCE MAJEURE<\/strong><\/p>\n\n\n\n<p>La soci\u00e9t\u00e9 ne sera pas responsable dans tous les cas d\u2019impossibilit\u00e9 de fournir le service, si cela est d\u00fb \u00e0 des interruptions prolong\u00e9es de l\u2019approvisionnement en \u00e9lectricit\u00e9, des lignes de t\u00e9l\u00e9communications, des conflits sociaux, des gr\u00e8ves, des r\u00e9bellions, des explosions, des inondations, des actes et omissions du gouvernement, et en g\u00e9n\u00e9ral tous les cas de force majeure ou d\u2019\u00e9v\u00e9nement fortuit.<\/p>\n\n\n\n<p><strong>12. R\u00c9SOLUTION DES LITIGES. DROIT APPLICABLE ET JURIDICTION COMP\u00c9TENTE <\/strong><\/p>\n\n\n\n<p>Les pr\u00e9sentes Conditions G\u00e9n\u00e9rales d\u2019Utilisation, ainsi que l\u2019utilisation de prensaescrita.org, sont r\u00e9gies par <strong><strong>les<\/strong><\/strong> lois v\u00e9n\u00e9zu\u00e9lienne et espagnole. Pour la r\u00e9solution de tout litige, les parties se soumettront aux Cours et Tribunaux du si\u00e8ge social du Gestionnaire du Site. <\/p>\n\n\n\n<p>Dans l\u2019hypoth\u00e8se o\u00f9 l\u2019une quelconque des dispositions des pr\u00e9sentes Conditions G\u00e9n\u00e9rales d\u2019Utilisation serait inapplicable ou nulle et non avenue en vertu de la loi applicable ou \u00e0 la suite d\u2019une d\u00e9cision judiciaire ou administrative, cette inapplicabilit\u00e9 ou nullit\u00e9 ne rendra pas les pr\u00e9sentes Conditions G\u00e9n\u00e9rales d\u2019Utilisation inapplicables ou nulles et non avenues dans leur ensemble. Dans ce cas, la soci\u00e9t\u00e9 proc\u00e9dera \u00e0 la modification ou au remplacement de ladite stipulation par une autre qui est valide et ex\u00e9cutoire et qui, dans la mesure du possible, atteint l\u2019objectif et l\u2019intention refl\u00e9t\u00e9s dans la stipulation initiale. <\/p>\n<\/div>\n","protected":false},"excerpt":{"rendered":"<p>LOI SUR LES SERVICES DE LA SOCI\u00c9T\u00c9 DE L\u2019INFORMATION (LSSI) prensaescrita.org, responsable du site web, ci-apr\u00e8s RESPONSABLE, met \u00e0 la disposition des utilisateurs le pr\u00e9sent document, avec lequel il entend se conformer aux obligations pr\u00e9vues par la loi 34\/2002, du 11 juillet, sur les services de la soci\u00e9t\u00e9 de l\u2019information et du commerce \u00e9lectronique (LSSICE), &#8230; <a title=\"Mentions l\u00e9gales\" class=\"read-more\" href=\"https:\/\/prensaescrita.org\/fr\/mentions-legales\/\" aria-label=\"En savoir plus sur Mentions l\u00e9gales\">Lire plus<\/a><\/p>\n","protected":false},"author":2,"featured_media":0,"parent":0,"menu_order":0,"comment_status":"closed","ping_status":"closed","template":"","meta":{"footnotes":""},"class_list":{"0":"post-3738","1":"page","2":"type-page","3":"status-publish","5":"infinite-scroll-item"},"_hostinger_reach_plugin_has_subscription_block":false,"_hostinger_reach_plugin_is_elementor":false,"_links":{"self":[{"href":"https:\/\/prensaescrita.org\/fr\/wp-json\/wp\/v2\/pages\/3738","targetHints":{"allow":["GET"]}}],"collection":[{"href":"https:\/\/prensaescrita.org\/fr\/wp-json\/wp\/v2\/pages"}],"about":[{"href":"https:\/\/prensaescrita.org\/fr\/wp-json\/wp\/v2\/types\/page"}],"author":[{"embeddable":true,"href":"https:\/\/prensaescrita.org\/fr\/wp-json\/wp\/v2\/users\/2"}],"replies":[{"embeddable":true,"href":"https:\/\/prensaescrita.org\/fr\/wp-json\/wp\/v2\/comments?post=3738"}],"version-history":[{"count":1,"href":"https:\/\/prensaescrita.org\/fr\/wp-json\/wp\/v2\/pages\/3738\/revisions"}],"predecessor-version":[{"id":3740,"href":"https:\/\/prensaescrita.org\/fr\/wp-json\/wp\/v2\/pages\/3738\/revisions\/3740"}],"wp:attachment":[{"href":"https:\/\/prensaescrita.org\/fr\/wp-json\/wp\/v2\/media?parent=3738"}],"curies":[{"name":"wp","href":"https:\/\/api.w.org\/{rel}","templated":true}]}}