{"id":3397,"date":"2025-03-08T17:06:14","date_gmt":"2025-03-08T17:06:14","guid":{"rendered":"https:\/\/prensaescrita.org\/politique-en-matiere-de-cookies\/"},"modified":"2025-03-18T11:45:42","modified_gmt":"2025-03-18T11:45:42","slug":"politique-en-matiere-de-cookies","status":"publish","type":"page","link":"https:\/\/prensaescrita.org\/fr\/politique-en-matiere-de-cookies\/","title":{"rendered":"Politique en mati\u00e8re de cookies"},"content":{"rendered":"\n<div class=\"gb-element-19fa11e7\">\n<p>Les cookies sont de petites quantit\u00e9s d\u2019informations qui sont stock\u00e9es dans le navigateur utilis\u00e9 par chaque utilisateur afin que le serveur se souvienne de certaines informations qu\u2019il peut utiliser ult\u00e9rieurement.<\/p>\n\n\n\n<h4 class=\"wp-block-heading\">Types de cookies que nous utilisons<\/h4>\n\n\n\n<p>Ce site web utilise des cookies tiers, c\u2019est-\u00e0-dire ceux qui sont envoy\u00e9s \u00e0 votre ordinateur ou \u00e0 votre terminal \u00e0 partir d\u2019un domaine ou d\u2019un site web qui n\u2019est pas g\u00e9r\u00e9 par nous, mais par une autre entit\u00e9 qui traite les donn\u00e9es obtenues par le biais des cookies.<\/p>\n\n\n\n<p>Dans ce cas, les cookies sont utilis\u00e9s \u00e0 des fins statistiques li\u00e9es aux visites qu\u2019il re\u00e7oit et aux pages qui sont consult\u00e9es, et son utilisation est accept\u00e9e lors de la navigation.<\/p>\n\n\n\n<figure class=\"wp-block-table\"><table class=\"has-fixed-layout\"><tbody><tr><th>BISCUIT<br\/>(ET LE FOURNISSEUR)<\/th><th>DUR\u00c9E<\/th><th>DESCRIPTION<\/th><\/tr><tr><td>__cfduid (notin.es)<\/td><td>Session<\/td><td>Publicit\u00e9s<\/td><\/tr><tr><td>personalization_id (twitter.com)<\/td><td>Session<\/td><td>Gazouiller<\/td><\/tr><tr><td>Sur Facebook<\/td><td>Publicit\u00e9, statistiques et mesures<\/td><td>Il place des cookies sur votre ordinateur ou votre appareil et re\u00e7oit les informations qui y sont stock\u00e9es lorsque vous utilisez ou visitez des services fournis par d\u2019autres soci\u00e9t\u00e9s qui utilisent les services de Facebook.<\/td><\/tr><tr><td>_ga (Google)<\/td><td>2 ans<\/td><td>Il est utilis\u00e9 pour distinguer les utilisateurs.<\/td><\/tr><tr><td>_gid (Google)<\/td><td>24 heures sur 24<\/td><td>Il est utilis\u00e9 pour distinguer les utilisateurs.<\/td><\/tr><tr><td>_gat (Google)<\/td><td>1 minute<\/td><td>Il est utilis\u00e9 pour limiter le pourcentage de demandes. Si vous avez mis en \u0153uvre Google Analytics \u00e0 l\u2019aide de Google Tag Manager, ce cookie sera appel\u00e9 _dc_gtm_<property-id>. <\/property-id><\/td><\/tr><tr><td>_gali (Google)<\/td><td>Ann\u00e9es 30<\/td><td>Am\u00e9lioration de l\u2019attribution des liens.<\/td><\/tr><tr><td>_unam (SHARETHIS)<\/td><td>Persistant<\/td><td>Son objectif est de quantifier le nombre d\u2019utilisateurs qui partagent un certain contenu et le nombre de pages Web visit\u00e9es \u00e0 la suite de cette action.<\/td><\/tr><tr><td>WordPress<\/td><td>2 ans<\/td><td>Utilis\u00e9 pour le bon fonctionnement du syst\u00e8me de gestion de contenu WordPress.<\/td><\/tr><\/tbody><\/table><\/figure>\n\n\n\n<p>Pour plus d\u2019informations sur les types de cookies de suivi et d\u2019analyse de donn\u00e9es de Google <a href=\"https:\/\/www.google.com\/intl\/es_es\/policies\/technologies\/types\/\" target=\"_blank\" rel=\"noreferrer noopener\">, cliquez ici<\/a>.<\/p>\n\n\n\n<p>Pour savoir comment supprimer les cookies de votre navigateur :<\/p>\n\n\n\n<ul class=\"wp-block-list\">\n<li><a href=\"https:\/\/support.mozilla.org\/es\/kb\/habilitar-y-deshabilitar-cookies-sitios-web-rastrear-preferencias\" target=\"_blank\" rel=\"noreferrer noopener\">Firefox<\/a><\/li>\n\n\n\n<li><a href=\"https:\/\/support.google.com\/chrome\/answer\/95647?hl=es\" target=\"_blank\" rel=\"noreferrer noopener\">Chrome<\/a><\/li>\n\n\n\n<li><a href=\"https:\/\/support.apple.com\/kb\/PH19214?viewlocale=es_ES&amp;locale=es_ES\" target=\"_blank\" rel=\"noreferrer noopener\">Safari<\/a><\/li>\n<\/ul>\n<\/div>\n","protected":false},"excerpt":{"rendered":"<p>Les cookies sont de petites quantit\u00e9s d\u2019informations qui sont stock\u00e9es dans le navigateur utilis\u00e9 par chaque utilisateur afin que le serveur se souvienne de certaines informations qu\u2019il peut utiliser ult\u00e9rieurement. Types de cookies que nous utilisons Ce site web utilise des cookies tiers, c\u2019est-\u00e0-dire ceux qui sont envoy\u00e9s \u00e0 votre ordinateur ou \u00e0 votre terminal &#8230; <a title=\"Politique en mati\u00e8re de cookies\" class=\"read-more\" href=\"https:\/\/prensaescrita.org\/fr\/politique-en-matiere-de-cookies\/\" aria-label=\"En savoir plus sur Politique en mati\u00e8re de cookies\">Lire plus<\/a><\/p>\n","protected":false},"author":2,"featured_media":0,"parent":0,"menu_order":0,"comment_status":"closed","ping_status":"closed","template":"","meta":{"footnotes":""},"class_list":{"0":"post-3397","1":"page","2":"type-page","3":"status-publish","5":"infinite-scroll-item"},"_hostinger_reach_plugin_has_subscription_block":false,"_hostinger_reach_plugin_is_elementor":false,"_links":{"self":[{"href":"https:\/\/prensaescrita.org\/fr\/wp-json\/wp\/v2\/pages\/3397","targetHints":{"allow":["GET"]}}],"collection":[{"href":"https:\/\/prensaescrita.org\/fr\/wp-json\/wp\/v2\/pages"}],"about":[{"href":"https:\/\/prensaescrita.org\/fr\/wp-json\/wp\/v2\/types\/page"}],"author":[{"embeddable":true,"href":"https:\/\/prensaescrita.org\/fr\/wp-json\/wp\/v2\/users\/2"}],"replies":[{"embeddable":true,"href":"https:\/\/prensaescrita.org\/fr\/wp-json\/wp\/v2\/comments?post=3397"}],"version-history":[{"count":1,"href":"https:\/\/prensaescrita.org\/fr\/wp-json\/wp\/v2\/pages\/3397\/revisions"}],"predecessor-version":[{"id":3399,"href":"https:\/\/prensaescrita.org\/fr\/wp-json\/wp\/v2\/pages\/3397\/revisions\/3399"}],"wp:attachment":[{"href":"https:\/\/prensaescrita.org\/fr\/wp-json\/wp\/v2\/media?parent=3397"}],"curies":[{"name":"wp","href":"https:\/\/api.w.org\/{rel}","templated":true}]}}