{"id":3386,"date":"2025-03-08T17:05:14","date_gmt":"2025-03-08T17:05:14","guid":{"rendered":"https:\/\/prensaescrita.org\/politique-de-confidentialite\/"},"modified":"2025-03-18T11:45:35","modified_gmt":"2025-03-18T11:45:35","slug":"politique-de-confidentialite","status":"publish","type":"page","link":"https:\/\/prensaescrita.org\/fr\/politique-de-confidentialite\/","title":{"rendered":"Politique de confidentialit\u00e9"},"content":{"rendered":"\n<div class=\"gb-element-9f66d1d1\">\n<p><strong>prensaescrita.org<\/strong> vous informe de sa politique de confidentialit\u00e9 concernant le traitement et la protection des donn\u00e9es personnelles des utilisateurs et des clients qui peuvent \u00eatre collect\u00e9es par la navigation ou la souscription de services par le biais <strong><strong>du site prensaescrita.org<\/strong><\/strong> site web.<\/p>\n\n\n\n<p>En ce sens, le Propri\u00e9taire garantit le respect de la r\u00e9glementation en vigueur en mati\u00e8re de protection des donn\u00e9es personnelles, refl\u00e9t\u00e9e dans la loi organique 3\/2018, du 5 d\u00e9cembre, sur la protection des donn\u00e9es personnelles et la garantie des droits num\u00e9riques (LOPD GDD). Il est \u00e9galement conforme au r\u00e8glement (UE) 2016\/679 du Parlement europ\u00e9en et du Conseil du 27 avril 2016 relatif \u00e0 la protection des personnes physiques (RGPD). <\/p>\n\n\n\n<p>L\u2019utilisation du cultivoshidroponicos.org site web implique l\u2019acceptation de <strong>la<\/strong> pr\u00e9sente politique de confidentialit\u00e9 ainsi que des conditions incluses dans les avis juridiques.<\/p>\n\n\n\n<h3 class=\"wp-block-heading\" id=\"identidad-del-responsable\">Identit\u00e9 de la personne responsable<\/h3>\n\n\n\n<ul class=\"wp-block-list\">\n<li>Courriel : <strong>contacto@<strong>prensaescrita.org<\/strong><\/strong><\/li>\n\n\n\n<li>Site Web : <strong><strong>prensaescrita.org<\/strong><\/strong><\/li>\n<\/ul>\n\n\n\n<h3 class=\"wp-block-heading\" id=\"principios-aplicados-en-el-tratamiento-de-datos\">Principes appliqu\u00e9s dans le traitement des donn\u00e9es<\/h3>\n\n\n\n<p>Dans le traitement de vos donn\u00e9es personnelles, le Propri\u00e9taire appliquera les principes suivants qui sont conformes aux exigences du nouveau r\u00e8glement europ\u00e9en sur la protection des donn\u00e9es :<\/p>\n\n\n\n<ul class=\"wp-block-list\">\n<li><strong>Principe de lic\u00e9it\u00e9, de loyaut\u00e9 et de transparence :<\/strong> Le Propri\u00e9taire aura toujours besoin du consentement pour le traitement de vos donn\u00e9es personnelles, qui peuvent \u00eatre pour une ou plusieurs finalit\u00e9s sp\u00e9cifiques dont il vous informera \u00e0 l\u2019avance avec une transparence absolue.<\/li>\n\n\n\n<li><strong>Principe de minimisation des donn\u00e9es :<\/strong> Le responsable du traitement ne vous demandera que les donn\u00e9es strictement n\u00e9cessaires \u00e0 la finalit\u00e9 ou aux finalit\u00e9s pour lesquelles elles sont demand\u00e9es.<\/li>\n\n\n\n<li><strong>Principe de limitation de la dur\u00e9e de conservation :<\/strong> Les donn\u00e9es seront conserv\u00e9es pendant le temps strictement n\u00e9cessaire \u00e0 la finalit\u00e9 ou aux finalit\u00e9s du traitement.<br\/>Le Propri\u00e9taire vous informera de la p\u00e9riode de conservation correspondante en fonction de la finalit\u00e9. Dans le cas d\u2019abonnements, le titulaire du compte r\u00e9visera p\u00e9riodiquement les listes et supprimera les enregistrements inactifs depuis longtemps. <\/li>\n\n\n\n<li><strong>Principe d\u2019int\u00e9grit\u00e9 et de confidentialit\u00e9 :<\/strong> Vos donn\u00e9es seront trait\u00e9es de mani\u00e8re \u00e0 garantir leur s\u00e9curit\u00e9, leur confidentialit\u00e9 et leur int\u00e9grit\u00e9. Vous devez savoir que le Propri\u00e9taire prend les pr\u00e9cautions n\u00e9cessaires pour emp\u00eacher l\u2019acc\u00e8s non autoris\u00e9 ou l\u2019utilisation inappropri\u00e9e des donn\u00e9es de ses utilisateurs par des tiers. <\/li>\n<\/ul>\n\n\n\n<h3 class=\"wp-block-heading\" id=\"obtencin-de-datos-personales\">Collecte de donn\u00e9es personnelles<\/h3>\n\n\n\n<p>Pour naviguer <strong><strong>prensaescrita.org<\/strong><\/strong> vous n\u2019avez pas besoin de fournir de donn\u00e9es personnelles. Les cas dans lesquels vous fournissez vos donn\u00e9es personnelles sont les suivants : <\/p>\n\n\n\n<ul class=\"wp-block-list\">\n<li>En contactant via les formulaires de contact ou en envoyant un e-mail.<\/li>\n\n\n\n<li>Au d\u00e9but des proc\u00e9dures de n\u00e9gociation de l\u2019une des propri\u00e9t\u00e9s \u00e0 vendre.<\/li>\n\n\n\n<li>En d\u00e9clarant votre int\u00e9r\u00eat pour la publicit\u00e9 d\u2019un bien immobilier sur notre site internet.<\/li>\n\n\n\n<li>Lorsque vous commentez un article ou une page.<\/li>\n<\/ul>\n\n\n\n<h3 class=\"wp-block-heading\" id=\"tus-derechos\">Vos droits<\/h3>\n\n\n\n<p>Le Propri\u00e9taire vous informe que vous avez le droit de :<\/p>\n\n\n\n<ul class=\"wp-block-list\">\n<li>Demandez l\u2019acc\u00e8s aux donn\u00e9es stock\u00e9es.<\/li>\n\n\n\n<li>Demandez une rectification ou une annulation.<\/li>\n\n\n\n<li>Demander la limitation de son traitement.<\/li>\n\n\n\n<li>S\u2019opposer au traitement.<\/li>\n\n\n\n<li>Demander la portabilit\u00e9 de vos donn\u00e9es.<\/li>\n<\/ul>\n\n\n\n<p>L\u2019exercice de ces droits est personnel et doit donc \u00eatre exerc\u00e9 directement par l\u2019int\u00e9ress\u00e9, en le demandant directement au Propri\u00e9taire, ce qui signifie que tout client, abonn\u00e9 ou collaborateur qui a fourni ses donn\u00e9es \u00e0 tout moment peut contacter le Propri\u00e9taire et demander des informations sur les donn\u00e9es qu\u2019il a stock\u00e9es et comment il les a obtenues,  demander la rectification de ceux-ci, demander la portabilit\u00e9 de leurs donn\u00e9es personnelles, s\u2019opposer au traitement, limiter leur utilisation ou demander l\u2019annulation de ces donn\u00e9es dans les fichiers du Propri\u00e9taire.<\/p>\n\n\n\n<p>Pour exercer vos droits d\u2019acc\u00e8s, de rectification, d\u2019annulation, de portabilit\u00e9 et d\u2019opposition<strong><strong>,<\/strong> vous devez envoyer<\/strong> un courrier \u00e9lectronique \u00e0 contacto@prensaescrita.org accompagn\u00e9 d\u2019une preuve l\u00e9gale valable telle qu\u2019une photocopie de votre carte d\u2019identit\u00e9 ou \u00e9quivalent.<\/p>\n\n\n\n<p>Vous avez le droit \u00e0 une protection juridictionnelle effective et d\u2019introduire une plainte aupr\u00e8s de l\u2019autorit\u00e9 de contr\u00f4le, en l\u2019occurrence l\u2019Agence espagnole de protection des donn\u00e9es, si vous estimez que le traitement des donn\u00e9es \u00e0 caract\u00e8re personnel vous concernant enfreint le R\u00e8glement.<\/p>\n\n\n\n<h3 class=\"wp-block-heading\" id=\"finalidad-del-tratamiento-de-datos-personales\">Finalit\u00e9 du traitement des donn\u00e9es \u00e0 caract\u00e8re personnel<\/h3>\n\n\n\n<p>Lorsque vous vous connectez au site <strong><strong>prensaescrita.org<\/strong><\/strong> pour envoyer un courriel au Propri\u00e9taire, vous abonner \u00e0 sa newsletter ou conclure un contrat, vous fournissez des informations personnelles dont le Propri\u00e9taire est responsable. Ces informations peuvent inclure des donn\u00e9es personnelles telles que votre adresse IP, votre nom et pr\u00e9nom, votre adresse physique, votre adresse e-mail, votre num\u00e9ro de t\u00e9l\u00e9phone et d\u2019autres informations. En fournissant ces informations, vous consentez \u00e0 ce que vos informations soient recueillies, utilis\u00e9es, g\u00e9r\u00e9es et stock\u00e9es par superadmin.es, uniquement comme d\u00e9crit dans les avis juridiques et la pr\u00e9sente politique de confidentialit\u00e9.  <\/p>\n\n\n\n<p>Les donn\u00e9es personnelles et la finalit\u00e9 du traitement par le Propri\u00e9taire sont diff\u00e9rentes en fonction du syst\u00e8me de capture d\u2019informations :<\/p>\n\n\n\n<ul class=\"wp-block-list\">\n<li><strong>Formulaires de contact :<\/strong> Le Propri\u00e9taire demande des donn\u00e9es personnelles, qui peuvent inclure : Nom et pr\u00e9nom, adresse e-mail, num\u00e9ro de t\u00e9l\u00e9phone et adresse de votre site Web afin de r\u00e9pondre \u00e0 vos demandes.<br\/>Par exemple, le Propri\u00e9taire utilise ces donn\u00e9es pour r\u00e9pondre \u00e0 vos messages, doutes, plaintes, commentaires ou pr\u00e9occupations que vous pourriez avoir concernant les informations incluses dans le site Web, les services fournis par le biais du site Web, le traitement de vos donn\u00e9es personnelles, les questions relatives aux textes juridiques inclus dans le site Web,  ainsi que toute autre question que vous pourriez avoir qui n\u2019est pas soumise aux conditions du site Web ou du contrat.<\/li>\n<\/ul>\n\n\n\n<p>Le Propri\u00e9taire traite vos donn\u00e9es personnelles \u00e0 d\u2019autres fins :<\/p>\n\n\n\n<ul class=\"wp-block-list\">\n<li>Pour assurer le respect des conditions \u00e9nonc\u00e9es dans les Mentions l\u00e9gales et de la loi applicable. Cela peut inclure le d\u00e9veloppement d\u2019outils et d\u2019algorithmes qui aident ce site Web \u00e0 garantir la confidentialit\u00e9 des donn\u00e9es personnelles qu\u2019il collecte. <\/li>\n\n\n\n<li>Pour soutenir et am\u00e9liorer les services propos\u00e9s <strong><strong>par prensaescrita.org<\/strong><\/strong>.<\/li>\n\n\n\n<li>Pour analyser la navigation. Le Propri\u00e9taire collecte d\u2019autres donn\u00e9es non identifiantes obtenues gr\u00e2ce \u00e0 l\u2019utilisation de cookies qui sont t\u00e9l\u00e9charg\u00e9s sur votre ordinateur lorsque vous naviguez sur le site Web, dont les caract\u00e9ristiques et la finalit\u00e9 sont d\u00e9taill\u00e9es dans la politique de cookies. <\/li>\n\n\n\n<li>Pour g\u00e9rer les r\u00e9seaux sociaux. le Propri\u00e9taire est pr\u00e9sent sur les r\u00e9seaux sociaux. Si vous devenez abonn\u00e9 sur les r\u00e9seaux sociaux du Propri\u00e9taire, le traitement des donn\u00e9es personnelles sera r\u00e9gi par la pr\u00e9sente section, ainsi que par les conditions d\u2019utilisation, les politiques de confidentialit\u00e9 et les r\u00e8glements d\u2019acc\u00e8s qui appartiennent au r\u00e9seau social appropri\u00e9 dans chaque cas et que vous avez pr\u00e9alablement accept\u00e9s.  <\/li>\n<\/ul>\n\n\n\n<p>Vous pouvez consulter les politiques de confidentialit\u00e9 des principaux r\u00e9seaux sociaux \u00e0 l\u2019adresse suivante :<\/p>\n\n\n\n<ul class=\"wp-block-list\">\n<li>Sur Facebook<\/li>\n\n\n\n<li>Gazouiller<\/li>\n\n\n\n<li>Lien LinkedIn<\/li>\n\n\n\n<li>Youtube<\/li>\n\n\n\n<li>Sur Instagram<\/li>\n<\/ul>\n\n\n\n<p>Le Propri\u00e9taire traitera vos donn\u00e9es personnelles afin de g\u00e9rer correctement sa pr\u00e9sence sur le r\u00e9seau social, de vous informer de ses activit\u00e9s, produits ou services, ainsi qu\u2019\u00e0 toute autre fin autoris\u00e9e par la r\u00e9glementation des r\u00e9seaux sociaux.<\/p>\n\n\n\n<p>En aucun cas, le Propri\u00e9taire n\u2019utilisera les profils des abonn\u00e9s sur les r\u00e9seaux sociaux pour envoyer de la publicit\u00e9 individuellement.<\/p>\n\n\n\n<h3 class=\"wp-block-heading\" id=\"seguridad-de-los-datos-personales\">S\u00e9curit\u00e9 des donn\u00e9es personnelles<\/h3>\n\n\n\n<p>Pour prot\u00e9ger vos donn\u00e9es personnelles, le Propri\u00e9taire prend toutes les pr\u00e9cautions raisonnables et suit les meilleures pratiques de l\u2019industrie pour \u00e9viter leur perte, leur utilisation abusive, leur acc\u00e8s inappropri\u00e9, leur divulgation, leur alt\u00e9ration ou leur destruction.<\/p>\n\n\n\n<p>Le site est h\u00e9berg\u00e9 par banahosting. La s\u00e9curit\u00e9 de vos donn\u00e9es est garantie, car ils prennent toutes les mesures de s\u00e9curit\u00e9 n\u00e9cessaires pour cela. Vous pouvez consulter leur politique de confidentialit\u00e9 pour plus d\u2019informations.  <\/p>\n\n\n\n<h3 class=\"wp-block-heading\" id=\"contenido-de-otros-sitios-web\">Contenu provenant d\u2019autres sites Web<\/h3>\n\n\n\n<p><strong>cultivoshidroponicos.org<\/strong> pages peuvent inclure du contenu int\u00e9gr\u00e9 (par exemple, des vid\u00e9os, des images, des articles, etc.). Le contenu int\u00e9gr\u00e9 d\u2019autres sites Web se comporte exactement de la m\u00eame mani\u00e8re que si vous aviez visit\u00e9 l\u2019autre site Web. <\/p>\n\n\n\n<p>Ces sites Web peuvent collecter des donn\u00e9es vous concernant, utiliser des cookies, int\u00e9grer un code de suivi tiers suppl\u00e9mentaire et surveiller votre interaction \u00e0 l\u2019aide de ce code.<\/p>\n\n\n\n<h3 class=\"wp-block-heading\" id=\"poltica-de-cookies\">Politique en mati\u00e8re de cookies<\/h3>\n\n\n\n<p>Pour que ce site Web fonctionne correctement, vous devez utiliser des cookies, qui sont des informations stock\u00e9es dans votre navigateur Web.<\/p>\n\n\n\n<p>Sur la page Politique de cookies, vous pouvez consulter toutes les informations concernant la politique de collecte, la finalit\u00e9 et le traitement des cookies.<\/p>\n\n\n\n<h3 class=\"wp-block-heading\" id=\"legitimacin-para-el-tratamiento-de-datos\">L\u00e9gitimit\u00e9 du traitement des donn\u00e9es<\/h3>\n\n\n\n<p>La base juridique du traitement de vos donn\u00e9es est : le consentement.<\/p>\n\n\n\n<p>Pour contacter le propri\u00e9taire, vous abonner \u00e0 une newsletter ou faire des commentaires sur ce site Web, vous devez accepter cette politique de confidentialit\u00e9.<\/p>\n\n\n\n<h3 class=\"wp-block-heading\" id=\"categoras-de-datos-personales\">Cat\u00e9gories de donn\u00e9es personnelles<\/h3>\n\n\n\n<p>Les cat\u00e9gories de donn\u00e9es personnelles trait\u00e9es par le Propri\u00e9taire sont les suivantes :<\/p>\n\n\n\n<ul class=\"wp-block-list\">\n<li>Donn\u00e9es d\u2019identification.<\/li>\n<\/ul>\n\n\n\n<h3 class=\"wp-block-heading\" id=\"conservacin-de-datos-personales\">Conservation des donn\u00e9es personnelles<\/h3>\n\n\n\n<p>Les donn\u00e9es personnelles que vous fournissez au Propri\u00e9taire seront conserv\u00e9es jusqu\u2019\u00e0 ce que vous demandiez leur suppression.<\/p>\n\n\n\n<h3 class=\"wp-block-heading\" id=\"destinatarios-de-datos-personales\">Destinataires des donn\u00e9es personnelles<\/h3>\n\n\n\n<ul class=\"wp-block-list\">\n<li><strong>Mailchimp<\/strong> The Rocket Science Group LLC d\/b\/a , domicili\u00e9 aux \u00c9tats-Unis.<br\/>Vous trouverez de plus amples informations \u00e0 <strong><a href=\"https:\/\/mailchimp.com\/\" target=\"_blank\" rel=\"noreferrer noopener\">l\u2019adresse<\/a> suivante : https:\/\/mailchimp.com<\/strong><br\/>Rocket Science Group LLC d\/b\/a traite les donn\u00e9es dans le but de fournir ses services de courrier \u00e9lectronique au propri\u00e9taire.<\/li>\n\n\n\n<li><strong>Google Analytics<\/strong> est un service d\u2019analyse Web fourni par Google, Inc., une soci\u00e9t\u00e9 du Delaware dont le si\u00e8ge social est situ\u00e9 au 1600 Amphitheatre Parkway, Mountain View (Californie), CA 94043, \u00c9tats-Unis (\u00ab Google \u00bb). Vous trouverez de plus amples informations \u00e0 <strong><a href=\"https:\/\/analytics.google.com\/\" target=\"_blank\" rel=\"noreferrer noopener\">l\u2019adresse<\/a> suivante : https:\/\/analytics.google.com<\/strong><br\/>Google Analytics utilise des \u00ab\u00a0cookies\u00a0\u00bb, qui sont des fichiers texte plac\u00e9s sur votre ordinateur, pour aider le Propri\u00e9taire \u00e0 analyser l\u2019utilisation faite par les utilisateurs du site Web. Les informations g\u00e9n\u00e9r\u00e9es par le cookie concernant votre utilisation du site Web (y compris votre adresse IP) seront directement transmises et stock\u00e9es par Google sur des serveurs aux \u00c9tats-Unis. <\/li>\n<\/ul>\n\n\n\n<p>Vous pouvez \u00e9galement consulter une liste des types de cookies utilis\u00e9s par Google et ses partenaires, ainsi que des informations sur leur utilisation des cookies publicitaires.<\/p>\n\n\n\n<h3 class=\"wp-block-heading\" id=\"navegacin-web\">Navigation sur le Web<\/h3>\n\n\n\n<p>Lors <strong><strong>de la navigation prensaescrita.org<\/strong><\/strong> des donn\u00e9es non identifiantes peuvent \u00eatre collect\u00e9es, notamment l\u2019adresse IP, la g\u00e9olocalisation, un enregistrement de l\u2019utilisation des services et des sites, les habitudes de navigation et d\u2019autres donn\u00e9es qui ne peuvent pas \u00eatre utilis\u00e9es pour vous identifier.<\/p>\n\n\n\n<p>Le site Web utilise les services d\u2019analyse tiers suivants :<\/p>\n\n\n\n<p>SUPPRIMEZ CEUX QUE VOUS N\u2019UTILISEZ PAS :<\/p>\n\n\n\n<ul class=\"wp-block-list\">\n<li>Google Analytique<\/li>\n\n\n\n<li>DoubleClick par Google<\/li>\n<\/ul>\n\n\n\n<p>Le Propri\u00e9taire utilise les informations obtenues pour obtenir des donn\u00e9es statistiques, analyser les tendances, administrer le site, \u00e9tudier les habitudes de navigation et recueillir des informations d\u00e9mographiques.<\/p>\n\n\n\n<h3 class=\"wp-block-heading\" id=\"exactitud-y-veracidad-de-los-datos-personales\">Exactitude et v\u00e9racit\u00e9 des donn\u00e9es personnelles<\/h3>\n\n\n\n<p>Vous vous engagez \u00e0 ce que les donn\u00e9es fournies au Titulaire soient correctes, compl\u00e8tes, exactes et \u00e0 jour, ainsi qu\u2019\u00e0 les maintenir d\u00fbment \u00e0 jour.<\/p>\n\n\n\n<p>En tant qu\u2019utilisateur du site Web, vous \u00eates seul responsable de la v\u00e9racit\u00e9 et de l\u2019exactitude des donn\u00e9es que vous envoyez au site, exon\u00e9rant le propri\u00e9taire de toute responsabilit\u00e9 \u00e0 cet \u00e9gard.<\/p>\n\n\n\n<h3 class=\"wp-block-heading\" id=\"aceptacin-y-consentimiento\">Acceptation et consentement<\/h3>\n\n\n\n<p>En tant qu\u2019utilisateur du site Web, vous d\u00e9clarez avoir \u00e9t\u00e9 inform\u00e9 des conditions relatives \u00e0 la protection des donn\u00e9es personnelles, vous acceptez et consentez au traitement de celles-ci par le Propri\u00e9taire de la mani\u00e8re et aux fins indiqu\u00e9es dans la pr\u00e9sente politique de confidentialit\u00e9.<\/p>\n\n\n\n<h3 class=\"wp-block-heading\" id=\"revocabilidad\">R\u00e9vocabilit\u00e9<\/h3>\n\n\n\n<p>Pour exercer vos droits d\u2019acc\u00e8s, de rectification, d\u2019annulation, de portabilit\u00e9 et d\u2019opposition<strong><strong>,<\/strong> vous devez envoyer<\/strong> un courrier \u00e9lectronique \u00e0 contacto@prensaescrita.org accompagn\u00e9 d\u2019une preuve l\u00e9gale valable telle qu\u2019une photocopie de votre carte d\u2019identit\u00e9 ou \u00e9quivalent.<\/p>\n\n\n\n<p>L\u2019exercice de vos droits n\u2019inclut pas les donn\u00e9es que le Propri\u00e9taire est tenu de conserver \u00e0 des fins administratives, juridiques ou de s\u00e9curit\u00e9.<\/p>\n\n\n\n<h3 class=\"wp-block-heading\" id=\"cambios-en-la-poltica-de-privacidad\">Modifications de la politique de confidentialit\u00e9<\/h3>\n\n\n\n<p>Le Propri\u00e9taire se r\u00e9serve le droit de modifier la pr\u00e9sente Politique de confidentialit\u00e9 pour l\u2019adapter \u00e0 la nouvelle l\u00e9gislation ou jurisprudence, ainsi qu\u2019aux pratiques de l\u2019industrie.<\/p>\n\n\n\n<p>Ces politiques seront en vigueur jusqu\u2019\u00e0 ce qu\u2019elles soient modifi\u00e9es par d\u2019autres politiques d\u00fbment publi\u00e9es.<\/p>\n<\/div>\n","protected":false},"excerpt":{"rendered":"<p>prensaescrita.org vous informe de sa politique de confidentialit\u00e9 concernant le traitement et la protection des donn\u00e9es personnelles des utilisateurs et des clients qui peuvent \u00eatre collect\u00e9es par la navigation ou la souscription de services par le biais du site prensaescrita.org site web. En ce sens, le Propri\u00e9taire garantit le respect de la r\u00e9glementation en vigueur &#8230; <a title=\"Politique de confidentialit\u00e9\" class=\"read-more\" href=\"https:\/\/prensaescrita.org\/fr\/politique-de-confidentialite\/\" aria-label=\"En savoir plus sur Politique de confidentialit\u00e9\">Lire plus<\/a><\/p>\n","protected":false},"author":2,"featured_media":0,"parent":0,"menu_order":0,"comment_status":"closed","ping_status":"closed","template":"","meta":{"footnotes":""},"class_list":{"0":"post-3386","1":"page","2":"type-page","3":"status-publish","5":"infinite-scroll-item"},"_links":{"self":[{"href":"https:\/\/prensaescrita.org\/fr\/wp-json\/wp\/v2\/pages\/3386","targetHints":{"allow":["GET"]}}],"collection":[{"href":"https:\/\/prensaescrita.org\/fr\/wp-json\/wp\/v2\/pages"}],"about":[{"href":"https:\/\/prensaescrita.org\/fr\/wp-json\/wp\/v2\/types\/page"}],"author":[{"embeddable":true,"href":"https:\/\/prensaescrita.org\/fr\/wp-json\/wp\/v2\/users\/2"}],"replies":[{"embeddable":true,"href":"https:\/\/prensaescrita.org\/fr\/wp-json\/wp\/v2\/comments?post=3386"}],"version-history":[{"count":1,"href":"https:\/\/prensaescrita.org\/fr\/wp-json\/wp\/v2\/pages\/3386\/revisions"}],"predecessor-version":[{"id":3388,"href":"https:\/\/prensaescrita.org\/fr\/wp-json\/wp\/v2\/pages\/3386\/revisions\/3388"}],"wp:attachment":[{"href":"https:\/\/prensaescrita.org\/fr\/wp-json\/wp\/v2\/media?parent=3386"}],"curies":[{"name":"wp","href":"https:\/\/api.w.org\/{rel}","templated":true}]}}