{"id":3742,"date":"2025-03-08T17:02:38","date_gmt":"2025-03-08T17:02:38","guid":{"rendered":"https:\/\/prensaescrita.org\/kayttoehdot\/"},"modified":"2025-03-18T11:49:01","modified_gmt":"2025-03-18T11:49:01","slug":"kayttoehdot","status":"publish","type":"page","link":"https:\/\/prensaescrita.org\/fi\/kayttoehdot\/","title":{"rendered":"K\u00e4ytt\u00f6ehdot"},"content":{"rendered":"\n<div class=\"gb-element-fca20844\">\n<p><strong>LAKI TIETOYHTEISKUNNAN PALVELUISTA (LSSI)<\/strong><\/p>\n\n\n\n<p><strong>Verkkosivustosta vastaava prensaescrita.org<\/strong>, j\u00e4ljemp\u00e4n\u00e4 RESPONSIBLE, antaa t\u00e4m\u00e4n asiakirjan k\u00e4ytt\u00e4jien saataville, joiden avulla se aikoo noudattaa tietoyhteiskunnan palveluista ja s\u00e4hk\u00f6isest\u00e4 kaupank\u00e4ynnist\u00e4 11. hein\u00e4kuuta annetussa laissa 34\/2002 (LSSICE) s\u00e4\u00e4dettyj\u00e4 velvoitteita sek\u00e4 tiedottaa kaikille verkkosivuston k\u00e4ytt\u00e4jille k\u00e4ytt\u00f6ehdoista.<\/p>\n\n\n\n<p>Jokainen henkil\u00f6, joka k\u00e4ytt\u00e4\u00e4 t\u00e4t\u00e4 verkkosivustoa, ottaa k\u00e4ytt\u00e4j\u00e4n roolin ja sitoutuu noudattamaan ja noudattamaan tiukasti t\u00e4ss\u00e4 esitettyj\u00e4 m\u00e4\u00e4r\u00e4yksi\u00e4 sek\u00e4 kaikkia muita sovellettavia lakim\u00e4\u00e4r\u00e4yksi\u00e4.<\/p>\n\n\n\n<p><strong><strong>prensaescrita.org<\/strong><\/strong> pid\u00e4tt\u00e4\u00e4 oikeuden muuttaa mit\u00e4 tahansa verkkosivustolla mahdollisesti esiintyv\u00e4\u00e4 tietoa tai myyt\u00e4v\u00e4\u00e4 omaisuutta ilman velvollisuutta ilmoittaa etuk\u00e4teen tai ilmoittaa k\u00e4ytt\u00e4jille t\u00e4llaisista velvoitteista, edellytt\u00e4en, ett\u00e4 julkaiseminen <strong><strong>prensaescrita.org<\/strong><\/strong> verkkosivustolla riitt\u00e4\u00e4.<\/p>\n\n\n\n<p><strong>1. TUNNISTETIEDOT<\/strong><\/p>\n\n\n\n<p>Yrityksen nimi: <strong><strong>prensaescrita.org<\/strong><\/strong><br\/>Toiminimi: <strong><strong>prensaescrita.org<\/strong><\/strong><br\/>S\u00e4hk\u00f6posti: <strong>contacto@<strong>prensaescrita.org<\/strong><\/strong><\/p>\n\n\n\n<p><strong>2. TARKOITUS<\/strong><\/p>\n\n\n\n<p>Verkkosivuston kautta tarjoamme k\u00e4ytt\u00e4jille mahdollisuuden saada tietoa sanomalehdist\u00e4 ja sanomalehdist\u00e4 kaikkialta maailmasta.<\/p>\n\n\n\n<p><strong>3. YKSITYISYYS JA TIETOJENK\u00c4SITTELY<\/strong><\/p>\n\n\n\n<p>Kun henkil\u00f6tietojen antaminen on v\u00e4ltt\u00e4m\u00e4t\u00f6nt\u00e4 tietyn sis\u00e4ll\u00f6n tai palveluiden k\u00e4ytt\u00e4miseksi, k\u00e4ytt\u00e4j\u00e4t takaavat niiden todenper\u00e4isyyden, tarkkuuden, aitouden ja p\u00e4tevyyden. Yhti\u00f6 antaa kyseisille tiedoille vastaavan automaattisen k\u00e4sittelyn niiden luonteesta tai tarkoituksesta riippuen Tietosuojak\u00e4yt\u00e4nt\u00f6-osiossa ilmoitetuin ehdoin. <\/p>\n\n\n\n<p><strong>4. TEOLLIS- JA TEKIJ\u00c4NOIKEUDET<\/strong><\/p>\n\n\n\n<p>K\u00e4ytt\u00e4j\u00e4 tiedostaa ja hyv\u00e4ksyy, ett\u00e4 kaikki <strong><strong>prensaescrita.org<\/strong><\/strong> n\u00e4ytett\u00e4v\u00e4 sis\u00e4lt\u00f6 ja erityisesti mallit, tekstit, kuvat, logot, kuvakkeet, painikkeet, ohjelmistot, kauppanimet, tavaramerkit tai muut merkit, jotka ovat alttiita teolliselle ja\/tai kaupalliselle k\u00e4yt\u00f6lle, ovat immateriaalioikeuksien ja kaikkien tavaramerkkien, kauppanimien tai erottuvien merkkien, kaikkien teollis- ja immateriaalioikeuksien alaisia,  Sis\u00e4ll\u00f6st\u00e4 ja\/tai muista sivulle lis\u00e4tyist\u00e4 elementeist\u00e4, jotka ovat yrityksen ja\/tai kolmansien osapuolten yksinomaista omaisuutta, joilla on yksinoikeus k\u00e4ytt\u00e4\u00e4 niit\u00e4 liiketoiminnassaan. Kaikista n\u00e4ist\u00e4 syist\u00e4 K\u00e4ytt\u00e4j\u00e4 sitoutuu olemaan j\u00e4ljent\u00e4m\u00e4tt\u00e4, kopioimatta, jakamatta, asettamatta saataville tai mill\u00e4\u00e4n muulla tavalla julkisesti kommunikoimatta, muuntamatta tai muokkaamatta t\u00e4llaista sis\u00e4lt\u00f6\u00e4 pit\u00e4en yrityst\u00e4 vaarattomana kaikista vaatimuksista, jotka johtuvat t\u00e4llaisten velvoitteiden noudattamatta j\u00e4tt\u00e4misest\u00e4. <\/p>\n\n\n\n<p>Verkkosivustolle p\u00e4\u00e4sy ei miss\u00e4\u00e4n olosuhteissa tarkoita mink\u00e4\u00e4nlaista luopumista, siirt\u00e4mist\u00e4, lisenssi\u00e4 tai kyseisten oikeuksien t\u00e4ydellist\u00e4 tai osittaista siirtoa, ellei nimenomaisesti toisin mainita. N\u00e4m\u00e4 verkkosivuston yleiset k\u00e4ytt\u00f6ehdot <strong><strong>eiv\u00e4t prensaescrita.org<\/strong><\/strong> anna k\u00e4ytt\u00e4jille muita oikeuksia k\u00e4ytt\u00e4\u00e4, muuttaa, hy\u00f6dynt\u00e4\u00e4, j\u00e4ljent\u00e4\u00e4, jakaa tai julkisesti viesti\u00e4 verkkosivustoa ja\/tai sen sis\u00e4lt\u00f6\u00e4 muutoin kuin t\u00e4ss\u00e4 nimenomaisesti mainituissa. <\/p>\n\n\n\n<p>Oikeuksien muu k\u00e4ytt\u00f6 tai hy\u00f6dynt\u00e4minen edellytt\u00e4\u00e4 yrityksen tai kyseisten oikeuksien kolmannen osapuolen t\u00e4h\u00e4n tarkoitukseen nimenomaisesti my\u00f6nt\u00e4m\u00e4\u00e4 nimenomaista lupaa.<\/p>\n\n\n\n<p>Sis\u00e4lt\u00f6, tekstit, valokuvat, mallit, logot, kuvat, tietokoneohjelmat, l\u00e4hdekoodit ja ylip\u00e4\u00e4t\u00e4\u00e4n kaikki <strong><strong>prensaescrita.org<\/strong><\/strong> olemassa olevat henkiset luomukset sek\u00e4 itse tila kokonaisuutena, multimediataiteellisena teoksena, on suojattu tekij\u00e4noikeuksilla immateriaalioikeuksilla.<\/p>\n\n\n\n<p>Yritys omistaa <strong><strong>elementit<\/strong><\/strong>, jotka muodostavat prensaescrita.org graafisen suunnittelun, valikot, navigointipainikkeet, HTML-koodin, tekstit, kuvat, tekstuurit, grafiikat ja kaiken muun verkkosivuston sis\u00e4ll\u00f6n, tai sill\u00e4 on joka tapauksessa vastaava lupa n\u00e4iden elementtien k\u00e4ytt\u00f6\u00f6n.<\/p>\n\n\n\n<p><strong><strong>prensaescrita.org<\/strong><\/strong> annettua sis\u00e4lt\u00f6\u00e4 ei saa j\u00e4ljent\u00e4\u00e4 kokonaan tai osittain, v\u00e4litt\u00e4\u00e4 tai tallentaa mink\u00e4\u00e4n tiedonhakuj\u00e4rjestelm\u00e4n avulla miss\u00e4\u00e4n muodossa tai miss\u00e4\u00e4n v\u00e4lineess\u00e4, ellei edell\u00e4 mainittu yksikk\u00f6 ole antanut etuk\u00e4teen kirjallista lupaa.<\/p>\n\n\n\n<p>On my\u00f6s kielletty\u00e4 poistaa, kiert\u00e4\u00e4 ja\/tai manipuloida tekij\u00e4noikeuksia sek\u00e4 teknisi\u00e4 suojauslaitteita tai muita tietomekanismeja, joita sis\u00e4lt\u00f6 voi sis\u00e4lt\u00e4\u00e4. T\u00e4m\u00e4n verkkosivuston k\u00e4ytt\u00e4j\u00e4 sitoutuu kunnioittamaan asetettuja oikeuksia ja v\u00e4ltt\u00e4m\u00e4\u00e4n kaikkia toimia, jotka voivat vahingoittaa niit\u00e4, ja joka tapauksessa yritys pid\u00e4tt\u00e4\u00e4 oikeuden k\u00e4ytt\u00e4\u00e4 mit\u00e4 tahansa sit\u00e4 vastaavia oikeudellisia keinoja tai toimia puolustaakseen laillisia immateriaali- ja teollisoikeuksiaan. <\/p>\n\n\n\n<p><strong>5. VERKKOSIVUSTON K\u00c4YTT\u00c4J\u00c4N VELVOLLISUUDET JA VASTUUT<\/strong><\/p>\n\n\n\n<p>K\u00e4ytt\u00e4j\u00e4 sitoutuu:<\/p>\n\n\n\n<ol class=\"wp-block-list\">\n<li>K\u00e4yt\u00e4 <strong><strong>prensaescrita.org<\/strong><\/strong> verkkosivustoa sek\u00e4 sen sis\u00e4lt\u00f6\u00e4 ja palveluita asianmukaisesti ja laillisesti seuraavien mukaisesti: (i) sovellettava lains\u00e4\u00e4d\u00e4nt\u00f6 milloin tahansa; (ii) verkkosivuston yleiset k\u00e4ytt\u00f6ehdot; (iii) yleisesti hyv\u00e4ksytty moraali ja hyv\u00e4t tavat ja (iv) yleinen j\u00e4rjestys.    <\/li>\n\n\n\n<li>Tarjoa itselleen kaikki keinot ja tekniset vaatimukset, joita tarvitaan verkkosivuston k\u00e4ytt\u00e4miseen.<\/li>\n\n\n\n<li>Antaa totuudenmukaisia tietoja t\u00e4ytt\u00e4ess\u00e4\u00e4n verkkosivuston sis\u00e4lt\u00e4mi\u00e4 lomakkeita henkil\u00f6tiedoillaan ja pit\u00e4\u00e4 ne aina ajan tasalla, jotta ne vastaavat aina k\u00e4ytt\u00e4j\u00e4n todellista tilannetta. K\u00e4ytt\u00e4j\u00e4 on yksin vastuussa mahdollisista virheellisist\u00e4 tai ep\u00e4tarkoista lausunnoista sek\u00e4 mahdollisista vahingoista, joita annetut tiedot aiheuttavat yritykselle tai kolmansille osapuolille. <\/li>\n<\/ol>\n\n\n\n<p>Edellisen kohdan m\u00e4\u00e4r\u00e4yksist\u00e4 huolimatta k\u00e4ytt\u00e4j\u00e4n on my\u00f6s pid\u00e4tt\u00e4ydytt\u00e4v\u00e4:<\/p>\n\n\n\n<ol class=\"wp-block-list\">\n<li><strong><strong>prensaescrita.org<\/strong><\/strong> verkkosivuston ja\/tai sen sis\u00e4ll\u00f6n luvaton tai vilpillinen k\u00e4ytt\u00f6 laittomiin tarkoituksiin tai vaikutuksiin, jotka on kielletty n\u00e4iss\u00e4 yleisiss\u00e4 k\u00e4ytt\u00f6ehdoissa, vahingoittavat kolmansien osapuolten oikeuksia ja etuja tai jotka voivat mill\u00e4\u00e4n tavalla vahingoittaa, poistaa k\u00e4yt\u00f6st\u00e4, ylikuormittaa, heikent\u00e4\u00e4 tai haitata palvelujen tai asiakirjojen normaalia k\u00e4ytt\u00f6\u00e4,  tiedostot ja kaikenlainen sis\u00e4lt\u00f6, joka on tallennettu mihin tahansa tietokonelaitteeseen.<\/li>\n\n\n\n<li>Verkkosivuston resurssien tai rajoitettujen alueiden k\u00e4ytt\u00e4minen tai niiden yritt\u00e4minen noudattamatta t\u00e4llaisen k\u00e4yt\u00f6n edellytt\u00e4mi\u00e4 ehtoja.<\/li>\n\n\n\n<li>Aiheuttaa vahinkoa verkkosivuston, sen toimittajien tai kolmansien osapuolten fyysisille tai loogisille j\u00e4rjestelmille.<\/li>\n\n\n\n<li>Tietokonevirusten tai muiden fyysisten tai loogisten j\u00e4rjestelmien tuominen tai levitt\u00e4minen verkkoon, jotka todenn\u00e4k\u00f6isesti vahingoittavat yrityksen, toimittajien tai kolmansien osapuolten fyysisi\u00e4 tai loogisia j\u00e4rjestelmi\u00e4.<\/li>\n\n\n\n<li>Yritt\u00e4\u00e4 k\u00e4ytt\u00e4\u00e4, k\u00e4ytt\u00e4\u00e4 ja\/tai manipuloida yrityksen, kolmannen osapuolen palveluntarjoajien ja muiden k\u00e4ytt\u00e4jien tietoja.<\/li>\n\n\n\n<li>Sis\u00e4ll\u00f6n j\u00e4ljent\u00e4minen tai kopioiminen, levitt\u00e4minen, yleis\u00f6n p\u00e4\u00e4syn salliminen mink\u00e4 tahansa julkisen viestinn\u00e4n kautta, muuntaminen tai muuttaminen, ellei vastaavien oikeuksien haltija ole antanut siihen lupaa tai lakis\u00e4\u00e4teist\u00e4 lupaa.<\/li>\n\n\n\n<li>Immateriaali- tai teollisoikeuksia koskevien ilmoitusten ja muiden sis\u00e4lt\u00f6\u00f6n sis\u00e4ltyvien yrityksen tai kolmansien osapuolten oikeuksia koskevien tunnistetietojen sek\u00e4 sis\u00e4lt\u00f6\u00f6n mahdollisesti lis\u00e4tt\u00e4vien teknisten suojauslaitteiden tai tietomekanismien poistaminen, piilottaminen tai manipulointi.<\/li>\n\n\n\n<li>Hanki ja yrit\u00e4 hankkia sis\u00e4lt\u00f6\u00e4 muilla keinoilla tai menettelyill\u00e4 kuin niill\u00e4, jotka on tapauksen mukaan asetettu saataville t\u00e4t\u00e4 tarkoitusta varten tai jotka on nimenomaisesti ilmoitettu verkkosivuilla, joilla sis\u00e4lt\u00f6 sijaitsee, tai yleens\u00e4 niill\u00e4, joita tavallisesti k\u00e4ytet\u00e4\u00e4n Internetiss\u00e4, koska ne eiv\u00e4t aiheuta vaaraa verkkosivuston ja\/tai sen sis\u00e4ll\u00f6n vahingoittumisesta tai k\u00e4yt\u00f6st\u00e4 poistamisesta.<\/li>\n\n\n\n<li>Erityisesti ja vain tiedoksi ja ei-tyhjent\u00e4v\u00e4\u00e4n tarkoitukseen k\u00e4ytt\u00e4j\u00e4 sitoutuu olemaan v\u00e4litt\u00e4m\u00e4tt\u00e4, levitt\u00e4m\u00e4tt\u00e4 tai asettamatta kolmansien osapuolten saataville tietoja, tietoja, sis\u00e4lt\u00f6\u00e4, viestej\u00e4, grafiikkaa, piirustuksia, \u00e4\u00e4ni- ja\/tai kuvatiedostoja, valokuvia, tallenteita, ohjelmistoja ja yleens\u00e4 mink\u00e4\u00e4nlaista materiaalia, joka: \u2022 mill\u00e4\u00e4n tavalla on vastoin, halventaa tai loukkaa perustuslaissa tunnustettuja perusoikeuksia ja kansalaisvapauksia,  kansainv\u00e4lisiss\u00e4 sopimuksissa ja muussa voimassa olevassa lains\u00e4\u00e4d\u00e4nn\u00f6ss\u00e4.\u2022 Yllytt\u00e4\u00e4 tai edist\u00e4\u00e4 rikollisia, halventavia, herjaavia, v\u00e4kivaltaisia tekoja tai yleens\u00e4 lain, moraalin, yleisesti hyv\u00e4ksyttyjen hyvien tapojen tai yleisen j\u00e4rjestyksen vastaisia tekoja.\u2022 Kannustaa, yllytt\u00e4\u00e4 tai edist\u00e4\u00e4 syrjivi\u00e4 toimia, asenteita tai ajatuksia sukupuolen, rodun tai uskonnon perusteella,  uskomukset, ik\u00e4 tai tila.\u2022 Sis\u00e4lt\u00e4\u00e4, asettaa saataville tai sallii p\u00e4\u00e4syn tuotteisiin, elementteihin, viesteihin ja\/tai palveluihin, jotka ovat rikollisia, v\u00e4kivaltaisia, loukkaavia, haitallisia, halventavia tai yleens\u00e4 lain, moraalin ja yleisesti hyv\u00e4ksyttyjen hyvien tapojen tai yleisen j\u00e4rjestyksen vastaisia. Aiheuttaa tai voi aiheuttaa siet\u00e4m\u00e4tt\u00f6m\u00e4n ahdistus- tai pelkotilan.\u2022 Kannustaa tai yllytt\u00e4\u00e4 osallistumaan vaarallisiin, riskialttiisiin tai haitallisiin k\u00e4yt\u00e4nt\u00f6ihin terveydelle ja henkiselle tasapainolle.\u2022 On suojattu yhteiskunnalle tai kolmansille osapuolille kuuluvalla henkist\u00e4 tai teollista suojelua koskevalla lains\u00e4\u00e4d\u00e4nn\u00f6ll\u00e4 ilman, ett\u00e4 aiottuun k\u00e4ytt\u00f6\u00f6n on my\u00f6nnetty lupaa.\u2022 On kunnian vastainen,  henkil\u00f6kohtaiseen ja perheen yksityisyyteen tai ihmisten imagoon.\u2022 On kaikenlaista mainontaa.\u2022 Sis\u00e4lt\u00e4\u00e4 mink\u00e4 tahansa tyyppisen viruksen tai ohjelman, joka est\u00e4\u00e4 verkkolevytilan normaalin toiminnan.<\/li>\n<\/ol>\n\n\n\n<p>Jos sinulle annetaan salasana verkkosivuston palveluihin ja\/tai sis\u00e4lt\u00f6\u00f6n p\u00e4\u00e4sy\u00e4 varten, olet velvollinen k\u00e4ytt\u00e4m\u00e4\u00e4n sit\u00e4 huolellisesti ja pit\u00e4m\u00e4\u00e4n sen aina salassa. N\u00e4in ollen se on vastuussa sen asianmukaisesta s\u00e4ilytyksest\u00e4 ja luottamuksellisuudesta ja sitoutuu olemaan luovuttamatta niit\u00e4 kolmansille osapuolille v\u00e4liaikaisesti tai pysyv\u00e4sti tai sallimatta kolmansien osapuolten p\u00e4\u00e4sy\u00e4 edell\u00e4 mainittuihin palveluihin ja\/tai sis\u00e4lt\u00f6\u00f6n. Samoin se on velvollinen ilmoittamaan yritykselle kaikista tapahtumista, joihin voi liitty\u00e4 sen salasanan v\u00e4\u00e4rink\u00e4ytt\u00f6\u00e4, kuten muun muassa salasanan varkaudesta, katoamisesta tai luvattomasta k\u00e4yt\u00f6st\u00e4, jotta se voidaan peruuttaa v\u00e4litt\u00f6m\u00e4sti. N\u00e4in ollen, niin kauan kuin et tee yll\u00e4 olevaa ilmoitusta, yritys on vapautettu kaikesta vastuusta, joka voi aiheutua salasanasi v\u00e4\u00e4rink\u00e4yt\u00f6st\u00e4, ja laittoman kolmannen osapuolen laiton verkkosivuston sis\u00e4ll\u00f6n ja\/tai palvelujen laiton k\u00e4ytt\u00f6 on vastuussa siit\u00e4. Jos laiminly\u00f6t huolimattomasti tai tahallaan jotakin n\u00e4iss\u00e4 yleisiss\u00e4 k\u00e4ytt\u00f6ehdoissa asetettua velvoitetta, olet vastuussa kaikista vahingoista, joita yritykselle voi aiheutua t\u00e4llaisesta noudattamatta j\u00e4tt\u00e4misest\u00e4.    <\/p>\n\n\n\n<p><strong>6. VASTUUT<\/strong><\/p>\n\n\n\n<p>Jatkuvaa p\u00e4\u00e4sy\u00e4 tai verkkosivuston sis\u00e4lt\u00e4mien elementtien ja tietojen oikeaa katselua, lataamista tai k\u00e4ytt\u00f6\u00e4, joita siit\u00e4 riippumattomat tekij\u00e4t tai olosuhteet voivat est\u00e4\u00e4, est\u00e4\u00e4 tai keskeytt\u00e4\u00e4, ei voida taata. Se ei ole vastuussa mist\u00e4\u00e4n p\u00e4\u00e4t\u00f6ksist\u00e4, joita voidaan tehd\u00e4 tarjotun sis\u00e4ll\u00f6n tai tietojen saatavuuden seurauksena. <\/p>\n\n\n\n<p>Palvelu voidaan keskeytt\u00e4\u00e4 tai suhde K\u00e4ytt\u00e4j\u00e4\u00e4n voidaan lopettaa v\u00e4litt\u00f6m\u00e4sti, jos havaitaan, ett\u00e4 h\u00e4nen Verkkolevytilansa tai sen tarjoamien palveluiden k\u00e4ytt\u00f6 on n\u00e4iden Yleisten k\u00e4ytt\u00f6ehtojen vastaista. Emme ole vastuussa mist\u00e4\u00e4n vahingoista, menetyksist\u00e4, vaatimuksista tai kuluista, jotka aiheutuvat verkkosivuston k\u00e4yt\u00f6st\u00e4. <\/p>\n\n\n\n<p>Se on vastuussa vain sellaisen sis\u00e4ll\u00f6n poistamisesta mahdollisimman pian, joka voi aiheuttaa t\u00e4llaista vahinkoa, edellytt\u00e4en, ett\u00e4 siit\u00e4 ilmoitetaan. Emme ole vastuussa mist\u00e4\u00e4n vahingoista, jotka voivat aiheutua muun muassa: <\/p>\n\n\n\n<ol class=\"wp-block-list\">\n<li>H\u00e4iri\u00f6t, keskeytykset, viat, laiminly\u00f6nnit, puhelinkatkokset, viiv\u00e4stykset, tukkeumat tai katkokset s\u00e4hk\u00f6isen j\u00e4rjestelm\u00e4n toiminnassa, jotka johtuvat tietoliikennelinjojen ja -verkkojen puutteista, ylikuormituksista ja virheist\u00e4 tai muusta syyst\u00e4, joka ei ole yrityksen hallinnassa.<\/li>\n\n\n\n<li>Laiton h\u00e4irint\u00e4 kaikenlaisten haittaohjelmien ja viestint\u00e4v\u00e4lineiden, kuten tietokonevirusten tai muiden kautta.<\/li>\n\n\n\n<li>Verkkosivuston sopimaton tai sopimaton v\u00e4\u00e4rink\u00e4ytt\u00f6.<\/li>\n\n\n\n<li>Tietoturva- tai selausvirheet, jotka johtuvat selaimen toimintah\u00e4iri\u00f6st\u00e4 tai selaimen p\u00e4ivitt\u00e4m\u00e4tt\u00f6mien versioiden k\u00e4yt\u00f6st\u00e4. Verkkosivuston yll\u00e4pit\u00e4j\u00e4 pid\u00e4tt\u00e4\u00e4 oikeuden poistaa kokonaan tai osittain mit\u00e4 tahansa verkkosivustolla olevaa sis\u00e4lt\u00f6\u00e4 tai tietoa. <\/li>\n<\/ol>\n\n\n\n<p>Yhti\u00f6 ei ota vastuuta mink\u00e4\u00e4nlaisista vahingoista, jotka voivat johtua verkkolevytilan k\u00e4ytt\u00e4jien vapaasti saatavilla olevien ja k\u00e4ytt\u00e4mien palvelujen v\u00e4\u00e4rink\u00e4yt\u00f6st\u00e4. Se on my\u00f6s vapautettu kaikesta vastuusta sis\u00e4ll\u00f6st\u00e4 ja tiedoista, joita voidaan saada tiedonkeruulomakkeiden tuloksena, jotka on tarkoitettu vain konsultointi- ja ep\u00e4ilyspalvelujen tarjoamiseen. Toisaalta, jos K\u00e4ytt\u00e4j\u00e4 aiheuttaa vahinkoa mainittujen palvelujen laittomasta tai virheellisest\u00e4 k\u00e4yt\u00f6st\u00e4, h\u00e4n voi vaatia aiheutuneista vahingoista.  <\/p>\n\n\n\n<p>Pid\u00e4t yrityst\u00e4 vaarattomana kaikilta vahingoilta, jotka johtuvat kolmansien osapuolten vaatimuksista, toimista tai vaatimuksista, jotka johtuvat verkkosivuston k\u00e4yt\u00f6st\u00e4 tai sen k\u00e4yt\u00f6st\u00e4. Sitoudut my\u00f6s korvaamaan kaikki vahingot, jotka aiheutuvat robottien, h\u00e4m\u00e4h\u00e4kkien, indeksointirobottien tai vastaavien ty\u00f6kalujen k\u00e4yt\u00f6st\u00e4, joita k\u00e4ytet\u00e4\u00e4n tietojen ker\u00e4\u00e4miseen tai poimimiseen, tai mist\u00e4 tahansa muusta toiminnastasi, joka kuormittaa kohtuuttomasti verkkosivuston toimintaa. <\/p>\n\n\n\n<p><strong>7. HYPERLINKIT<\/strong><\/p>\n\n\n\n<p>K\u00e4ytt\u00e4j\u00e4 sitoutuu olemaan j\u00e4ljent\u00e4m\u00e4tt\u00e4 mill\u00e4\u00e4n tavalla, ei edes hyperlinkin tai hyperlinkin avulla, verkkosivustoa tai sen sis\u00e4lt\u00f6\u00e4, ellei tiedostosta vastaava henkil\u00f6 ole antanut siihen nimenomaista kirjallista lupaa.<\/p>\n\n\n\n<p>Verkkosivusto voi sis\u00e4lt\u00e4\u00e4 linkkej\u00e4 muille kolmansien osapuolten hallinnoimille verkkosivustoille, jotta K\u00e4ytt\u00e4j\u00e4n p\u00e4\u00e4sy yhteisty\u00f6kumppaneiden ja\/tai sponsoroivien yritysten tietoihin olisi helpompaa. N\u00e4in ollen yhti\u00f6 ei ole vastuussa n\u00e4iden verkkosivustojen sis\u00e4ll\u00f6st\u00e4, eik\u00e4 se ole asemassa niiden palvelujen ja\/tai tietojen takaajana ja\/tai tarjoajana, joita voidaan tarjota kolmansille osapuolille kolmansien osapuolten linkkien kautta. <\/p>\n\n\n\n<p>K\u00e4ytt\u00e4j\u00e4lle my\u00f6nnet\u00e4\u00e4n rajoitettu, peruutettavissa oleva ja ei-yksinomainen oikeus luoda linkkej\u00e4 verkkosivuston kotisivulle yksinomaan yksityiseen ja ei-kaupalliseen k\u00e4ytt\u00f6\u00f6n. Verkkosivustot, jotka sis\u00e4lt\u00e4v\u00e4t linkin verkkosivustollemme (i) eiv\u00e4t saa antaa v\u00e4\u00e4ri\u00e4 tietoja suhteestaan tai vahvistaa, ett\u00e4 t\u00e4llainen linkki on valtuutettu, eiv\u00e4tk\u00e4 ne saa sis\u00e4lt\u00e4\u00e4 yrityksemme tavaramerkkej\u00e4, nimityksi\u00e4, kauppanimi\u00e4, logoja tai muita erottuvia merkkej\u00e4; (ii) ei saa sis\u00e4lt\u00e4\u00e4 sis\u00e4lt\u00f6\u00e4, jota voidaan pit\u00e4\u00e4 huonon maun mukaisena, s\u00e4\u00e4dytt\u00f6m\u00e4n\u00e4, loukkaavana, kiistanalaisena, v\u00e4kivaltaan tai sukupuoleen, rotuun tai uskontoon perustuvaan syrjint\u00e4\u00e4n yllytt\u00e4v\u00e4n\u00e4, yleisen j\u00e4rjestyksen vastaisena tai laittomana; (iii) ei saa linkitt\u00e4\u00e4 millek\u00e4\u00e4n muulle verkkosivuston sivulle kuin kotisivulle; (iv) sen on linkitett\u00e4v\u00e4 itse verkkosivuston osoitteeseen ilman, ett\u00e4 linkin tekev\u00e4 verkkosivusto voi toistaa verkkosivustoa osana verkkosivustoaan tai jossakin sen &#8221;kehyksist\u00e4&#8221; tai luoda &#8221;selainta&#8221; mille tahansa verkkosivustotilan sivulle. Yritys voi milloin tahansa pyyt\u00e4\u00e4 poistamaan mink\u00e4 tahansa linkin verkkosivustolle, mink\u00e4 j\u00e4lkeen sen on v\u00e4litt\u00f6m\u00e4sti jatkettava sen poistamista.      <\/p>\n\n\n\n<p>Yritys ei voi valvoa muiden verkkolevytilaiden tarjoamia tietoja, sis\u00e4lt\u00f6\u00e4, tuotteita tai palveluita, joilla on linkkej\u00e4 verkkolevytilaan.<\/p>\n\n\n\n<p><strong>8. TIETOSUOJA<\/strong><\/p>\n\n\n\n<p>K\u00e4ytt\u00e4\u00e4kseen joitakin Palveluita K\u00e4ytt\u00e4j\u00e4n on ensin annettava tietyt henkil\u00f6tiedot. Yritys k\u00e4sittelee n\u00e4it\u00e4 tietoja automaattisesti ja soveltaa vastaavia turvatoimia GDPR:n, LOPDGDD:n ja LSSI:n mukaisesti. K\u00e4ytt\u00e4j\u00e4 voi tutustua henkil\u00f6tietojen k\u00e4sittelyss\u00e4 noudatettavaan k\u00e4yt\u00e4nt\u00f6\u00f6n sek\u00e4 ennalta m\u00e4\u00e4ritettyjen tarkoitusten m\u00e4\u00e4ritt\u00e4miseen tietosuojaselosteessa m\u00e4\u00e4ritellyin ehdoin.  <\/p>\n\n\n\n<p><strong>9. EV\u00c4STEET<\/strong><\/p>\n\n\n\n<p>Yritys pid\u00e4tt\u00e4\u00e4 oikeuden k\u00e4ytt\u00e4\u00e4 &#8221;ev\u00e4ste&#8221;-tekniikkaa <strong>cultivoshidroponicos.org<\/strong> tunnistaakseen sinut s\u00e4\u00e4nn\u00f6lliseksi k\u00e4ytt\u00e4j\u00e4ksi ja mukauttaakseen verkkosivuston k\u00e4ytt\u00f6\u00e4si valitsemalla etuk\u00e4teen kielen tai halutumman tai tarkemman sis\u00e4ll\u00f6n.<\/p>\n\n\n\n<p>Ev\u00e4steet ker\u00e4\u00e4v\u00e4t k\u00e4ytt\u00e4j\u00e4n IP-osoitteen ja Google on vastuussa n\u00e4iden tietojen k\u00e4sittelyst\u00e4.<\/p>\n\n\n\n<p>Ev\u00e4steet ovat tiedostoja, jotka l\u00e4hetet\u00e4\u00e4n selaimeen verkkopalvelimen kautta tallentamaan k\u00e4ytt\u00e4j\u00e4n navigointi verkkolevytilassa, kun k\u00e4ytt\u00e4j\u00e4 sallii niiden vastaanottamisen. Halutessasi voit m\u00e4\u00e4ritt\u00e4\u00e4 selaimesi saamaan ilmoituksen n\u00e4yt\u00f6ll\u00e4 ev\u00e4steiden vastaanottamisesta ja est\u00e4m\u00e4\u00e4n ev\u00e4steiden asentamisen kiintolevyllesi. Katso lis\u00e4tietoja selaimesi ohjeista ja k\u00e4ytt\u00f6oppaista.  <\/p>\n\n\n\n<p>Ev\u00e4steiden ansiosta on mahdollista tunnistaa k\u00e4ytt\u00e4j\u00e4n k\u00e4ytt\u00e4m\u00e4n tietokoneen selain sis\u00e4ll\u00f6n tarjoamiseen ja k\u00e4ytt\u00e4j\u00e4n selaus- tai mainontamieltymysten tarjoamiseen, k\u00e4ytt\u00e4jien demografisiin profiileihin sek\u00e4 k\u00e4yntien ja liikenneparametrien mittaamiseen, edistymisen ja merkint\u00f6jen m\u00e4\u00e4r\u00e4n seuraamiseen.<\/p>\n\n\n\n<p><strong>10. VAKUUTUKSET JA TAKUUT<\/strong><\/p>\n\n\n\n<p>Yleisesti ottaen verkkosivuston sis\u00e4lt\u00f6 ja palvelut ovat vain informatiivisia. N\u00e4in ollen tarjoamalla niit\u00e4 ei anneta mit\u00e4\u00e4n takuita tai esityksi\u00e4 verkkosivustolla tarjottavasta sis\u00e4ll\u00f6st\u00e4 ja palveluista, mukaan lukien, mutta ei rajoittuen, takuut laillisuudesta, luotettavuudesta, hy\u00f6dyllisyydest\u00e4, totuudenmukaisuudesta, tarkkuudesta tai myyntikelpoisuudesta, paitsi silt\u00e4 osin kuin t\u00e4llaisia esityksi\u00e4 ja takuita ei voida sulkea pois lailla. <\/p>\n\n\n\n<p><strong>11. YLIVOIMAINEN ESTE<\/strong><\/p>\n\n\n\n<p>Yhti\u00f6 ei ole vastuussa kaikissa tapauksissa, joissa palvelun tarjoaminen on mahdotonta, jos se johtuu s\u00e4hk\u00f6ntoimituksen, tietoliikennelinjojen pitkittyneist\u00e4 katkoksista, yhteiskunnallisista konflikteista, lakoista, kapinoista, r\u00e4j\u00e4hdyksist\u00e4, tulvista, hallituksen toimista ja laiminly\u00f6nneist\u00e4 ja yleens\u00e4 kaikista ylivoimaisista esteist\u00e4 tai satunnaisista tapahtumista.<\/p>\n\n\n\n<p><strong>12. ERIMIELISYYKSIEN RATKAISEMINEN. SOVELLETTAVA LAKI JA TOIMIVALTA <\/strong><\/p>\n\n\n\n<p>N\u00e4ihin yleisiin k\u00e4ytt\u00f6ehtoihin sek\u00e4 <strong><strong>prensaescrita.org<\/strong><\/strong> k\u00e4ytt\u00f6\u00f6n sovelletaan Venezuelan ja Espanjan lakia. Kaikkien riitojen ratkaisemiseksi osapuolet toimittautuvat verkkosivuston yll\u00e4pit\u00e4j\u00e4n rekister\u00f6idyn kotipaikan tuomioistuimille. <\/p>\n\n\n\n<p>Siin\u00e4 tapauksessa, ett\u00e4 jokin n\u00e4iden yleisten k\u00e4ytt\u00f6ehtojen m\u00e4\u00e4r\u00e4ys on t\u00e4yt\u00e4nt\u00f6\u00f6npanokelvoton tai mit\u00e4t\u00f6n sovellettavan lain nojalla tai tuomioistuimen tai hallinnollisen p\u00e4\u00e4t\u00f6ksen seurauksena, t\u00e4llainen t\u00e4yt\u00e4nt\u00f6\u00f6npanokelvottomuus tai mit\u00e4tt\u00f6myys ei tee n\u00e4ist\u00e4 yleisist\u00e4 k\u00e4ytt\u00f6ehdoista t\u00e4yt\u00e4nt\u00f6\u00f6npanokelvottomia tai mit\u00e4tt\u00f6mi\u00e4 kokonaisuutena. T\u00e4llaisissa tapauksissa yhti\u00f6 muuttaa tai korvata mainitun m\u00e4\u00e4r\u00e4yksen toisella p\u00e4tev\u00e4ll\u00e4 ja t\u00e4yt\u00e4nt\u00f6\u00f6npanokelpoisella m\u00e4\u00e4r\u00e4yksell\u00e4, jolla saavutetaan mahdollisuuksien mukaan alkuper\u00e4isen m\u00e4\u00e4r\u00e4yksen mukainen tavoite ja tarkoitus. <\/p>\n<\/div>\n","protected":false},"excerpt":{"rendered":"<p>LAKI TIETOYHTEISKUNNAN PALVELUISTA (LSSI) Verkkosivustosta vastaava prensaescrita.org, j\u00e4ljemp\u00e4n\u00e4 RESPONSIBLE, antaa t\u00e4m\u00e4n asiakirjan k\u00e4ytt\u00e4jien saataville, joiden avulla se aikoo noudattaa tietoyhteiskunnan palveluista ja s\u00e4hk\u00f6isest\u00e4 kaupank\u00e4ynnist\u00e4 11. hein\u00e4kuuta annetussa laissa 34\/2002 (LSSICE) s\u00e4\u00e4dettyj\u00e4 velvoitteita sek\u00e4 tiedottaa kaikille verkkosivuston k\u00e4ytt\u00e4jille k\u00e4ytt\u00f6ehdoista. Jokainen henkil\u00f6, joka k\u00e4ytt\u00e4\u00e4 t\u00e4t\u00e4 verkkosivustoa, ottaa k\u00e4ytt\u00e4j\u00e4n roolin ja sitoutuu noudattamaan ja noudattamaan tiukasti t\u00e4ss\u00e4 esitettyj\u00e4 &#8230; <a title=\"K\u00e4ytt\u00f6ehdot\" class=\"read-more\" href=\"https:\/\/prensaescrita.org\/fi\/kayttoehdot\/\" aria-label=\"Lue lis\u00e4\u00e4 aiheesta K\u00e4ytt\u00f6ehdot\">Lue lis\u00e4\u00e4<\/a><\/p>\n","protected":false},"author":2,"featured_media":0,"parent":0,"menu_order":0,"comment_status":"closed","ping_status":"closed","template":"","meta":{"footnotes":""},"class_list":{"0":"post-3742","1":"page","2":"type-page","3":"status-publish","5":"infinite-scroll-item"},"_hostinger_reach_plugin_has_subscription_block":false,"_hostinger_reach_plugin_is_elementor":false,"_links":{"self":[{"href":"https:\/\/prensaescrita.org\/fi\/wp-json\/wp\/v2\/pages\/3742","targetHints":{"allow":["GET"]}}],"collection":[{"href":"https:\/\/prensaescrita.org\/fi\/wp-json\/wp\/v2\/pages"}],"about":[{"href":"https:\/\/prensaescrita.org\/fi\/wp-json\/wp\/v2\/types\/page"}],"author":[{"embeddable":true,"href":"https:\/\/prensaescrita.org\/fi\/wp-json\/wp\/v2\/users\/2"}],"replies":[{"embeddable":true,"href":"https:\/\/prensaescrita.org\/fi\/wp-json\/wp\/v2\/comments?post=3742"}],"version-history":[{"count":1,"href":"https:\/\/prensaescrita.org\/fi\/wp-json\/wp\/v2\/pages\/3742\/revisions"}],"predecessor-version":[{"id":3744,"href":"https:\/\/prensaescrita.org\/fi\/wp-json\/wp\/v2\/pages\/3742\/revisions\/3744"}],"wp:attachment":[{"href":"https:\/\/prensaescrita.org\/fi\/wp-json\/wp\/v2\/media?parent=3742"}],"curies":[{"name":"wp","href":"https:\/\/api.w.org\/{rel}","templated":true}]}}