{"id":3400,"date":"2025-03-08T17:06:14","date_gmt":"2025-03-08T17:06:14","guid":{"rendered":"https:\/\/prensaescrita.org\/evasteiden-kaytanto\/"},"modified":"2025-03-18T11:45:42","modified_gmt":"2025-03-18T11:45:42","slug":"evasteiden-kaytanto","status":"publish","type":"page","link":"https:\/\/prensaescrita.org\/fi\/evasteiden-kaytanto\/","title":{"rendered":"Ev\u00e4steiden k\u00e4yt\u00e4nt\u00f6"},"content":{"rendered":"\n<div class=\"gb-element-19fa11e7\">\n<p>Ev\u00e4steet ovat pieni\u00e4 tietom\u00e4\u00e4ri\u00e4, jotka tallennetaan kunkin k\u00e4ytt\u00e4j\u00e4n k\u00e4ytt\u00e4m\u00e4\u00e4n selaimeen, jotta palvelin muistaa tietyt tiedot, joita se voi my\u00f6hemmin k\u00e4ytt\u00e4\u00e4.<\/p>\n\n\n\n<h4 class=\"wp-block-heading\">K\u00e4ytt\u00e4m\u00e4mme ev\u00e4stetyypit<\/h4>\n\n\n\n<p>T\u00e4m\u00e4 verkkosivusto k\u00e4ytt\u00e4\u00e4 kolmannen osapuolen ev\u00e4steit\u00e4, jotka l\u00e4hetet\u00e4\u00e4n tietokoneellesi tai p\u00e4\u00e4telaitteellesi verkkotunnukselta tai verkkosivustolta, jota emme hallinnoi, vaan toinen taho, joka k\u00e4sittelee ev\u00e4steiden avulla saatuja tietoja.<\/p>\n\n\n\n<p>T\u00e4ss\u00e4 tapauksessa ev\u00e4steit\u00e4 k\u00e4ytet\u00e4\u00e4n tilastollisiin tarkoituksiin, jotka liittyv\u00e4t sen saamiin k\u00e4ynteihin ja sivuihin, joita tarkastellaan, ja niiden k\u00e4ytt\u00f6 hyv\u00e4ksyt\u00e4\u00e4n selattaessa.<\/p>\n\n\n\n<figure class=\"wp-block-table\"><table class=\"has-fixed-layout\"><tbody><tr><th>EV\u00c4STE<br\/>(JA TOIMITTAJA)<\/th><th>KESTO<\/th><th>KUVAUS<\/th><\/tr><tr><td>__cfduid (notin.es)<\/td><td>Istunto<\/td><td>Mainonta<\/td><\/tr><tr><td>personalization_id (twitter.com)<\/td><td>Istunto<\/td><td>Sirkuttaa<\/td><\/tr><tr><td>Facebook-sivut<\/td><td>Mainonta, tilastot ja mittaukset<\/td><td>Se asettaa ev\u00e4steit\u00e4 tietokoneellesi tai laitteellesi ja vastaanottaa niihin tallennetut tiedot, kun k\u00e4yt\u00e4t tai vierailet muiden Facebookin palveluita k\u00e4ytt\u00e4vien yritysten tarjoamissa palveluissa.<\/td><\/tr><tr><td>_ga (Google)<\/td><td>2 vuotta<\/td><td>Sit\u00e4 k\u00e4ytet\u00e4\u00e4n k\u00e4ytt\u00e4jien erottamiseen.<\/td><\/tr><tr><td>_gid (Google)<\/td><td>24 tuntia<\/td><td>Sit\u00e4 k\u00e4ytet\u00e4\u00e4n k\u00e4ytt\u00e4jien erottamiseen.<\/td><\/tr><tr><td>_gat (Google)<\/td><td>1 minuutti<\/td><td>Sit\u00e4 k\u00e4ytet\u00e4\u00e4n pyynt\u00f6jen prosenttiosuuden rajoittamiseen. Jos olet ottanut Google Analyticsin k\u00e4ytt\u00f6\u00f6n Google Tag Managerin avulla, t\u00e4t\u00e4 ev\u00e4stett\u00e4 kutsutaan _dc_gtm_<property-id>. <\/property-id><\/td><\/tr><tr><td>_gali (Google)<\/td><td>30-luku<\/td><td>Parannettu linkkien attribuutiota.<\/td><\/tr><tr><td>_unam (JAAT\u00c4)<\/td><td>Itsepintainen<\/td><td>Sen tarkoituksena on m\u00e4\u00e4ritt\u00e4\u00e4 tietyn sis\u00e4ll\u00f6n jakavien k\u00e4ytt\u00e4jien m\u00e4\u00e4r\u00e4 ja kuinka monella verkkosivulla k\u00e4yd\u00e4\u00e4n t\u00e4m\u00e4n toiminnan seurauksena.<\/td><\/tr><tr><td>WordPress<\/td><td>2 vuotta<\/td><td>K\u00e4ytet\u00e4\u00e4n WordPress-sis\u00e4ll\u00f6nhallintaj\u00e4rjestelm\u00e4n moitteettomaan toimintaan.<\/td><\/tr><\/tbody><\/table><\/figure>\n\n\n\n<p>Lis\u00e4tietoja Googlen seuranta- ja data-analyysiev\u00e4steist\u00e4 <a href=\"https:\/\/www.google.com\/intl\/es_es\/policies\/technologies\/types\/\" target=\"_blank\" rel=\"noreferrer noopener\">saat napsauttamalla t\u00e4t\u00e4<\/a>.<\/p>\n\n\n\n<p>N\u00e4in saat selville, miten ev\u00e4steet poistetaan selaimestasi:<\/p>\n\n\n\n<ul class=\"wp-block-list\">\n<li><a href=\"https:\/\/support.mozilla.org\/es\/kb\/habilitar-y-deshabilitar-cookies-sitios-web-rastrear-preferencias\" target=\"_blank\" rel=\"noreferrer noopener\">Firefox<\/a><\/li>\n\n\n\n<li><a href=\"https:\/\/support.google.com\/chrome\/answer\/95647?hl=es\" target=\"_blank\" rel=\"noreferrer noopener\">Kromi<\/a><\/li>\n\n\n\n<li><a href=\"https:\/\/support.apple.com\/kb\/PH19214?viewlocale=es_ES&amp;locale=es_ES\" target=\"_blank\" rel=\"noreferrer noopener\">Safari<\/a><\/li>\n<\/ul>\n<\/div>\n","protected":false},"excerpt":{"rendered":"<p>Ev\u00e4steet ovat pieni\u00e4 tietom\u00e4\u00e4ri\u00e4, jotka tallennetaan kunkin k\u00e4ytt\u00e4j\u00e4n k\u00e4ytt\u00e4m\u00e4\u00e4n selaimeen, jotta palvelin muistaa tietyt tiedot, joita se voi my\u00f6hemmin k\u00e4ytt\u00e4\u00e4. K\u00e4ytt\u00e4m\u00e4mme ev\u00e4stetyypit T\u00e4m\u00e4 verkkosivusto k\u00e4ytt\u00e4\u00e4 kolmannen osapuolen ev\u00e4steit\u00e4, jotka l\u00e4hetet\u00e4\u00e4n tietokoneellesi tai p\u00e4\u00e4telaitteellesi verkkotunnukselta tai verkkosivustolta, jota emme hallinnoi, vaan toinen taho, joka k\u00e4sittelee ev\u00e4steiden avulla saatuja tietoja. T\u00e4ss\u00e4 tapauksessa ev\u00e4steit\u00e4 k\u00e4ytet\u00e4\u00e4n tilastollisiin tarkoituksiin, jotka &#8230; <a title=\"Ev\u00e4steiden k\u00e4yt\u00e4nt\u00f6\" class=\"read-more\" href=\"https:\/\/prensaescrita.org\/fi\/evasteiden-kaytanto\/\" aria-label=\"Lue lis\u00e4\u00e4 aiheesta Ev\u00e4steiden k\u00e4yt\u00e4nt\u00f6\">Lue lis\u00e4\u00e4<\/a><\/p>\n","protected":false},"author":2,"featured_media":0,"parent":0,"menu_order":0,"comment_status":"closed","ping_status":"closed","template":"","meta":{"footnotes":""},"class_list":{"0":"post-3400","1":"page","2":"type-page","3":"status-publish","5":"infinite-scroll-item"},"_hostinger_reach_plugin_has_subscription_block":false,"_hostinger_reach_plugin_is_elementor":false,"_links":{"self":[{"href":"https:\/\/prensaescrita.org\/fi\/wp-json\/wp\/v2\/pages\/3400","targetHints":{"allow":["GET"]}}],"collection":[{"href":"https:\/\/prensaescrita.org\/fi\/wp-json\/wp\/v2\/pages"}],"about":[{"href":"https:\/\/prensaescrita.org\/fi\/wp-json\/wp\/v2\/types\/page"}],"author":[{"embeddable":true,"href":"https:\/\/prensaescrita.org\/fi\/wp-json\/wp\/v2\/users\/2"}],"replies":[{"embeddable":true,"href":"https:\/\/prensaescrita.org\/fi\/wp-json\/wp\/v2\/comments?post=3400"}],"version-history":[{"count":1,"href":"https:\/\/prensaescrita.org\/fi\/wp-json\/wp\/v2\/pages\/3400\/revisions"}],"predecessor-version":[{"id":3402,"href":"https:\/\/prensaescrita.org\/fi\/wp-json\/wp\/v2\/pages\/3400\/revisions\/3402"}],"wp:attachment":[{"href":"https:\/\/prensaescrita.org\/fi\/wp-json\/wp\/v2\/media?parent=3400"}],"curies":[{"name":"wp","href":"https:\/\/api.w.org\/{rel}","templated":true}]}}