{"id":3369,"date":"2025-03-08T17:05:14","date_gmt":"2025-03-08T17:05:14","guid":{"rendered":"https:\/\/prensaescrita.org\/tietosuojakaytanto\/"},"modified":"2025-03-18T11:45:34","modified_gmt":"2025-03-18T11:45:34","slug":"tietosuojakaytanto","status":"publish","type":"page","link":"https:\/\/prensaescrita.org\/fi\/tietosuojakaytanto\/","title":{"rendered":"Tietosuojak\u00e4yt\u00e4nt\u00f6"},"content":{"rendered":"\n<div class=\"gb-element-9f66d1d1\">\n<p><strong>prensaescrita.org<\/strong> kertoo sinulle tietosuojak\u00e4yt\u00e4nn\u00f6st\u00e4\u00e4n, joka koskee k\u00e4ytt\u00e4jien ja asiakkaiden henkil\u00f6tietojen k\u00e4sittely\u00e4 ja suojaamista, joita voidaan ker\u00e4t\u00e4 selaamalla tai tekem\u00e4ll\u00e4 sopimuksia <strong><strong>palveluista prensaescrita.org<\/strong><\/strong> verkkosivuston kautta.<\/p>\n\n\n\n<p>T\u00e4ss\u00e4 mieless\u00e4 omistaja takaa voimassa olevien henkil\u00f6tietojen suojaa koskevien s\u00e4\u00e4nn\u00f6sten noudattamisen, jotka heijastuvat henkil\u00f6tietojen suojaa ja digitaalisten oikeuksien takaamista koskevassa 5. joulukuuta annetussa orgaanisessa laissa 3\/2018 (LOPD GDD). Se on my\u00f6s luonnollisten henkil\u00f6iden suojelusta 27. huhtikuuta 2016 annetun Euroopan parlamentin ja neuvoston asetuksen (EU) 2016\/679 mukainen. <\/p>\n\n\n\n<p><strong>cultivoshidroponicos.org verkkosivuston<\/strong> k\u00e4ytt\u00f6 edellytt\u00e4\u00e4 t\u00e4m\u00e4n tietosuojak\u00e4yt\u00e4nn\u00f6n sek\u00e4 oikeudelliseen ilmoitukseen sis\u00e4ltyvien ehtojen hyv\u00e4ksymist\u00e4.<\/p>\n\n\n\n<h3 class=\"wp-block-heading\" id=\"identidad-del-responsable\">Vastuuhenkil\u00f6n henkil\u00f6llisyys<\/h3>\n\n\n\n<ul class=\"wp-block-list\">\n<li>S\u00e4hk\u00f6posti: <strong>contacto@<strong>prensaescrita.org<\/strong><\/strong><\/li>\n\n\n\n<li>Verkkosivusto: <strong><strong>prensaescrita.org<\/strong><\/strong><\/li>\n<\/ul>\n\n\n\n<h3 class=\"wp-block-heading\" id=\"principios-aplicados-en-el-tratamiento-de-datos\">Tietojen k\u00e4sittelyss\u00e4 sovellettavat periaatteet<\/h3>\n\n\n\n<p>Henkil\u00f6tietojesi k\u00e4sittelyss\u00e4 omistaja soveltaa seuraavia periaatteita, jotka ovat uuden eurooppalaisen tietosuoja-asetuksen vaatimusten mukaisia:<\/p>\n\n\n\n<ul class=\"wp-block-list\">\n<li><strong>Laillisuuden, lojaalisuuden ja avoimuuden periaate:<\/strong> Omistaja vaatii aina suostumuksen henkil\u00f6tietojesi k\u00e4sittelyyn, joka voi olla yht\u00e4 tai useampaa erityist\u00e4 tarkoitusta varten, josta h\u00e4n ilmoittaa sinulle etuk\u00e4teen ehdottoman avoimesti.<\/li>\n\n\n\n<li><strong>Tietojen minimoinnin periaate:<\/strong> Rekisterinpit\u00e4j\u00e4 pyyt\u00e4\u00e4 sinulta vain tietoja, jotka ovat ehdottoman v\u00e4ltt\u00e4m\u00e4tt\u00f6mi\u00e4 siihen tarkoitukseen tai tarkoituksiin, joita varten niit\u00e4 pyydet\u00e4\u00e4n.<\/li>\n\n\n\n<li><strong>S\u00e4ilytysajan vanhentumisperiaate:<\/strong> Tietoja s\u00e4ilytet\u00e4\u00e4n niin kauan kuin se on ehdottoman v\u00e4ltt\u00e4m\u00e4t\u00f6nt\u00e4 k\u00e4sittelyn tarkoituksen tai tarkoitusten kannalta.<br\/>Omistaja ilmoittaa sinulle vastaavan s\u00e4ilytysajan k\u00e4ytt\u00f6tarkoituksen mukaan. Tilausten tapauksessa tilinhaltija tarkistaa luettelot s\u00e4\u00e4nn\u00f6llisesti ja poistaa ne tietueet, jotka ovat olleet passiivisina huomattavan kauan. <\/li>\n\n\n\n<li><strong>Rehellisyyden ja luottamuksellisuuden periaate:<\/strong> Tietojasi k\u00e4sitell\u00e4\u00e4n siten, ett\u00e4 niiden turvallisuus, luottamuksellisuus ja eheys taataan. Sinun tulee tiet\u00e4\u00e4, ett\u00e4 omistaja ryhtyy tarvittaviin varotoimiin est\u00e4\u00e4kseen kolmansien osapuolten luvattoman p\u00e4\u00e4syn tai k\u00e4ytt\u00e4jien tietojen v\u00e4\u00e4rink\u00e4yt\u00f6n. <\/li>\n<\/ul>\n\n\n\n<h3 class=\"wp-block-heading\" id=\"obtencin-de-datos-personales\">Henkil\u00f6tietojen ker\u00e4\u00e4minen<\/h3>\n\n\n\n<p>Selataksesi <strong><strong>prensaescrita.org<\/strong><\/strong> sinun ei tarvitse antaa mit\u00e4\u00e4n henkil\u00f6tietoja. Henkil\u00f6tietosi annetaan seuraavissa tapauksissa: <\/p>\n\n\n\n<ul class=\"wp-block-list\">\n<li>Ottamalla yhteytt\u00e4 yhteydenottolomakkeiden kautta tai l\u00e4hett\u00e4m\u00e4ll\u00e4 s\u00e4hk\u00f6postia.<\/li>\n\n\n\n<li>Kun aloitat mink\u00e4 tahansa myyt\u00e4v\u00e4n kiinteist\u00f6n neuvottelumenettelyt.<\/li>\n\n\n\n<li>Ilmoittamalla kiinnostuksestaan mainostaa kiinteist\u00f6\u00e4 verkkosivustollamme.<\/li>\n\n\n\n<li>Kun kommentoit artikkelia tai sivua.<\/li>\n<\/ul>\n\n\n\n<h3 class=\"wp-block-heading\" id=\"tus-derechos\">Sinun oikeutesi<\/h3>\n\n\n\n<p>Omistaja ilmoittaa sinulle, ett\u00e4 sinulla on oikeus:<\/p>\n\n\n\n<ul class=\"wp-block-list\">\n<li>Pyyd\u00e4 p\u00e4\u00e4sy\u00e4 tallennettuihin tietoihin.<\/li>\n\n\n\n<li>Pyyd\u00e4 oikaisua tai peruutusta.<\/li>\n\n\n\n<li>Pyyd\u00e4 sen k\u00e4sittelyn rajoittamista.<\/li>\n\n\n\n<li>Vastusta kohtelua.<\/li>\n\n\n\n<li>Pyyd\u00e4 tietojesi siirrett\u00e4vyytt\u00e4.<\/li>\n<\/ul>\n\n\n\n<p>N\u00e4iden oikeuksien k\u00e4ytt\u00e4minen on henkil\u00f6kohtaista, ja siksi asianomaisen osapuolen on k\u00e4ytett\u00e4v\u00e4 sit\u00e4 suoraan pyyt\u00e4m\u00e4ll\u00e4 sit\u00e4 suoraan omistajalta, mik\u00e4 tarkoittaa, ett\u00e4 kuka tahansa asiakas, tilaaja tai yhteisty\u00f6kumppani, joka on antanut tietonsa milloin tahansa, voi ottaa yhteytt\u00e4 omistajaan ja pyyt\u00e4\u00e4 tietoja tallentamistaan tiedoista ja siit\u00e4, miten he ovat saaneet ne,  pyyt\u00e4\u00e4 niiden oikaisua, pyyt\u00e4\u00e4 henkil\u00f6tietojensa siirrett\u00e4vyytt\u00e4, vastustaa k\u00e4sittely\u00e4, rajoittaa niiden k\u00e4ytt\u00f6\u00e4 tai pyyt\u00e4\u00e4 n\u00e4iden tietojen poistamista omistajan tiedostoista.<\/p>\n\n\n\n<p>Jos haluat k\u00e4ytt\u00e4\u00e4 oikeuttasi saada p\u00e4\u00e4sy tietoihin, oikaista, peruuttaa, siirt\u00e4\u00e4 ja vastustaa, sinun on l\u00e4hetett\u00e4v\u00e4 <strong>s\u00e4hk\u00f6postia osoitteeseen contacto@<strong>prensaescrita.org<\/strong><\/strong> johon on liitett\u00e4v\u00e4 p\u00e4tev\u00e4 lakitodiste, kuten valokopio henkil\u00f6kortistasi tai vastaavasta.<\/p>\n\n\n\n<p>Sinulla on oikeus tehokkaaseen oikeussuojaan ja tehd\u00e4 valitus valvontaviranomaiselle, t\u00e4ss\u00e4 tapauksessa Espanjan tietosuojavirastolle, jos katsot, ett\u00e4 sinua koskevien henkil\u00f6tietojen k\u00e4sittely rikkoo asetusta.<\/p>\n\n\n\n<h3 class=\"wp-block-heading\" id=\"finalidad-del-tratamiento-de-datos-personales\">Henkil\u00f6tietojen k\u00e4sittelyn tarkoitus<\/h3>\n\n\n\n<p>Kun muodostat yhteyden <strong><strong>prensaescrita.org<\/strong><\/strong> sivustolle l\u00e4hett\u00e4\u00e4ksesi s\u00e4hk\u00f6postia omistajalle, tilataksesi h\u00e4nen uutiskirjeens\u00e4 tai tehd\u00e4ksesi sopimuksen, annat henkil\u00f6tietoja, joista omistaja on vastuussa. N\u00e4m\u00e4 tiedot voivat sis\u00e4lt\u00e4\u00e4 henkil\u00f6tietoja, kuten IP-osoitteesi, etu- ja sukunimesi, fyysisen osoitteesi, s\u00e4hk\u00f6postiosoitteesi, puhelinnumerosi ja muita tietoja. Antamalla n\u00e4m\u00e4 tiedot suostut siihen, ett\u00e4 superadmin.es ker\u00e4\u00e4, k\u00e4ytt\u00e4\u00e4, hallinnoi ja tallentaa tietojasi vain oikeudellisessa ilmoituksessa ja t\u00e4ss\u00e4 tietosuojak\u00e4yt\u00e4nn\u00f6ss\u00e4 kuvatulla tavalla.  <\/p>\n\n\n\n<p>Henkil\u00f6tiedot ja omistajan suorittaman k\u00e4sittelyn tarkoitus vaihtelevat tiedonkeruuj\u00e4rjestelm\u00e4st\u00e4 riippuen:<\/p>\n\n\n\n<ul class=\"wp-block-list\">\n<li><strong>Yhteydenottolomakkeet:<\/strong> Omistaja pyyt\u00e4\u00e4 henkil\u00f6tietoja, joita voivat olla: Etu- ja sukunimi, s\u00e4hk\u00f6postiosoite, puhelinnumero ja verkkosivustosi osoite vastatakseen kyselyihisi.<br\/>Omistaja k\u00e4ytt\u00e4\u00e4 n\u00e4it\u00e4 tietoja esimerkiksi vastatakseen viesteihisi, ep\u00e4ilyksiisi, valituksiin, kommentteihisi tai huolenaiheisiisi, joita sinulla voi olla koskien verkkosivuston sis\u00e4lt\u00e4mi\u00e4 tietoja, verkkosivuston kautta tarjottavia palveluita, henkil\u00f6tietojesi k\u00e4sittely\u00e4, verkkosivuston sis\u00e4lt\u00e4miin lakiteksteihin liittyvi\u00e4 kysymyksi\u00e4,  sek\u00e4 kaikki muut mahdolliset kyselyt, jotka eiv\u00e4t ole verkkosivuston ehtojen tai sopimuksen alaisia.<\/li>\n<\/ul>\n\n\n\n<p>On muitakin tarkoituksia, joita varten omistaja k\u00e4sittelee henkil\u00f6tietojasi:<\/p>\n\n\n\n<ul class=\"wp-block-list\">\n<li>Varmistaaksemme oikeudellisessa ilmoituksessa ja sovellettavassa laissa asetettujen ehtojen noudattamisen. T\u00e4h\u00e4n voi sis\u00e4lty\u00e4 sellaisten ty\u00f6kalujen ja algoritmien kehitt\u00e4minen, jotka auttavat t\u00e4t\u00e4 verkkosivustoa varmistamaan ker\u00e4\u00e4miens\u00e4 henkil\u00f6tietojen luottamuksellisuuden. <\/li>\n\n\n\n<li>Tukea ja parantaa <strong><strong>prensaescrita.org tarjoamia<\/strong><\/strong> palveluita.<\/li>\n\n\n\n<li>Navigoinnin analysointi. Omistaja ker\u00e4\u00e4 muita ei-tunnistettavia tietoja, jotka saadaan k\u00e4ytt\u00e4m\u00e4ll\u00e4 ev\u00e4steit\u00e4, jotka ladataan tietokoneellesi, kun selaat verkkosivustoa ja joiden ominaisuudet ja tarkoitus on kuvattu ev\u00e4stek\u00e4yt\u00e4nn\u00f6ss\u00e4. <\/li>\n\n\n\n<li>Sosiaalisten verkostojen hallintaan. Omistaja on l\u00e4sn\u00e4 sosiaalisissa verkostoissa. Jos sinusta tulee seuraaja omistajan sosiaalisissa verkostoissa, henkil\u00f6tietojen k\u00e4sittely\u00e4 s\u00e4\u00e4telev\u00e4t t\u00e4m\u00e4 osio sek\u00e4 ne k\u00e4ytt\u00f6ehdot, tietosuojak\u00e4yt\u00e4nn\u00f6t ja p\u00e4\u00e4sym\u00e4\u00e4r\u00e4ykset, jotka kuuluvat sosiaaliseen verkostoon, joka on kussakin tapauksessa asianmukainen ja jonka olet aiemmin hyv\u00e4ksynyt.  <\/li>\n<\/ul>\n\n\n\n<p>Voit tutustua t\u00e4rkeimpien sosiaalisten verkostojen tietosuojak\u00e4yt\u00e4nt\u00f6ihin seuraavista linkeist\u00e4:<\/p>\n\n\n\n<ul class=\"wp-block-list\">\n<li>Facebook-sivut<\/li>\n\n\n\n<li>Sirkuttaa<\/li>\n\n\n\n<li>Linkedin<\/li>\n\n\n\n<li>YouTube<\/li>\n\n\n\n<li>Instagramissa<\/li>\n<\/ul>\n\n\n\n<p>Omistaja k\u00e4sittelee henkil\u00f6tietojasi hallitakseen oikein l\u00e4sn\u00e4oloaan sosiaalisessa verkostossa, tiedottaakseen sinulle toiminnastaan, tuotteistaan tai palveluistaan sek\u00e4 muihin tarkoituksiin, jotka sosiaalisten verkostojen m\u00e4\u00e4r\u00e4ykset sallivat.<\/p>\n\n\n\n<p>Omistaja ei miss\u00e4\u00e4n tapauksessa k\u00e4yt\u00e4 seuraajien profiileja sosiaalisissa verkostoissa mainosten l\u00e4hett\u00e4miseen erikseen.<\/p>\n\n\n\n<h3 class=\"wp-block-heading\" id=\"seguridad-de-los-datos-personales\">Henkil\u00f6tietojen turvallisuus<\/h3>\n\n\n\n<p>Henkil\u00f6tietojesi suojaamiseksi omistaja ryhtyy kaikkiin kohtuullisiin varotoimiin ja noudattaa alan parhaita k\u00e4yt\u00e4nt\u00f6j\u00e4 est\u00e4\u00e4kseen niiden katoamisen, v\u00e4\u00e4rink\u00e4yt\u00f6n, v\u00e4\u00e4r\u00e4n k\u00e4yt\u00f6n, paljastamisen, muuttamisen tai tuhoamisen.<\/p>\n\n\n\n<p>Sivustoa is\u00e4nn\u00f6i banahosting. Tietojesi turvallisuus on taattu, sill\u00e4 he ryhtyv\u00e4t kaikkiin tarvittaviin turvatoimiin sen eteen. Voit tutustua heid\u00e4n tietosuojak\u00e4yt\u00e4nt\u00f6\u00f6ns\u00e4 saadaksesi lis\u00e4tietoja.  <\/p>\n\n\n\n<h3 class=\"wp-block-heading\" id=\"contenido-de-otros-sitios-web\">Sis\u00e4lt\u00f6 muilta verkkosivustoilta<\/h3>\n\n\n\n<p><strong>cultivoshidroponicos.org<\/strong> sivut voivat sis\u00e4lt\u00e4\u00e4 upotettua sis\u00e4lt\u00f6\u00e4 (esim. videoita, kuvia, artikkeleita jne.). Muiden verkkosivustojen upotettu sis\u00e4lt\u00f6 k\u00e4ytt\u00e4ytyy t\u00e4sm\u00e4lleen samalla tavalla kuin jos olisit k\u00e4ynyt toisella verkkosivustolla. <\/p>\n\n\n\n<p>N\u00e4m\u00e4 verkkosivustot voivat ker\u00e4t\u00e4 tietoja sinusta, k\u00e4ytt\u00e4\u00e4 ev\u00e4steit\u00e4, upottaa ylim\u00e4\u00e4r\u00e4isen kolmannen osapuolen seurantakoodin ja seurata vuorovaikutustasi t\u00e4m\u00e4n koodin avulla.<\/p>\n\n\n\n<h3 class=\"wp-block-heading\" id=\"poltica-de-cookies\">Ev\u00e4steiden k\u00e4yt\u00e4nt\u00f6<\/h3>\n\n\n\n<p>Jotta t\u00e4m\u00e4 verkkosivusto toimisi oikein, sinun on k\u00e4ytett\u00e4v\u00e4 ev\u00e4steit\u00e4, jotka ovat verkkoselaimeesi tallennettuja tietoja.<\/p>\n\n\n\n<p>Ev\u00e4stek\u00e4yt\u00e4nt\u00f6-sivulla on kaikki tiedot ev\u00e4steiden ker\u00e4\u00e4misk\u00e4yt\u00e4nn\u00f6st\u00e4, tarkoituksesta ja k\u00e4sittelyst\u00e4.<\/p>\n\n\n\n<h3 class=\"wp-block-heading\" id=\"legitimacin-para-el-tratamiento-de-datos\">Tietojenk\u00e4sittelyn laillisuus<\/h3>\n\n\n\n<p>Tietojesi k\u00e4sittelyn oikeusperusta on: suostumus.<\/p>\n\n\n\n<p>Jos haluat ottaa yhteytt\u00e4 omistajaan, tilata uutiskirjeen tai kommentoida t\u00e4t\u00e4 verkkosivustoa, sinun on hyv\u00e4ksytt\u00e4v\u00e4 t\u00e4m\u00e4 tietosuojak\u00e4yt\u00e4nt\u00f6.<\/p>\n\n\n\n<h3 class=\"wp-block-heading\" id=\"categoras-de-datos-personales\">Henkil\u00f6tietojen luokat<\/h3>\n\n\n\n<p>Omistajan k\u00e4sittelem\u00e4t henkil\u00f6tietoryhm\u00e4t ovat:<\/p>\n\n\n\n<ul class=\"wp-block-list\">\n<li>Tunnistetiedot.<\/li>\n<\/ul>\n\n\n\n<h3 class=\"wp-block-heading\" id=\"conservacin-de-datos-personales\">Henkil\u00f6tietojen s\u00e4ilytt\u00e4minen<\/h3>\n\n\n\n<p>Omistajalle antamasi henkil\u00f6tiedot s\u00e4ilytet\u00e4\u00e4n, kunnes pyyd\u00e4t niiden poistamista.<\/p>\n\n\n\n<h3 class=\"wp-block-heading\" id=\"destinatarios-de-datos-personales\">Henkil\u00f6tietojen vastaanottajat<\/h3>\n\n\n\n<ul class=\"wp-block-list\">\n<li><strong>Mailchimp<\/strong> Rocket Science Group LLC d\/b\/a, kotipaikka Yhdysvallat.<br\/>Lis\u00e4tietoja on osoitteessa: <strong><a href=\"https:\/\/mailchimp.com\/\" target=\"_blank\" rel=\"noreferrer noopener\">https:\/\/mailchimp.com<\/a><\/strong><br\/>Rocket Science Group LLC d\/b\/a k\u00e4sittelee tietoja tarjotakseen s\u00e4hk\u00f6postipalvelujaan omistajalle.<\/li>\n\n\n\n<li><strong>Google Analytics<\/strong> on verkkoanalytiikkapalvelu, jonka tarjoaa Google, Inc., delawarelainen yritys, jonka p\u00e4\u00e4konttori on osoitteessa 1600 Amphitheatre Parkway, Mountain View (Kalifornia), CA 94043, Yhdysvallat (&#8221;Google&#8221;). Lis\u00e4tietoja on osoitteessa: <strong><a href=\"https:\/\/analytics.google.com\/\" target=\"_blank\" rel=\"noreferrer noopener\">https:\/\/analytics.google.com<\/a><\/strong><br\/>Google Analytics k\u00e4ytt\u00e4\u00e4 &#8221;ev\u00e4steit\u00e4&#8221;, jotka ovat tietokoneellesi sijoitettuja tekstitiedostoja, jotka auttavat omistajaa analysoimaan verkkosivuston k\u00e4ytt\u00e4jien k\u00e4ytt\u00f6\u00e4. Ev\u00e4steen tuottamat tiedot verkkosivuston k\u00e4yt\u00f6st\u00e4si (mukaan lukien IP-osoitteesi) siirret\u00e4\u00e4n suoraan Googlelle ja tallennetaan Yhdysvalloissa sijaitseville palvelimille. <\/li>\n<\/ul>\n\n\n\n<p>N\u00e4et my\u00f6s luettelon Googlen ja sen kumppaneiden k\u00e4ytt\u00e4mist\u00e4 ev\u00e4stetyypeist\u00e4 sek\u00e4 tietoja mainosev\u00e4steiden k\u00e4yt\u00f6st\u00e4.<\/p>\n\n\n\n<h3 class=\"wp-block-heading\" id=\"navegacin-web\">Web-selailu<\/h3>\n\n\n\n<p>Selaamisen <strong><strong>aikana<\/strong><\/strong> voidaan ker\u00e4t\u00e4 prensaescrita.org ei-tunnistettavia tietoja, joita voivat olla IP-osoite, maantieteellinen sijainti, tiedot palveluiden ja sivustojen k\u00e4yt\u00f6st\u00e4, selaustottumukset ja muut tiedot, joita ei voida k\u00e4ytt\u00e4\u00e4 tunnistamaan sinua.<\/p>\n\n\n\n<p>Verkkosivusto k\u00e4ytt\u00e4\u00e4 seuraavia kolmannen osapuolen analytiikkapalveluita:<\/p>\n\n\n\n<p>POISTA NE, JOITA ET K\u00c4YT\u00c4:<\/p>\n\n\n\n<ul class=\"wp-block-list\">\n<li>Google Analytics<\/li>\n\n\n\n<li>Googlen DoubleClick<\/li>\n<\/ul>\n\n\n\n<p>Omistaja k\u00e4ytt\u00e4\u00e4 saatuja tietoja tilastotietojen hankkimiseen, trendien analysointiin, sivuston hallinnointiin, selausmallien tutkimiseen ja demografisten tietojen ker\u00e4\u00e4miseen.<\/p>\n\n\n\n<h3 class=\"wp-block-heading\" id=\"exactitud-y-veracidad-de-los-datos-personales\">Henkil\u00f6tietojen oikeellisuus ja todenper\u00e4isyys<\/h3>\n\n\n\n<p>Sitoudut varmistamaan, ett\u00e4 tilinomistajalle annetut tiedot ovat oikeita, t\u00e4ydellisi\u00e4, tarkkoja ja ajantasaisia, sek\u00e4 pit\u00e4m\u00e4\u00e4n ne asianmukaisesti ajan tasalla.<\/p>\n\n\n\n<p>Verkkosivuston k\u00e4ytt\u00e4j\u00e4n\u00e4 olet yksin vastuussa sivustolle l\u00e4hett\u00e4miesi tietojen todenper\u00e4isyydest\u00e4 ja oikeellisuudesta, mik\u00e4 vapauttaa omistajan kaikesta vastuusta t\u00e4lt\u00e4 osin.<\/p>\n\n\n\n<h3 class=\"wp-block-heading\" id=\"aceptacin-y-consentimiento\">Hyv\u00e4ksyminen ja suostumus<\/h3>\n\n\n\n<p>Verkkosivuston k\u00e4ytt\u00e4j\u00e4n\u00e4 vakuutat, ett\u00e4 sinulle on ilmoitettu henkil\u00f6tietojen suojaa koskevista ehdoista, hyv\u00e4ksyt ja suostut siihen, ett\u00e4 omistaja k\u00e4sittelee niit\u00e4 t\u00e4ss\u00e4 tietosuojak\u00e4yt\u00e4nn\u00f6ss\u00e4 ilmoitetulla tavalla ja tarkoituksiin.<\/p>\n\n\n\n<h3 class=\"wp-block-heading\" id=\"revocabilidad\">Palautettavuus<\/h3>\n\n\n\n<p>Jos haluat k\u00e4ytt\u00e4\u00e4 oikeuttasi saada p\u00e4\u00e4sy tietoihin, oikaista, peruuttaa, siirt\u00e4\u00e4 ja vastustaa, sinun on l\u00e4hetett\u00e4v\u00e4 <strong>s\u00e4hk\u00f6postia osoitteeseen contacto@<strong>prensaescrita.org<\/strong><\/strong> johon on liitett\u00e4v\u00e4 p\u00e4tev\u00e4 lakitodiste, kuten valokopio henkil\u00f6kortistasi tai vastaavasta.<\/p>\n\n\n\n<p>Oikeuksiesi k\u00e4ytt\u00e4minen ei sis\u00e4ll\u00e4 tietoja, joita omistaja on velvollinen s\u00e4ilytt\u00e4m\u00e4\u00e4n hallinnollisia, oikeudellisia tai turvallisuustarkoituksia varten.<\/p>\n\n\n\n<h3 class=\"wp-block-heading\" id=\"cambios-en-la-poltica-de-privacidad\">Muutokset tietosuojak\u00e4yt\u00e4nt\u00f6\u00f6n<\/h3>\n\n\n\n<p>Omistaja pid\u00e4tt\u00e4\u00e4 oikeuden muuttaa t\u00e4t\u00e4 tietosuojak\u00e4yt\u00e4nt\u00f6\u00e4 mukauttaakseen sen uuteen lains\u00e4\u00e4d\u00e4nt\u00f6\u00f6n tai oikeusk\u00e4yt\u00e4nt\u00f6\u00f6n sek\u00e4 alan k\u00e4yt\u00e4nt\u00f6ihin.<\/p>\n\n\n\n<p>N\u00e4m\u00e4 k\u00e4yt\u00e4nn\u00f6t ovat voimassa, kunnes niit\u00e4 muutetaan muilla asianmukaisesti julkaistuilla k\u00e4yt\u00e4nn\u00f6ill\u00e4.<\/p>\n<\/div>\n","protected":false},"excerpt":{"rendered":"<p>prensaescrita.org kertoo sinulle tietosuojak\u00e4yt\u00e4nn\u00f6st\u00e4\u00e4n, joka koskee k\u00e4ytt\u00e4jien ja asiakkaiden henkil\u00f6tietojen k\u00e4sittely\u00e4 ja suojaamista, joita voidaan ker\u00e4t\u00e4 selaamalla tai tekem\u00e4ll\u00e4 sopimuksia palveluista prensaescrita.org verkkosivuston kautta. T\u00e4ss\u00e4 mieless\u00e4 omistaja takaa voimassa olevien henkil\u00f6tietojen suojaa koskevien s\u00e4\u00e4nn\u00f6sten noudattamisen, jotka heijastuvat henkil\u00f6tietojen suojaa ja digitaalisten oikeuksien takaamista koskevassa 5. joulukuuta annetussa orgaanisessa laissa 3\/2018 (LOPD GDD). Se on my\u00f6s &#8230; <a title=\"Tietosuojak\u00e4yt\u00e4nt\u00f6\" class=\"read-more\" href=\"https:\/\/prensaescrita.org\/fi\/tietosuojakaytanto\/\" aria-label=\"Lue lis\u00e4\u00e4 aiheesta Tietosuojak\u00e4yt\u00e4nt\u00f6\">Lue lis\u00e4\u00e4<\/a><\/p>\n","protected":false},"author":2,"featured_media":0,"parent":0,"menu_order":0,"comment_status":"closed","ping_status":"closed","template":"","meta":{"footnotes":""},"class_list":{"0":"post-3369","1":"page","2":"type-page","3":"status-publish","5":"infinite-scroll-item"},"_links":{"self":[{"href":"https:\/\/prensaescrita.org\/fi\/wp-json\/wp\/v2\/pages\/3369","targetHints":{"allow":["GET"]}}],"collection":[{"href":"https:\/\/prensaescrita.org\/fi\/wp-json\/wp\/v2\/pages"}],"about":[{"href":"https:\/\/prensaescrita.org\/fi\/wp-json\/wp\/v2\/types\/page"}],"author":[{"embeddable":true,"href":"https:\/\/prensaescrita.org\/fi\/wp-json\/wp\/v2\/users\/2"}],"replies":[{"embeddable":true,"href":"https:\/\/prensaescrita.org\/fi\/wp-json\/wp\/v2\/comments?post=3369"}],"version-history":[{"count":1,"href":"https:\/\/prensaescrita.org\/fi\/wp-json\/wp\/v2\/pages\/3369\/revisions"}],"predecessor-version":[{"id":3372,"href":"https:\/\/prensaescrita.org\/fi\/wp-json\/wp\/v2\/pages\/3369\/revisions\/3372"}],"wp:attachment":[{"href":"https:\/\/prensaescrita.org\/fi\/wp-json\/wp\/v2\/media?parent=3369"}],"curies":[{"name":"wp","href":"https:\/\/api.w.org\/{rel}","templated":true}]}}