{"id":3753,"date":"2025-03-08T17:02:38","date_gmt":"2025-03-08T17:02:38","guid":{"rendered":"https:\/\/prensaescrita.org\/rechtlicher-hinweis\/"},"modified":"2025-03-18T11:49:02","modified_gmt":"2025-03-18T11:49:02","slug":"rechtlicher-hinweis","status":"publish","type":"page","link":"https:\/\/prensaescrita.org\/de\/rechtlicher-hinweis\/","title":{"rendered":"Rechtlicher Hinweis"},"content":{"rendered":"\n<div class=\"gb-element-fca20844\">\n<p><strong>GESETZ \u00dcBER DIE DIENSTE DER INFORMATIONSGESELLSCHAFT (LSSI)<\/strong><\/p>\n\n\n\n<p><strong>prensaescrita.org<\/strong>, verantwortlich f\u00fcr die Website, im Folgenden VERANTWORTLICHER, stellt den Nutzern dieses Dokument zur Verf\u00fcgung, mit dem sie beabsichtigt, die im Gesetz 34\/2002 vom 11. Juli \u00fcber die Dienste der Informationsgesellschaft und den elektronischen Gesch\u00e4ftsverkehr (LSSICE) festgelegten Verpflichtungen zu erf\u00fcllen und alle Benutzer der Website \u00fcber die Nutzungsbedingungen zu informieren.<\/p>\n\n\n\n<p>Jede Person, die auf diese Website zugreift, \u00fcbernimmt die Rolle des Nutzers und verpflichtet sich zur Einhaltung und strikten Einhaltung der hierin enthaltenen Bestimmungen sowie aller anderen anwendbaren gesetzlichen Bestimmungen.<\/p>\n\n\n\n<p><strong><strong>prensaescrita.org<\/strong><\/strong> beh\u00e4lt sich das Recht vor, jede Art von Informationen oder zum Verkauf stehenden Immobilien, die auf der Website erscheinen, zu \u00e4ndern, ohne dass eine Verpflichtung zur vorherigen Ank\u00fcndigung oder Information der Benutzer \u00fcber solche Verpflichtungen besteht, wobei davon ausgegangen wird, dass die Ver\u00f6ffentlichung auf der <strong><strong>prensaescrita.org-Website<\/strong><\/strong> ausreicht.<\/p>\n\n\n\n<p><strong>1. IDENTIFIKATIONSDATEN<\/strong><\/p>\n\n\n\n<p>Name der Firma: <strong><strong>prensaescrita.org<\/strong><\/strong><br\/>Handelsname: <strong><strong>prensaescrita.org<\/strong><\/strong><br\/>E-Mail: <strong>contacto@<strong>prensaescrita.org<\/strong><\/strong><\/p>\n\n\n\n<p><strong>2. ZWECK<\/strong><\/p>\n\n\n\n<p>\u00dcber die Website bieten wir den Nutzern die M\u00f6glichkeit, auf Informationen \u00fcber Zeitungen und Zeitungen aus der ganzen Welt zuzugreifen.<\/p>\n\n\n\n<p><strong>3. DATENSCHUTZ UND DATENVERARBEITUNG<\/strong><\/p>\n\n\n\n<p>Wenn es erforderlich ist, personenbezogene Daten anzugeben, um auf bestimmte Inhalte oder Dienste zugreifen zu k\u00f6nnen, garantieren die Nutzer deren Richtigkeit, Genauigkeit, Authentizit\u00e4t und G\u00fcltigkeit. Das Unternehmen wird diese Daten je nach Art oder Zweck der entsprechenden automatisierten Verarbeitung gem\u00e4\u00df den im Abschnitt Datenschutzrichtlinie angegebenen Bedingungen unterziehen. <\/p>\n\n\n\n<p><strong>4. GEWERBLICHES UND GEISTIGES EIGENTUM<\/strong><\/p>\n\n\n\n<p>Der Nutzer erkennt an und akzeptiert, dass alle auf <strong><strong>prensaescrita.org<\/strong><\/strong> angezeigten Inhalte und insbesondere Designs, Texte, Bilder, Logos, Symbole, Schaltfl\u00e4chen, Software, Handelsnamen, Marken oder andere Zeichen, die f\u00fcr eine industrielle und\/oder kommerzielle Nutzung geeignet sind, den Rechten an geistigem Eigentum unterliegen und alle Marken, Handelsnamen oder Unterscheidungszeichen, alle gewerblichen und geistigen Eigentumsrechte,  auf den Inhalten und\/oder anderen Elementen, die auf der Seite eingef\u00fcgt werden, die das ausschlie\u00dfliche Eigentum des Unternehmens und\/oder Dritter sind, die das ausschlie\u00dfliche Recht haben, sie im Rahmen der Gesch\u00e4ftst\u00e4tigkeit zu verwenden. Aus all diesen Gr\u00fcnden verpflichtet sich der Nutzer, diese Inhalte nicht zu vervielf\u00e4ltigen, zu kopieren, zu verteilen, zur Verf\u00fcgung zu stellen oder auf andere Weise \u00f6ffentlich zu kommunizieren, umzuwandeln oder zu modifizieren, und stellt das Unternehmen von allen Anspr\u00fcchen frei, die sich aus der Nichteinhaltung dieser Verpflichtungen ergeben. <\/p>\n\n\n\n<p>Der Zugriff auf die Website impliziert unter keinen Umst\u00e4nden irgendeine Art von Verzicht, \u00dcbertragung, Lizenz oder vollst\u00e4ndiger oder teilweiser \u00dcbertragung dieser Rechte, sofern nicht ausdr\u00fccklich etwas anderes angegeben ist. Diese Allgemeinen Nutzungsbedingungen der Website verleihen den Nutzern <strong><strong>prensaescrita.org<\/strong><\/strong> kein anderes Recht zur Nutzung, \u00c4nderung, Verwertung, Vervielf\u00e4ltigung, Verbreitung oder \u00f6ffentlichen Wiedergabe der Website und\/oder ihrer Inhalte als die hierin ausdr\u00fccklich vorgesehenen. <\/p>\n\n\n\n<p>Jede andere Nutzung oder Verwertung von Rechten bedarf der vorherigen und ausdr\u00fccklichen Genehmigung, die speziell zu diesem Zweck vom Unternehmen oder dem Drittinhaber der betroffenen Rechte erteilt wurde.<\/p>\n\n\n\n<p>Die Inhalte, Texte, Fotos, Designs, Logos, Bilder, Computerprogramme, Quellcodes und im Allgemeinen alle in <strong><strong>prensaescrita.org<\/strong><\/strong> vorhandenen geistigen Sch\u00f6pfungen sowie der Space selbst als Ganzes als multimediales k\u00fcnstlerisches Werk sind als Urheberrecht durch die Gesetzgebung zum Schutz des geistigen Eigentums gesch\u00fctzt.<\/p>\n\n\n\n<p>Das Unternehmen ist Eigent\u00fcmer der Elemente, aus denen sich das grafische Design <strong><strong>prensaescrita.org<\/strong><\/strong>, der Men\u00fcs, Navigationsschaltfl\u00e4chen, des HTML-Codes, der Texte, Bilder, Texturen, Grafiken und anderer Inhalte der Website oder verf\u00fcgt in jedem Fall \u00fcber die entsprechende Genehmigung f\u00fcr die Verwendung dieser Elemente.<\/p>\n\n\n\n<p>Die in <strong><strong>prensaescrita.org<\/strong><\/strong> bereitgestellten Inhalte d\u00fcrfen weder ganz noch teilweise vervielf\u00e4ltigt, \u00fcbertragen oder von einem Informationsabrufsystem in irgendeiner Form oder auf irgendeinem Medium aufgezeichnet werden, es sei denn, es liegt eine vorherige schriftliche Genehmigung des oben genannten Unternehmens vor.<\/p>\n\n\n\n<p>Es ist auch verboten, das Urheberrecht sowie die technischen Schutzeinrichtungen oder Informationsmechanismen, die die Inhalte enthalten k\u00f6nnen, zu l\u00f6schen, zu umgehen und\/oder zu manipulieren. Der Nutzer dieser Website verpflichtet sich, die dargelegten Rechte zu respektieren und alle Handlungen zu vermeiden, die sie verletzen k\u00f6nnten, und in jedem Fall beh\u00e4lt sich das Unternehmen das Recht vor, alle ihm entsprechenden rechtlichen Mittel oder Ma\u00dfnahmen zur Verteidigung seiner legitimen Rechte an geistigem und gewerblichem Eigentum zu ergreifen. <\/p>\n\n\n\n<p><strong>5. PFLICHTEN UND VERANTWORTLICHKEITEN DES NUTZERS DER WEBSITE<\/strong><\/p>\n\n\n\n<p>Der Nutzer verpflichtet sich:<\/p>\n\n\n\n<ol class=\"wp-block-list\">\n<li>Die <strong><strong>prensaescrita.org<\/strong><\/strong> Website sowie die Inhalte und Dienstleistungen angemessen und rechtm\u00e4\u00dfig zu nutzen, in \u00dcbereinstimmung mit: (i) den geltenden Rechtsvorschriften jederzeit; (ii) die allgemeinen Nutzungsbedingungen der Website; (iii) allgemein anerkannte Moral und gute Sitten und (iv) \u00f6ffentliche Ordnung.    <\/li>\n\n\n\n<li>Stellen Sie sich alle Mittel und technischen Voraussetzungen zur Verf\u00fcgung, die f\u00fcr den Zugriff auf die Website erforderlich sind.<\/li>\n\n\n\n<li>Beim Ausf\u00fcllen der auf der Website enthaltenen Formulare wahrheitsgem\u00e4\u00dfe Angaben zu ihren personenbezogenen Daten zu machen und diese jederzeit auf dem neuesten Stand zu halten, damit sie jederzeit auf die tats\u00e4chliche Situation des Nutzers reagieren. Der Nutzer ist allein verantwortlich f\u00fcr falsche oder ungenaue Angaben und f\u00fcr Sch\u00e4den, die dem Unternehmen oder Dritten durch die bereitgestellten Informationen entstehen. <\/li>\n<\/ol>\n\n\n\n<p>Ungeachtet der Bestimmungen des vorstehenden Abschnitts muss der Nutzer auch Folgendes unterlassen:<\/p>\n\n\n\n<ol class=\"wp-block-list\">\n<li>Die unbefugte oder betr\u00fcgerische Nutzung der <strong><strong>prensaescrita.org-Website<\/strong><\/strong> und\/oder der Inhalte f\u00fcr illegale Zwecke oder Wirkungen, die in diesen Allgemeinen Nutzungsbedingungen verboten sind, die Rechte und Interessen Dritter verletzen oder die in irgendeiner Weise die normale Nutzung der Dienste oder Dokumente besch\u00e4digen, deaktivieren, \u00fcberlasten, verschlechtern oder behindern k\u00f6nnen,  Dateien und alle Arten von Inhalten, die auf Computerger\u00e4ten gespeichert sind.<\/li>\n\n\n\n<li>Zugriff auf Ressourcen oder eingeschr\u00e4nkte Bereiche der Website oder Versuch des Zugriffs, ohne die f\u00fcr einen solchen Zugriff erforderlichen Bedingungen zu erf\u00fcllen.<\/li>\n\n\n\n<li>Sch\u00e4den an den physischen oder logischen Systemen der Website, ihrer Lieferanten oder Dritter zu verursachen.<\/li>\n\n\n\n<li>Einf\u00fchrung oder Verbreitung von Computerviren oder anderen physischen oder logischen Systemen im Netzwerk, die geeignet sind, Sch\u00e4den an den physischen oder logischen Systemen des Unternehmens, von Lieferanten oder Dritten zu verursachen.<\/li>\n\n\n\n<li>Versuch, auf die Daten des Unternehmens, von Drittanbietern und anderen Nutzern zuzugreifen, sie zu verwenden und\/oder zu manipulieren.<\/li>\n\n\n\n<li>Die Vervielf\u00e4ltigung oder das Kopieren, die Verbreitung, die Erm\u00f6glichung des \u00f6ffentlichen Zugangs durch jede Form der \u00f6ffentlichen Kommunikation, die Umwandlung oder \u00c4nderung der Inhalte, es sei denn, der Inhaber der entsprechenden Rechte hat dies genehmigt oder ist gesetzlich zul\u00e4ssig.<\/li>\n\n\n\n<li>L\u00f6schen, Verbergen oder Bearbeiten der Hinweise auf geistige oder gewerbliche Eigentumsrechte und andere identifizierende Daten der Rechte des Unternehmens oder Dritter, die in die Inhalte aufgenommen werden, sowie der technischen Schutzvorrichtungen oder Informationsmechanismen, die in die Inhalte eingef\u00fcgt werden k\u00f6nnen.<\/li>\n\n\n\n<li>Den Inhalt mit anderen Mitteln oder Verfahren als denen, die zu diesem Zweck zur Verf\u00fcgung gestellt wurden oder auf den Webseiten, auf denen sich der Inhalt befindet, ausdr\u00fccklich angegeben wurden, oder im Allgemeinen diejenigen, die \u00fcblicherweise im Internet verwendet werden, und im Allgemeinen diejenigen, die normalerweise im Internet verwendet werden, zu erhalten und zu versuchen, da sie kein Risiko einer Besch\u00e4digung oder Deaktivierung der Website und\/oder der Inhalte mit sich bringen.<\/li>\n\n\n\n<li>Insbesondere verpflichtet sich der Nutzer, keine Informationen, Daten, Inhalte, Nachrichten, Grafiken, Zeichnungen, Ton- und\/oder Bilddateien, Fotos, Aufzeichnungen, Software und allgemein jede Art von Material zu \u00fcbermitteln, zu verbreiten oder Dritten zur Verf\u00fcgung zu stellen, das: \u2022 in irgendeiner Weise den von der Verfassung anerkannten Grundrechten und \u00f6ffentlichen Freiheiten widerspricht, sie verunglimpft oder verletzt,  in internationalen Vertr\u00e4gen und in den \u00fcbrigen geltenden Rechtsvorschriften.\u2022 kriminelle, verunglimpfende, verleumderische, gewaltt\u00e4tige Handlungen oder allgemein gegen das Gesetz, die Moral, die allgemein anerkannten guten Sitten oder die \u00f6ffentliche Ordnung veranlassen, anstiften oder f\u00f6rdern.\u2022 diskriminierende Handlungen, Einstellungen oder Gedanken aus Gr\u00fcnden des Geschlechts, der Rasse, der Religion oder  Glauben, Alter oder Zustand.\u2022 Produkte, Elemente, Nachrichten und\/oder Dienstleistungen beinhalten, zur Verf\u00fcgung stellen oder den Zugang zu ihnen erm\u00f6glichen, die kriminell, gewaltt\u00e4tig, beleidigend, sch\u00e4dlich, erniedrigend oder allgemein gegen das Gesetz, die Moral und die allgemein anerkannten guten Sitten oder die \u00f6ffentliche Ordnung versto\u00dfen. Einen inakzeptablen Zustand der Angst oder Furcht hervorruft oder hervorrufen kann.\u2022 Gef\u00e4hrliche, riskante oder sch\u00e4dliche Praktiken f\u00fcr die Gesundheit und das geistige Gleichgewicht hervorruft oder dazu anregt.\u2022 Durch Gesetze zum geistigen oder gewerblichen Schutz gesch\u00fctzt ist, die der Gesellschaft oder Dritten geh\u00f6ren, ohne dass der beabsichtigte Gebrauch genehmigt wurde.\u2022 Gegen die Ehre verst\u00f6\u00dft,  f\u00fcr die pers\u00f6nliche und famili\u00e4re Privatsph\u00e4re oder f\u00fcr das Image von Personen.\u2022 Jede Art von Werbung darstellen.\u2022 Jede Art von Viren oder Programmen enthalten, die das normale Funktionieren des Webspace verhindern.<\/li>\n<\/ol>\n\n\n\n<p>Wenn Sie ein Passwort f\u00fcr den Zugriff auf einen der Dienste und\/oder Inhalte der Website erhalten, sind Sie verpflichtet, dieses sorgf\u00e4ltig zu verwenden und jederzeit geheim zu halten. Folglich ist er f\u00fcr seine ordnungsgem\u00e4\u00dfe Verwahrung und Vertraulichkeit verantwortlich und verpflichtet sich, ihn weder vor\u00fcbergehend noch dauerhaft an Dritte weiterzugeben oder Dritten den Zugang zu den oben genannten Diensten und\/oder Inhalten zu erm\u00f6glichen. Ebenso ist sie verpflichtet, das Unternehmen \u00fcber jeden Vorfall zu informieren, der eine missbr\u00e4uchliche Verwendung ihres Passworts beinhalten kann, wie z. B. Diebstahl, Verlust oder unbefugter Zugriff, um die sofortige L\u00f6schung vorzunehmen. Solange Sie die oben genannte Benachrichtigung nicht vornehmen, ist das Unternehmen daher von jeglicher Haftung befreit, die sich aus der missbr\u00e4uchlichen Verwendung Ihres Passworts ergeben kann, und jede rechtswidrige Nutzung der Inhalte und\/oder Dienste der Website durch unrechtm\u00e4\u00dfige Dritte ist daf\u00fcr verantwortlich. Wenn Sie fahrl\u00e4ssig oder vors\u00e4tzlich gegen eine der in diesen Allgemeinen Nutzungsbedingungen festgelegten Verpflichtungen versto\u00dfen, haften Sie f\u00fcr alle Sch\u00e4den, die dem Unternehmen aus einer solchen Nichteinhaltung entstehen k\u00f6nnen.    <\/p>\n\n\n\n<p><strong>6. VERANTWORTLICHKEITEN<\/strong><\/p>\n\n\n\n<p>Der kontinuierliche Zugriff oder die korrekte Anzeige, das Herunterladen oder die Nutzung der auf der Website enthaltenen Elemente und Informationen, die durch Faktoren oder Umst\u00e4nde au\u00dferhalb der Kontrolle der Website behindert, behindert oder unterbrochen werden k\u00f6nnen, wird nicht garantiert. Er ist nicht verantwortlich f\u00fcr Entscheidungen, die aufgrund des Zugriffs auf die angebotenen Inhalte oder Informationen getroffen werden. <\/p>\n\n\n\n<p>Der Dienst kann unterbrochen oder die Beziehung zum Benutzer sofort beendet werden, wenn festgestellt wird, dass eine Nutzung seines Webspace oder eines der darin angebotenen Dienste gegen diese Allgemeinen Nutzungsbedingungen verst\u00f6\u00dft. Wir sind nicht verantwortlich f\u00fcr Sch\u00e4den, Verluste, Anspr\u00fcche oder Kosten, die sich aus der Nutzung der Website ergeben. <\/p>\n\n\n\n<p>Es ist nur daf\u00fcr verantwortlich, die Inhalte, die solche Sch\u00e4den verursachen k\u00f6nnen, so schnell wie m\u00f6glich zu entfernen, sofern dies mitgeteilt wird. Insbesondere haften wir nicht f\u00fcr Sch\u00e4den, die unter anderem entstehen k\u00f6nnen aus: <\/p>\n\n\n\n<ol class=\"wp-block-list\">\n<li>St\u00f6rungen, Unterbrechungen, Ausf\u00e4lle, Auslassungen, Telefonausf\u00e4lle, Verz\u00f6gerungen, Blockaden oder Verbindungsabbr\u00fcche im Betrieb des elektronischen Systems, die durch M\u00e4ngel, \u00dcberlastungen und Fehler in Telekommunikationsleitungen und -netzen oder durch andere Ursachen verursacht werden, die au\u00dferhalb der Kontrolle des Unternehmens liegen.<\/li>\n\n\n\n<li>Unrechtm\u00e4\u00dfige Eingriffe durch die Verwendung von Schadprogrammen jeglicher Art und durch Kommunikationsmittel wie Computerviren oder andere.<\/li>\n\n\n\n<li>Unsachgem\u00e4\u00dfer oder unangemessener Missbrauch der Website.<\/li>\n\n\n\n<li>Sicherheits- oder Browsing-Fehler, die durch eine Fehlfunktion des Browsers oder durch die Verwendung nicht aktualisierter Versionen des Browsers verursacht werden. Der Administrator der Website beh\u00e4lt sich das Recht vor, alle auf der Website vorhandenen Inhalte oder Informationen ganz oder teilweise zu entfernen. <\/li>\n<\/ol>\n\n\n\n<p>Das Unternehmen schlie\u00dft jegliche Haftung f\u00fcr Sch\u00e4den jeglicher Art aus, die auf den Missbrauch der frei verf\u00fcgbaren und von den Nutzern des Webspace genutzten Dienste zur\u00fcckzuf\u00fchren sind. Ebenso ist es von jeglicher Verantwortung f\u00fcr den Inhalt und die Informationen befreit, die aufgrund der Datenerfassungsformulare erhalten werden k\u00f6nnen, die nur f\u00fcr die Erbringung von Beratungs- und Zweifelsdiensten bestimmt sind. Auf der anderen Seite kann der Benutzer im Falle von Sch\u00e4den, die durch eine illegale oder unsachgem\u00e4\u00dfe Nutzung dieser Dienste verursacht werden, f\u00fcr den verursachten Schaden geltend gemacht werden.  <\/p>\n\n\n\n<p>Sie stellen das Unternehmen von allen Sch\u00e4den frei, die sich aus Anspr\u00fcchen, Handlungen oder Forderungen Dritter ergeben, die sich aus Ihrem Zugriff auf die Website oder deren Nutzung ergeben. Sie erkl\u00e4ren sich auch damit einverstanden, Sie von allen Sch\u00e4den freizustellen, die sich aus der Verwendung von Robotern, Spidern, Crawlern oder \u00e4hnlichen Tools ergeben, die zum Zwecke des Sammelns oder Extrahierens von Daten verwendet werden, oder durch andere Handlungen Ihrerseits, die den Betrieb der Website unangemessen belasten. <\/p>\n\n\n\n<p><strong>7. HYPERLINKS<\/strong><\/p>\n\n\n\n<p>Der Nutzer verpflichtet sich, die Website sowie ihren Inhalt in keiner Weise, auch nicht \u00fcber einen Hyperlink oder Hyperlink, zu vervielf\u00e4ltigen, es sei denn, die f\u00fcr die Datei verantwortliche Person hat dies ausdr\u00fccklich schriftlich genehmigt.<\/p>\n\n\n\n<p>Die Website kann Links zu anderen Websites enthalten, die von Dritten verwaltet werden, um dem Benutzer den Zugang zu den Informationen der kooperierenden und\/oder sponsernden Unternehmen zu erleichtern. Dementsprechend ist das Unternehmen weder f\u00fcr den Inhalt dieser Websites verantwortlich, noch ist es in der Position des Garanten und\/oder Anbieters der Dienstleistungen und\/oder Informationen, die Dritten \u00fcber Links Dritter angeboten werden k\u00f6nnen. <\/p>\n\n\n\n<p>Dem Nutzer wird ein beschr\u00e4nktes, widerrufliches und nicht ausschlie\u00dfliches Recht einger\u00e4umt, Links zur Startseite der Website ausschlie\u00dflich f\u00fcr den privaten und nicht kommerziellen Gebrauch zu erstellen. Die Websites, die einen Link zu unserer Website enthalten, (i) d\u00fcrfen ihre Beziehung nicht falsch darstellen oder best\u00e4tigen, dass ein solcher Link autorisiert wurde, noch Marken, Bezeichnungen, Handelsnamen, Logos oder andere Unterscheidungsmerkmale unseres Unternehmens enthalten; (ii) d\u00fcrfen keine Inhalte enthalten, die als geschmacklos, obsz\u00f6n, beleidigend, umstritten, zu Gewalt oder Diskriminierung aufgrund des Geschlechts, der Rasse oder der Religion aufrufend, gegen die \u00f6ffentliche Ordnung versto\u00dfend oder rechtswidrig angesehen werden k\u00f6nnen; (iii) d\u00fcrfen nicht auf eine andere Seite der Website als die Homepage verlinken; (iv) er muss auf die Adresse der Website selbst verlinken, ohne dass die Website, die den Link herstellt, die Website als Teil ihrer Website oder innerhalb eines ihrer &#8222;Frames&#8220; reproduzieren oder einen &#8222;Browser&#8220; auf einer der Seiten des Website-Bereichs erstellen kann. Das Unternehmen kann jederzeit verlangen, dass es einen Link zur Website entfernt, woraufhin es unverz\u00fcglich mit der Entfernung fortfahren muss.      <\/p>\n\n\n\n<p>Das Unternehmen hat keine Kontrolle \u00fcber die Informationen, Inhalte, Produkte oder Dienstleistungen, die von anderen Webspaces bereitgestellt werden, die Links zum Webspace eingerichtet haben.<\/p>\n\n\n\n<p><strong>8. DATENSCHUTZ<\/strong><\/p>\n\n\n\n<p>Um einige der Dienste nutzen zu k\u00f6nnen, muss der Nutzer zun\u00e4chst bestimmte personenbezogene Daten angeben. Das Unternehmen wird diese Daten automatisch verarbeiten und die entsprechenden Sicherheitsma\u00dfnahmen anwenden, alles in \u00dcbereinstimmung mit der DSGVO, LOPDGDD und LSSI. Der Nutzer kann unter den in der Datenschutzrichtlinie festgelegten Bedingungen auf die bei der Verarbeitung personenbezogener Daten befolgte Richtlinie sowie auf die Festlegung der zuvor festgelegten Zwecke zugreifen.  <\/p>\n\n\n\n<p><strong>9. KEKSE<\/strong><\/p>\n\n\n\n<p>Das Unternehmen beh\u00e4lt sich das Recht vor, die &#8222;Cookie&#8220;-Technologie in <strong>cultivoshidroponicos.org<\/strong> zu verwenden, um Sie als h\u00e4ufigen Benutzer zu erkennen und die Nutzung der Website durch Vorauswahl Ihrer Sprache oder gew\u00fcnschter oder spezifischerer Inhalte zu personalisieren.<\/p>\n\n\n\n<p>Cookies erfassen die IP-Adresse des Nutzers und Google ist f\u00fcr die Verarbeitung dieser Informationen verantwortlich.<\/p>\n\n\n\n<p>Cookies sind Dateien, die \u00fcber einen Webserver an einen Browser gesendet werden, um die Navigation des Benutzers im Webspace aufzuzeichnen, wenn der Benutzer deren Empfang zul\u00e4sst. Wenn Sie m\u00f6chten, k\u00f6nnen Sie Ihren Browser so konfigurieren, dass er auf dem Bildschirm \u00fcber den Empfang von Cookies informiert wird und die Installation von Cookies auf Ihrer Festplatte verhindert. Weitere Informationen finden Sie in den Anweisungen und Handb\u00fcchern Ihres Browsers.  <\/p>\n\n\n\n<p>Dank Cookies ist es m\u00f6glich, den Browser des vom Benutzer verwendeten Computers zu erkennen, um Inhalte bereitzustellen und die Browsing- oder Werbepr\u00e4ferenzen, die der Benutzer hat, den demografischen Profilen der Benutzer anzubieten sowie Besuche und Verkehrsparameter zu messen, den Fortschritt und die Anzahl der Eintr\u00e4ge zu \u00fcberwachen.<\/p>\n\n\n\n<p><strong>10. ZUSICHERUNGEN UND GARANTIEN<\/strong><\/p>\n\n\n\n<p>Im Allgemeinen haben die auf der Website angebotenen Inhalte und Dienstleistungen lediglich informativen Charakter. Folglich wird durch ihr Angebot keine Gew\u00e4hrleistung oder Zusicherung in Bezug auf die auf der Website angebotenen Inhalte und Dienstleistungen gegeben, einschlie\u00dflich, aber nicht beschr\u00e4nkt auf Garantien der Rechtm\u00e4\u00dfigkeit, Zuverl\u00e4ssigkeit, N\u00fctzlichkeit, Wahrhaftigkeit, Genauigkeit oder Marktg\u00e4ngigkeit, es sei denn, solche Zusicherungen und Garantien k\u00f6nnen gesetzlich nicht ausgeschlossen werden. <\/p>\n\n\n\n<p><strong>11. H\u00d6HERE GEWALT<\/strong><\/p>\n\n\n\n<p>Das Unternehmen haftet nicht in allen F\u00e4llen der Unm\u00f6glichkeit der Erbringung von Dienstleistungen, wenn dies auf l\u00e4ngere Unterbrechungen der Stromversorgung, Telekommunikationsleitungen, soziale Konflikte, Streiks, Aufst\u00e4nde, Explosionen, \u00dcberschwemmungen, Handlungen und Unterlassungen der Regierung und im Allgemeinen auf alle F\u00e4lle h\u00f6herer Gewalt oder zuf\u00e4lliger Ereignisse zur\u00fcckzuf\u00fchren ist.<\/p>\n\n\n\n<p><strong>12. STREITBEILEGUNG. GELTENDES RECHT UND GERICHTSSTAND <\/strong><\/p>\n\n\n\n<p>Diese Allgemeinen Nutzungsbedingungen sowie die Nutzung <strong><strong>prensaescrita.org<\/strong><\/strong> unterliegen venezolanischem und spanischem Recht. F\u00fcr die Beilegung von Streitigkeiten unterwerfen sich die Parteien den Gerichten am Sitz des Betreibers der Website. <\/p>\n\n\n\n<p>F\u00fcr den Fall, dass eine Bestimmung dieser Allgemeinen Nutzungsbedingungen aufgrund des geltenden Rechts oder aufgrund einer gerichtlichen oder beh\u00f6rdlichen Entscheidung nicht durchsetzbar oder nichtig ist, f\u00fchrt diese Nichtdurchsetzbarkeit oder Nichtigkeit nicht dazu, dass diese Allgemeinen Nutzungsbedingungen insgesamt nicht durchsetzbar oder nichtig sind. In solchen F\u00e4llen wird das Unternehmen diese Bestimmung \u00e4ndern oder durch eine andere ersetzen, die g\u00fcltig und durchsetzbar ist und die so weit wie m\u00f6glich das Ziel und die Absicht erreicht, die in der urspr\u00fcnglichen Bestimmung zum Ausdruck kommen. <\/p>\n<\/div>\n","protected":false},"excerpt":{"rendered":"<p>GESETZ \u00dcBER DIE DIENSTE DER INFORMATIONSGESELLSCHAFT (LSSI) prensaescrita.org, verantwortlich f\u00fcr die Website, im Folgenden VERANTWORTLICHER, stellt den Nutzern dieses Dokument zur Verf\u00fcgung, mit dem sie beabsichtigt, die im Gesetz 34\/2002 vom 11. Juli \u00fcber die Dienste der Informationsgesellschaft und den elektronischen Gesch\u00e4ftsverkehr (LSSICE) festgelegten Verpflichtungen zu erf\u00fcllen und alle Benutzer der Website \u00fcber die Nutzungsbedingungen &#8230; <a title=\"Rechtlicher Hinweis\" class=\"read-more\" href=\"https:\/\/prensaescrita.org\/de\/rechtlicher-hinweis\/\" aria-label=\"Mehr Informationen \u00fcber Rechtlicher Hinweis\">Weiterlesen &#8230;<\/a><\/p>\n","protected":false},"author":2,"featured_media":0,"parent":0,"menu_order":0,"comment_status":"closed","ping_status":"closed","template":"","meta":{"footnotes":""},"class_list":{"0":"post-3753","1":"page","2":"type-page","3":"status-publish","5":"infinite-scroll-item"},"_hostinger_reach_plugin_has_subscription_block":false,"_hostinger_reach_plugin_is_elementor":false,"_links":{"self":[{"href":"https:\/\/prensaescrita.org\/de\/wp-json\/wp\/v2\/pages\/3753","targetHints":{"allow":["GET"]}}],"collection":[{"href":"https:\/\/prensaescrita.org\/de\/wp-json\/wp\/v2\/pages"}],"about":[{"href":"https:\/\/prensaescrita.org\/de\/wp-json\/wp\/v2\/types\/page"}],"author":[{"embeddable":true,"href":"https:\/\/prensaescrita.org\/de\/wp-json\/wp\/v2\/users\/2"}],"replies":[{"embeddable":true,"href":"https:\/\/prensaescrita.org\/de\/wp-json\/wp\/v2\/comments?post=3753"}],"version-history":[{"count":1,"href":"https:\/\/prensaescrita.org\/de\/wp-json\/wp\/v2\/pages\/3753\/revisions"}],"predecessor-version":[{"id":3755,"href":"https:\/\/prensaescrita.org\/de\/wp-json\/wp\/v2\/pages\/3753\/revisions\/3755"}],"wp:attachment":[{"href":"https:\/\/prensaescrita.org\/de\/wp-json\/wp\/v2\/media?parent=3753"}],"curies":[{"name":"wp","href":"https:\/\/api.w.org\/{rel}","templated":true}]}}