{"id":3394,"date":"2025-03-08T17:06:14","date_gmt":"2025-03-08T17:06:14","guid":{"rendered":"https:\/\/prensaescrita.org\/cookie-richtlinie\/"},"modified":"2025-03-18T11:45:42","modified_gmt":"2025-03-18T11:45:42","slug":"cookie-richtlinie","status":"publish","type":"page","link":"https:\/\/prensaescrita.org\/de\/cookie-richtlinie\/","title":{"rendered":"Cookie-Richtlinie"},"content":{"rendered":"\n<div class=\"gb-element-19fa11e7\">\n<p>Cookies sind kleine Informationsmengen, die in dem von jedem Benutzer verwendeten Browser gespeichert werden, damit sich der Server bestimmte Informationen merkt, die er sp\u00e4ter verwenden kann.<\/p>\n\n\n\n<h4 class=\"wp-block-heading\">Arten von Cookies, die wir verwenden<\/h4>\n\n\n\n<p>Diese Website verwendet Cookies von Drittanbietern, d. h. solche, die von einer Domain oder einer Website an Ihren Computer oder Ihr Terminal gesendet werden, die nicht von uns verwaltet wird, sondern von einer anderen Stelle, die die durch Cookies erhaltenen Daten verarbeitet.<\/p>\n\n\n\n<p>In diesem Fall werden Cookies zu statistischen Zwecken in Bezug auf die Besuche und die konsultierten Seiten verwendet, und ihre Verwendung wird beim Surfen akzeptiert.<\/p>\n\n\n\n<figure class=\"wp-block-table\"><table class=\"has-fixed-layout\"><tbody><tr><th>KEKS<br\/>(UND LIEFERANT)<\/th><th>DAUER<\/th><th>BESCHREIBUNG<\/th><\/tr><tr><td>__cfduid (notin.es)<\/td><td>Sitzung<\/td><td>Werbung<\/td><\/tr><tr><td>personalization_id (twitter.com)<\/td><td>Sitzung<\/td><td>Zwitschern<\/td><\/tr><tr><td>Auf Facebook (Englisch)<\/td><td>Werbung, Statistiken und Messungen<\/td><td>Es platziert Cookies auf Ihrem Computer oder Ger\u00e4t und erh\u00e4lt die darauf gespeicherten Informationen, wenn Sie Dienste nutzen oder besuchen, die von anderen Unternehmen bereitgestellt werden, die die Dienste von Facebook nutzen.<\/td><\/tr><tr><td>_ga (Google)<\/td><td>2 Jahre<\/td><td>Es wird verwendet, um Benutzer zu unterscheiden.<\/td><\/tr><tr><td>_gid (Google)<\/td><td>24 Stunden<\/td><td>Es wird verwendet, um Benutzer zu unterscheiden.<\/td><\/tr><tr><td>_gat (Google)<\/td><td>1 Minute<\/td><td>Es wird verwendet, um den Prozentsatz der Anfragen zu begrenzen. Wenn Sie Google Analytics mit dem Google Tag Manager implementiert haben, wird dieses Cookie als _dc_gtm_<property-id> bezeichnet. <\/property-id><\/td><\/tr><tr><td>_gali (Google)<\/td><td>30er Jahre<\/td><td>Verbesserte Link-Attribution.<\/td><\/tr><tr><td>_unam (SHARETHIS)<\/td><td>Beharrlich<\/td><td>Sein Zweck ist es, die Anzahl der Benutzer zu quantifizieren, die einen bestimmten Inhalt teilen, und die Anzahl der Webseiten, die als Ergebnis dieser Aktion besucht werden.<\/td><\/tr><tr><td>F\u00fcr Anf\u00e4nger<\/td><td>2 Jahre<\/td><td>Wird f\u00fcr das ordnungsgem\u00e4\u00dfe Funktionieren des WordPress-Content-Management-Systems verwendet.<\/td><\/tr><\/tbody><\/table><\/figure>\n\n\n\n<p>Weitere Informationen zu den Arten von Tracking- und Datenanalyse-Cookies von Google <a href=\"https:\/\/www.google.com\/intl\/es_es\/policies\/technologies\/types\/\" target=\"_blank\" rel=\"noreferrer noopener\">finden Sie hier<\/a>.<\/p>\n\n\n\n<p>So finden Sie heraus, wie Sie Cookies aus Ihrem Browser l\u00f6schen k\u00f6nnen:<\/p>\n\n\n\n<ul class=\"wp-block-list\">\n<li><a href=\"https:\/\/support.mozilla.org\/es\/kb\/habilitar-y-deshabilitar-cookies-sitios-web-rastrear-preferencias\" target=\"_blank\" rel=\"noreferrer noopener\">Firefox<\/a><\/li>\n\n\n\n<li><a href=\"https:\/\/support.google.com\/chrome\/answer\/95647?hl=es\" target=\"_blank\" rel=\"noreferrer noopener\">Chrom<\/a><\/li>\n\n\n\n<li><a href=\"https:\/\/support.apple.com\/kb\/PH19214?viewlocale=es_ES&amp;locale=es_ES\" target=\"_blank\" rel=\"noreferrer noopener\">Safari<\/a><\/li>\n<\/ul>\n<\/div>\n","protected":false},"excerpt":{"rendered":"<p>Cookies sind kleine Informationsmengen, die in dem von jedem Benutzer verwendeten Browser gespeichert werden, damit sich der Server bestimmte Informationen merkt, die er sp\u00e4ter verwenden kann. Arten von Cookies, die wir verwenden Diese Website verwendet Cookies von Drittanbietern, d. h. solche, die von einer Domain oder einer Website an Ihren Computer oder Ihr Terminal gesendet &#8230; <a title=\"Cookie-Richtlinie\" class=\"read-more\" href=\"https:\/\/prensaescrita.org\/de\/cookie-richtlinie\/\" aria-label=\"Mehr Informationen \u00fcber Cookie-Richtlinie\">Weiterlesen &#8230;<\/a><\/p>\n","protected":false},"author":2,"featured_media":0,"parent":0,"menu_order":0,"comment_status":"closed","ping_status":"closed","template":"","meta":{"footnotes":""},"class_list":{"0":"post-3394","1":"page","2":"type-page","3":"status-publish","5":"infinite-scroll-item"},"_hostinger_reach_plugin_has_subscription_block":false,"_hostinger_reach_plugin_is_elementor":false,"_links":{"self":[{"href":"https:\/\/prensaescrita.org\/de\/wp-json\/wp\/v2\/pages\/3394","targetHints":{"allow":["GET"]}}],"collection":[{"href":"https:\/\/prensaescrita.org\/de\/wp-json\/wp\/v2\/pages"}],"about":[{"href":"https:\/\/prensaescrita.org\/de\/wp-json\/wp\/v2\/types\/page"}],"author":[{"embeddable":true,"href":"https:\/\/prensaescrita.org\/de\/wp-json\/wp\/v2\/users\/2"}],"replies":[{"embeddable":true,"href":"https:\/\/prensaescrita.org\/de\/wp-json\/wp\/v2\/comments?post=3394"}],"version-history":[{"count":1,"href":"https:\/\/prensaescrita.org\/de\/wp-json\/wp\/v2\/pages\/3394\/revisions"}],"predecessor-version":[{"id":3396,"href":"https:\/\/prensaescrita.org\/de\/wp-json\/wp\/v2\/pages\/3394\/revisions\/3396"}],"wp:attachment":[{"href":"https:\/\/prensaescrita.org\/de\/wp-json\/wp\/v2\/media?parent=3394"}],"curies":[{"name":"wp","href":"https:\/\/api.w.org\/{rel}","templated":true}]}}