{"id":3381,"date":"2025-03-08T17:05:14","date_gmt":"2025-03-08T17:05:14","guid":{"rendered":"https:\/\/prensaescrita.org\/datenschutzrichtlinie\/"},"modified":"2025-03-18T11:45:35","modified_gmt":"2025-03-18T11:45:35","slug":"datenschutzrichtlinie","status":"publish","type":"page","link":"https:\/\/prensaescrita.org\/de\/datenschutzrichtlinie\/","title":{"rendered":"Datenschutzrichtlinie"},"content":{"rendered":"\n<div class=\"gb-element-9f66d1d1\">\n<p><strong>prensaescrita.org<\/strong> informiert Sie \u00fcber seine Datenschutzrichtlinie in Bezug auf die Verarbeitung und den Schutz der personenbezogenen Daten von Benutzern und Kunden, die durch das Surfen oder die Beauftragung von Dienstleistungen \u00fcber die <strong><strong>prensaescrita.org-Website<\/strong><\/strong> erhoben werden k\u00f6nnen.<\/p>\n\n\n\n<p>In diesem Sinne garantiert der Eigent\u00fcmer die Einhaltung der geltenden Vorschriften zum Schutz personenbezogener Daten, die im Organgesetz 3\/2018 vom 5. Dezember \u00fcber den Schutz personenbezogener Daten und die Gew\u00e4hrleistung digitaler Rechte (LOPD GDD) enthalten sind. Sie entspricht auch der Verordnung (EU) 2016\/679 des Europ\u00e4ischen Parlaments und des Rates vom 27. April 2016 zum Schutz nat\u00fcrlicher Personen (DSGVO). <\/p>\n\n\n\n<p>Die Nutzung <strong>der cultivoshidroponicos.org<\/strong> Website setzt die Annahme dieser Datenschutzrichtlinie sowie der in den rechtlichen Hinweisen enthaltenen Bedingungen voraus.<\/p>\n\n\n\n<h3 class=\"wp-block-heading\" id=\"identidad-del-responsable\">Identit\u00e4t des Verantwortlichen<\/h3>\n\n\n\n<ul class=\"wp-block-list\">\n<li>E-Mail: <strong>contacto@<strong>prensaescrita.org<\/strong><\/strong><\/li>\n\n\n\n<li>Webseite: <strong><strong>prensaescrita.org<\/strong><\/strong><\/li>\n<\/ul>\n\n\n\n<h3 class=\"wp-block-heading\" id=\"principios-aplicados-en-el-tratamiento-de-datos\">Grunds\u00e4tze der Datenverarbeitung<\/h3>\n\n\n\n<p>Bei der Verarbeitung Ihrer personenbezogenen Daten wendet der Eigent\u00fcmer die folgenden Grunds\u00e4tze an, die den Anforderungen der neuen europ\u00e4ischen Datenschutzverordnung entsprechen:<\/p>\n\n\n\n<ul class=\"wp-block-list\">\n<li><strong>Grundsatz der Rechtm\u00e4\u00dfigkeit, Loyalit\u00e4t und Transparenz:<\/strong> Der Eigent\u00fcmer ben\u00f6tigt immer eine Einwilligung f\u00fcr die Verarbeitung Ihrer personenbezogenen Daten, die f\u00fcr einen oder mehrere bestimmte Zwecke erfolgen kann, \u00fcber die er Sie im Voraus mit absoluter Transparenz informiert.<\/li>\n\n\n\n<li><strong>Prinzip der Datenminimierung:<\/strong> Der f\u00fcr die Verarbeitung Verantwortliche wird von Ihnen nur die Daten anfordern, die f\u00fcr den Zweck oder die Zwecke, f\u00fcr die sie angefordert werden, unbedingt erforderlich sind.<\/li>\n\n\n\n<li><strong>Grundsatz der Begrenzung der Speicherfrist:<\/strong> Die Daten werden so lange aufbewahrt, wie es f\u00fcr den Zweck oder die Zwecke der Verarbeitung unbedingt erforderlich ist.<br\/>Der Eigent\u00fcmer wird Sie je nach Verwendungszweck \u00fcber die entsprechende Speicherdauer informieren. Im Falle von Abonnements wird der Kontoinhaber die Listen regelm\u00e4\u00dfig \u00fcberpr\u00fcfen und die Datens\u00e4tze l\u00f6schen, die seit geraumer Zeit inaktiv sind. <\/li>\n\n\n\n<li><strong>Grundsatz der Integrit\u00e4t und Vertraulichkeit:<\/strong> Ihre Daten werden so verarbeitet, dass ihre Sicherheit, Vertraulichkeit und Integrit\u00e4t gew\u00e4hrleistet sind. Sie sollten wissen, dass der Eigent\u00fcmer die notwendigen Vorkehrungen trifft, um den unbefugten Zugriff oder die missbr\u00e4uchliche Verwendung der Daten seiner Benutzer durch Dritte zu verhindern. <\/li>\n<\/ul>\n\n\n\n<h3 class=\"wp-block-heading\" id=\"obtencin-de-datos-personales\">Erhebung personenbezogener Daten<\/h3>\n\n\n\n<p>Um prensaescrita.org zu durchsuchen <strong><strong>,<\/strong><\/strong> m\u00fcssen Sie keine pers\u00f6nlichen Daten angeben. Die F\u00e4lle, in denen Sie Ihre personenbezogenen Daten zur Verf\u00fcgung stellen, sind die folgenden: <\/p>\n\n\n\n<ul class=\"wp-block-list\">\n<li>Indem Sie uns \u00fcber die Kontaktformulare kontaktieren oder eine E-Mail senden.<\/li>\n\n\n\n<li>Wenn Sie die Verhandlungsverfahren f\u00fcr eine der zum Verkauf stehenden Immobilien beginnen.<\/li>\n\n\n\n<li>Indem Sie Ihr Interesse an der Werbung f\u00fcr eine Immobilie auf unserer Website erkl\u00e4ren.<\/li>\n\n\n\n<li>Wenn Sie einen Artikel oder eine Seite kommentieren.<\/li>\n<\/ul>\n\n\n\n<h3 class=\"wp-block-heading\" id=\"tus-derechos\">Ihre Rechte<\/h3>\n\n\n\n<p>Der Eigent\u00fcmer informiert Sie dar\u00fcber, dass Sie das Recht haben:<\/p>\n\n\n\n<ul class=\"wp-block-list\">\n<li>Fordern Sie den Zugriff auf gespeicherte Daten an.<\/li>\n\n\n\n<li>Fordern Sie eine Berichtigung oder Stornierung an.<\/li>\n\n\n\n<li>Fordern Sie die Einschr\u00e4nkung der Verarbeitung an.<\/li>\n\n\n\n<li>Gegen die Behandlung.<\/li>\n\n\n\n<li>Fordern Sie die \u00dcbertragbarkeit Ihrer Daten an.<\/li>\n<\/ul>\n\n\n\n<p>Die Aus\u00fcbung dieser Rechte ist pers\u00f6nlich und muss daher direkt vom Interessenten ausge\u00fcbt werden, der sie direkt beim Eigent\u00fcmer anfordert, was bedeutet, dass jeder Kunde, Abonnent oder Mitarbeiter, der seine Daten zur Verf\u00fcgung gestellt hat, sich jederzeit an den Eigent\u00fcmer wenden und Informationen \u00fcber die von ihm gespeicherten Daten und deren Erhalt anfordern kann,  die Berichtigung derselben zu verlangen, die \u00dcbertragbarkeit ihrer personenbezogenen Daten zu verlangen, sich der Verarbeitung zu widersetzen, ihre Verwendung einzuschr\u00e4nken oder die L\u00f6schung dieser Daten in den Dateien des Eigent\u00fcmers zu verlangen.<\/p>\n\n\n\n<p>Um Ihre Rechte auf Zugang, Berichtigung, L\u00f6schung, \u00dcbertragbarkeit und Widerspruch auszu\u00fcben, m\u00fcssen Sie eine E-Mail an <strong>contacto@ senden <strong>prensaescrita.org<\/strong><\/strong> zusammen mit einem g\u00fcltigen gesetzlichen Nachweis wie einer Fotokopie Ihres Personalausweises oder eines gleichwertigen Dokuments.<\/p>\n\n\n\n<p>Sie haben das Recht auf effektiven gerichtlichen Rechtsschutz und auf Beschwerde bei der Aufsichtsbeh\u00f6rde, in diesem Fall der spanischen Datenschutzbeh\u00f6rde, wenn Sie der Ansicht sind, dass die Verarbeitung der Sie betreffenden personenbezogenen Daten gegen die Verordnung verst\u00f6\u00dft.<\/p>\n\n\n\n<h3 class=\"wp-block-heading\" id=\"finalidad-del-tratamiento-de-datos-personales\">Zweck der Verarbeitung personenbezogener Daten<\/h3>\n\n\n\n<p>Wenn Sie sich mit der <strong><strong>prensaescrita.org-Website<\/strong><\/strong> verbinden, um eine E-Mail an den Eigent\u00fcmer zu senden, seinen Newsletter zu abonnieren oder einen Vertrag abzuschlie\u00dfen, geben Sie personenbezogene Daten an, f\u00fcr die der Eigent\u00fcmer verantwortlich ist. Diese Informationen k\u00f6nnen personenbezogene Daten wie Ihre IP-Adresse, Ihren Vor- und Nachnamen, Ihre Postanschrift, Ihre E-Mail-Adresse, Ihre Telefonnummer und andere Informationen enthalten. Durch die Bereitstellung dieser Informationen erkl\u00e4ren Sie sich damit einverstanden, dass Ihre Daten von superadmin.es nur wie im rechtlichen Hinweis und in dieser Datenschutzrichtlinie beschrieben gesammelt, verwendet, verwaltet und gespeichert werden.  <\/p>\n\n\n\n<p>Personenbezogene Daten und der Zweck der Verarbeitung durch den Eigent\u00fcmer sind je nach Informationserfassungssystem unterschiedlich:<\/p>\n\n\n\n<ul class=\"wp-block-list\">\n<li><strong>Kontaktformulare:<\/strong> Der Eigent\u00fcmer fordert personenbezogene Daten an, die Folgendes umfassen k\u00f6nnen: Vor- und Nachname, E-Mail-Adresse, Telefonnummer und Adresse Ihrer Website, um Ihre Anfragen zu beantworten.<br\/>Zum Beispiel verwendet der Eigent\u00fcmer diese Daten, um auf Ihre Nachrichten, Zweifel, Beschwerden, Kommentare oder Bedenken zu antworten, die Sie in Bezug auf die auf der Website enthaltenen Informationen, die \u00fcber die Website bereitgestellten Dienstleistungen, die Verarbeitung Ihrer personenbezogenen Daten, Fragen zu den auf der Website enthaltenen Rechtstexten haben,  sowie alle anderen Fragen, die Sie m\u00f6glicherweise haben und die nicht den Bedingungen der Website oder des Vertrags unterliegen.<\/li>\n<\/ul>\n\n\n\n<p>Es gibt weitere Zwecke, f\u00fcr die der Eigent\u00fcmer Ihre personenbezogenen Daten verarbeitet:<\/p>\n\n\n\n<ul class=\"wp-block-list\">\n<li>Um die Einhaltung der im rechtlichen Hinweis festgelegten Bedingungen und des geltenden Rechts sicherzustellen. Dies kann die Entwicklung von Tools und Algorithmen umfassen, die dieser Website helfen, die Vertraulichkeit der von ihr gesammelten personenbezogenen Daten zu gew\u00e4hrleisten. <\/li>\n\n\n\n<li>Um die <strong><strong>von prensaescrita.org<\/strong><\/strong> angebotenen Dienstleistungen zu unterst\u00fctzen und zu verbessern.<\/li>\n\n\n\n<li>So analysieren Sie die Navigation. Der Eigent\u00fcmer sammelt andere nicht identifizierende Daten, die durch die Verwendung von Cookies erhalten werden, die beim Surfen auf der Website auf Ihren Computer heruntergeladen werden und deren Eigenschaften und Zweck in der Cookie-Richtlinie aufgef\u00fchrt sind. <\/li>\n\n\n\n<li>Um soziale Netzwerke zu verwalten. Der Eigent\u00fcmer ist in sozialen Netzwerken pr\u00e4sent. Wenn Sie Follower in den sozialen Netzwerken des Eigent\u00fcmers werden, unterliegt die Verarbeitung personenbezogener Daten diesem Abschnitt sowie den Nutzungsbedingungen, Datenschutzrichtlinien und Zugangsbestimmungen, die zu dem jeweils angemessenen sozialen Netzwerk geh\u00f6ren und die Sie zuvor akzeptiert haben.  <\/li>\n<\/ul>\n\n\n\n<p>Unter diesen Links k\u00f6nnen Sie die Datenschutzrichtlinien der wichtigsten sozialen Netzwerke einsehen:<\/p>\n\n\n\n<ul class=\"wp-block-list\">\n<li>Auf Facebook (Englisch)<\/li>\n\n\n\n<li>Zwitschern<\/li>\n\n\n\n<li>Linkedin<\/li>\n\n\n\n<li>Auf YouTube (Englisch)<\/li>\n\n\n\n<li>Auf Instagram<\/li>\n<\/ul>\n\n\n\n<p>Der Eigent\u00fcmer verarbeitet Ihre personenbezogenen Daten, um seine Pr\u00e4senz im sozialen Netzwerk korrekt zu verwalten, Sie \u00fcber seine Aktivit\u00e4ten, Produkte oder Dienstleistungen zu informieren sowie f\u00fcr jeden anderen Zweck, den die Vorschriften der sozialen Netzwerke zulassen.<\/p>\n\n\n\n<p>Unter keinen Umst\u00e4nden wird der Eigent\u00fcmer die Profile von Followern in sozialen Netzwerken verwenden, um Werbung individuell zu versenden.<\/p>\n\n\n\n<h3 class=\"wp-block-heading\" id=\"seguridad-de-los-datos-personales\">Sicherheit personenbezogener Daten<\/h3>\n\n\n\n<p>Um Ihre personenbezogenen Daten zu sch\u00fctzen, ergreift der Eigent\u00fcmer alle angemessenen Vorsichtsma\u00dfnahmen und befolgt die besten Praktiken der Branche, um deren Verlust, Missbrauch, unsachgem\u00e4\u00dfen Zugriff, Offenlegung, \u00c4nderung oder Zerst\u00f6rung derselben zu verhindern.<\/p>\n\n\n\n<p>Die Website wird von banahosting gehostet. Die Sicherheit Ihrer Daten ist gew\u00e4hrleistet, da sie alle notwendigen Sicherheitsma\u00dfnahmen ergreifen. Weitere Informationen finden Sie in der Datenschutzrichtlinie.  <\/p>\n\n\n\n<h3 class=\"wp-block-heading\" id=\"contenido-de-otros-sitios-web\">Inhalte von anderen Websites<\/h3>\n\n\n\n<p><strong>cultivoshidroponicos.org<\/strong> Seiten k\u00f6nnen eingebettete Inhalte (z. B. Videos, Bilder, Artikel usw.) enthalten. Eingebettete Inhalte von anderen Websites verhalten sich genauso, als ob Sie die andere Website besucht h\u00e4tten. <\/p>\n\n\n\n<p>Diese Websites k\u00f6nnen Daten \u00fcber Sie sammeln, Cookies verwenden, einen zus\u00e4tzlichen Tracking-Code von Drittanbietern einbetten und Ihre Interaktion mit diesem Code \u00fcberwachen.<\/p>\n\n\n\n<h3 class=\"wp-block-heading\" id=\"poltica-de-cookies\">Cookie-Richtlinie<\/h3>\n\n\n\n<p>Damit diese Website ordnungsgem\u00e4\u00df funktioniert, m\u00fcssen Sie Cookies verwenden, d. h. Informationen, die in Ihrem Webbrowser gespeichert werden.<\/p>\n\n\n\n<p>Auf der Seite Cookie-Richtlinie k\u00f6nnen Sie alle Informationen \u00fcber die Erfassungsrichtlinie, den Zweck und die Verarbeitung von Cookies einsehen.<\/p>\n\n\n\n<h3 class=\"wp-block-heading\" id=\"legitimacin-para-el-tratamiento-de-datos\">Legitimation der Datenverarbeitung<\/h3>\n\n\n\n<p>Die Rechtsgrundlage f\u00fcr die Verarbeitung Ihrer Daten ist: Einwilligung.<\/p>\n\n\n\n<p>Um mit dem Eigent\u00fcmer in Kontakt zu treten, einen Newsletter zu abonnieren oder Kommentare auf dieser Website abzugeben, m\u00fcssen Sie diese Datenschutzrichtlinie akzeptieren.<\/p>\n\n\n\n<h3 class=\"wp-block-heading\" id=\"categoras-de-datos-personales\">Kategorien personenbezogener Daten<\/h3>\n\n\n\n<p>Die Kategorien personenbezogener Daten, die vom Eigent\u00fcmer verarbeitet werden, sind:<\/p>\n\n\n\n<ul class=\"wp-block-list\">\n<li>Identifikationsdaten.<\/li>\n<\/ul>\n\n\n\n<h3 class=\"wp-block-heading\" id=\"conservacin-de-datos-personales\">Aufbewahrung personenbezogener Daten<\/h3>\n\n\n\n<p>Die personenbezogenen Daten, die Sie dem Eigent\u00fcmer zur Verf\u00fcgung stellen, werden so lange aufbewahrt, bis Sie deren L\u00f6schung beantragen.<\/p>\n\n\n\n<h3 class=\"wp-block-heading\" id=\"destinatarios-de-datos-personales\">Empf\u00e4nger personenbezogener Daten<\/h3>\n\n\n\n<ul class=\"wp-block-list\">\n<li><strong>Mailchimp (Englisch)<\/strong> The Rocket Science Group LLC d\/b\/a , mit Sitz in den USA.<br\/>Weitere Informationen finden Sie unter: <strong><a href=\"https:\/\/mailchimp.com\/\" target=\"_blank\" rel=\"noreferrer noopener\">https:\/\/mailchimp.com<\/a><\/strong><br\/>The Rocket Science Group LLC d\/b\/a verarbeitet die Daten zum Zwecke der Bereitstellung ihrer E-Mail-Dienste f\u00fcr den Eigent\u00fcmer.<\/li>\n\n\n\n<li><strong>Google Analytics<\/strong> ist ein Webanalysedienst von Google, Inc., einem Unternehmen aus Delaware mit Hauptsitz in 1600 Amphitheatre Parkway, Mountain View (Kalifornien), CA 94043, USA (&#8222;Google&#8220;). Weitere Informationen finden Sie unter: <strong><a href=\"https:\/\/analytics.google.com\/\" target=\"_blank\" rel=\"noreferrer noopener\">https:\/\/analytics.google.com<\/a><\/strong><br\/>Google Analytics verwendet sog. &#8222;Cookies&#8220;, Textdateien, die auf Ihrem Computer gespeichert werden und die eine Analyse der Benutzung der Website durch die Nutzer erm\u00f6glichen. Die durch den Cookie erzeugten Informationen \u00fcber Ihre Benutzung der Website (einschlie\u00dflich Ihrer IP-Adresse) werden direkt an einen Server von Google in den USA \u00fcbertragen und dort gespeichert. <\/li>\n<\/ul>\n\n\n\n<p>Sie k\u00f6nnen auch eine Liste der Arten von Cookies sehen, die von Google und seinen Partnern verwendet werden, sowie Informationen \u00fcber die Verwendung von Werbe-Cookies.<\/p>\n\n\n\n<h3 class=\"wp-block-heading\" id=\"navegacin-web\">Surfen im Internet<\/h3>\n\n\n\n<p>Beim Surfen k\u00f6nnen <strong><strong>prensaescrita.org<\/strong><\/strong> nicht identifizierende Daten gesammelt werden, darunter die IP-Adresse, die Geolokalisierung, eine Aufzeichnung der Nutzung der Dienste und Websites, Surfgewohnheiten und andere Daten, die nicht verwendet werden k\u00f6nnen, um Sie zu identifizieren.<\/p>\n\n\n\n<p>Die Website verwendet die folgenden Analysedienste von Drittanbietern:<\/p>\n\n\n\n<p>L\u00d6SCHEN SIE DIEJENIGEN, DIE SIE NICHT VERWENDEN:<\/p>\n\n\n\n<ul class=\"wp-block-list\">\n<li>Google Analytics<\/li>\n\n\n\n<li>DoubleClick von Google<\/li>\n<\/ul>\n\n\n\n<p>Der Eigent\u00fcmer verwendet die erhaltenen Informationen, um statistische Daten zu erhalten, Trends zu analysieren, die Website zu verwalten, Surfmuster zu untersuchen und demografische Informationen zu sammeln.<\/p>\n\n\n\n<h3 class=\"wp-block-heading\" id=\"exactitud-y-veracidad-de-los-datos-personales\">Genauigkeit und Richtigkeit der personenbezogenen Daten<\/h3>\n\n\n\n<p>Sie verpflichten sich, daf\u00fcr Sorge zu tragen, dass die dem Kontoinhaber zur Verf\u00fcgung gestellten Daten korrekt, vollst\u00e4ndig, genau und aktuell sind, sowie sie ordnungsgem\u00e4\u00df auf dem neuesten Stand zu halten.<\/p>\n\n\n\n<p>Als Nutzer der Website sind Sie allein verantwortlich f\u00fcr die Richtigkeit und Richtigkeit der Daten, die Sie an die Website senden, und entbinden den Eigent\u00fcmer von jeglicher diesbez\u00fcglichen Haftung.<\/p>\n\n\n\n<h3 class=\"wp-block-heading\" id=\"aceptacin-y-consentimiento\">Annahme und Zustimmung<\/h3>\n\n\n\n<p>Als Nutzer der Website erkl\u00e4ren Sie, \u00fcber die Bedingungen zum Schutz personenbezogener Daten informiert worden zu sein, Sie akzeptieren und stimmen der Verarbeitung derselben durch den Eigent\u00fcmer in der in dieser Datenschutzrichtlinie angegebenen Weise und zu den in dieser Datenschutzrichtlinie angegebenen Zwecken zu.<\/p>\n\n\n\n<h3 class=\"wp-block-heading\" id=\"revocabilidad\">Widerruflichkeit<\/h3>\n\n\n\n<p>Um Ihre Rechte auf Zugang, Berichtigung, L\u00f6schung, \u00dcbertragbarkeit und Widerspruch auszu\u00fcben, m\u00fcssen Sie eine E-Mail an <strong>contacto@ senden <strong>prensaescrita.org<\/strong><\/strong> zusammen mit einem g\u00fcltigen gesetzlichen Nachweis wie einer Fotokopie Ihres Personalausweises oder eines gleichwertigen Dokuments.<\/p>\n\n\n\n<p>Die Aus\u00fcbung Ihrer Rechte umfasst keine Daten, zu deren Aufbewahrung der Eigent\u00fcmer aus administrativen, rechtlichen oder Sicherheitsgr\u00fcnden verpflichtet ist.<\/p>\n\n\n\n<h3 class=\"wp-block-heading\" id=\"cambios-en-la-poltica-de-privacidad\">\u00c4nderungen der Datenschutzrichtlinie<\/h3>\n\n\n\n<p>Der Eigent\u00fcmer beh\u00e4lt sich das Recht vor, diese Datenschutzrichtlinie zu \u00e4ndern, um sie an neue Gesetze oder Rechtsprechung sowie an Branchenpraktiken anzupassen.<\/p>\n\n\n\n<p>Diese Richtlinien bleiben in Kraft, bis sie durch andere ordnungsgem\u00e4\u00df ver\u00f6ffentlichte Richtlinien ge\u00e4ndert werden.<\/p>\n<\/div>\n","protected":false},"excerpt":{"rendered":"<p>prensaescrita.org informiert Sie \u00fcber seine Datenschutzrichtlinie in Bezug auf die Verarbeitung und den Schutz der personenbezogenen Daten von Benutzern und Kunden, die durch das Surfen oder die Beauftragung von Dienstleistungen \u00fcber die prensaescrita.org-Website erhoben werden k\u00f6nnen. In diesem Sinne garantiert der Eigent\u00fcmer die Einhaltung der geltenden Vorschriften zum Schutz personenbezogener Daten, die im Organgesetz 3\/2018 &#8230; <a title=\"Datenschutzrichtlinie\" class=\"read-more\" href=\"https:\/\/prensaescrita.org\/de\/datenschutzrichtlinie\/\" aria-label=\"Mehr Informationen \u00fcber Datenschutzrichtlinie\">Weiterlesen &#8230;<\/a><\/p>\n","protected":false},"author":2,"featured_media":0,"parent":0,"menu_order":0,"comment_status":"closed","ping_status":"closed","template":"","meta":{"footnotes":""},"class_list":{"0":"post-3381","1":"page","2":"type-page","3":"status-publish","5":"infinite-scroll-item"},"_links":{"self":[{"href":"https:\/\/prensaescrita.org\/de\/wp-json\/wp\/v2\/pages\/3381","targetHints":{"allow":["GET"]}}],"collection":[{"href":"https:\/\/prensaescrita.org\/de\/wp-json\/wp\/v2\/pages"}],"about":[{"href":"https:\/\/prensaescrita.org\/de\/wp-json\/wp\/v2\/types\/page"}],"author":[{"embeddable":true,"href":"https:\/\/prensaescrita.org\/de\/wp-json\/wp\/v2\/users\/2"}],"replies":[{"embeddable":true,"href":"https:\/\/prensaescrita.org\/de\/wp-json\/wp\/v2\/comments?post=3381"}],"version-history":[{"count":1,"href":"https:\/\/prensaescrita.org\/de\/wp-json\/wp\/v2\/pages\/3381\/revisions"}],"predecessor-version":[{"id":3383,"href":"https:\/\/prensaescrita.org\/de\/wp-json\/wp\/v2\/pages\/3381\/revisions\/3383"}],"wp:attachment":[{"href":"https:\/\/prensaescrita.org\/de\/wp-json\/wp\/v2\/media?parent=3381"}],"curies":[{"name":"wp","href":"https:\/\/api.w.org\/{rel}","templated":true}]}}