{"id":3750,"date":"2025-03-08T17:02:38","date_gmt":"2025-03-08T17:02:38","guid":{"rendered":"https:\/\/prensaescrita.org\/juridisk-meddelelse\/"},"modified":"2025-03-18T11:49:01","modified_gmt":"2025-03-18T11:49:01","slug":"juridisk-meddelelse","status":"publish","type":"page","link":"https:\/\/prensaescrita.org\/da\/juridisk-meddelelse\/","title":{"rendered":"Juridisk meddelelse"},"content":{"rendered":"\n<div class=\"gb-element-fca20844\">\n<p><strong>LOV OM INFORMATIONSSAMFUNDSTJENESTER (LSSI)<\/strong><\/p>\n\n\n\n<p><strong>prensaescrita.org<\/strong>, der er ansvarlig for webstedet, i det f\u00f8lgende ben\u00e6vnt ANSVARLIG, stiller dette dokument til r\u00e5dighed for brugerne, som det har til hensigt at overholde de forpligtelser, der er fastsat i lov 34\/2002 af 11. juli om informationssamfundstjenester og elektronisk handel (LSSICE), samt at informere alle brugere af webstedet om brugsbetingelserne.<\/p>\n\n\n\n<p>Enhver person, der f\u00e5r adgang til denne hjemmeside, p\u00e5tager sig rollen som bruger og forpligter sig til overholdelse og streng overholdelse af de bestemmelser, der er angivet heri, samt enhver anden lovbestemmelse, der m\u00e5tte v\u00e6re g\u00e6ldende.<\/p>\n\n\n\n<p><strong><strong>prensaescrita.org<\/strong><\/strong> forbeholder sig ret til at \u00e6ndre enhver form for information eller ejendom til salg, der kan vises p\u00e5 hjemmesiden, uden at der er nogen forpligtelse til at give forudg\u00e5ende varsel eller informere brugerne om s\u00e5danne forpligtelser, idet det er underforst\u00e5et, at offentligg\u00f8relse p\u00e5 <strong><strong>den prensaescrita.org<\/strong><\/strong> hjemmeside er tilstr\u00e6kkelig.<\/p>\n\n\n\n<p><strong>1. IDENTIFIKATIONSOPLYSNINGER<\/strong><\/p>\n\n\n\n<p>Firmanavn: <strong><strong>prensaescrita.org<\/strong><\/strong><br\/>Handelsnavn: <strong><strong>prensaescrita.org<\/strong><\/strong><br\/>E-mail: <strong>contacto@<strong>prensaescrita.org<\/strong><\/strong><\/p>\n\n\n\n<p><strong>2. FORM\u00c5L<\/strong><\/p>\n\n\n\n<p>Gennem hjemmesiden tilbyder vi brugerne mulighed for at f\u00e5 adgang til oplysninger om aviser og aviser fra hele verden.<\/p>\n\n\n\n<p><strong>3. PRIVATLIV OG DATABEHANDLING<\/strong><\/p>\n\n\n\n<p>N\u00e5r det er n\u00f8dvendigt at give personoplysninger for at f\u00e5 adgang til bestemt indhold eller tjenester, garanterer brugerne deres sandf\u00e6rdighed, n\u00f8jagtighed, \u00e6gthed og gyldighed. Virksomheden vil give disse data den tilsvarende automatiserede behandling afh\u00e6ngigt af deres art eller form\u00e5l p\u00e5 de vilk\u00e5r, der er angivet i afsnittet om privatlivspolitik. <\/p>\n\n\n\n<p><strong>4. INDUSTRIEL OG INTELLEKTUEL EJENDOMSRET<\/strong><\/p>\n\n\n\n<p>Brugeren anerkender og accepterer, at alt indhold, der vises p\u00e5 <strong><strong>prensaescrita.org<\/strong><\/strong> og is\u00e6r design, tekster, billeder, logoer, ikoner, knapper, software, handelsnavne, varem\u00e6rker eller andre tegn, der kan bruges industrielt og\/eller kommercielt, er underlagt intellektuelle ejendomsrettigheder og alle varem\u00e6rker, handelsnavne eller karakteristiske tegn, alle industrielle og intellektuelle ejendomsrettigheder,  p\u00e5 indholdet og\/eller andre elementer, der er indsat p\u00e5 siden, som er virksomhedens og\/eller tredjeparters eksklusive ejendom, som har eneret til at bruge dem i forbindelse med forretningen. Af alle disse grunde forpligter brugeren sig til ikke at reproducere, kopiere, distribuere, stille til r\u00e5dighed eller p\u00e5 anden m\u00e5de offentligt kommunikere, transformere eller \u00e6ndre s\u00e5dant indhold, og holde virksomheden skadesl\u00f8s for ethvert krav, der opst\u00e5r som f\u00f8lge af manglende overholdelse af s\u00e5danne forpligtelser. <\/p>\n\n\n\n<p>Adgang til hjemmesiden indeb\u00e6rer under ingen omst\u00e6ndigheder nogen form for afkald, transmission, licens eller hel eller delvis overdragelse af n\u00e6vnte rettigheder, medmindre andet udtrykkeligt er angivet. Disse generelle betingelser for brug af hjemmesiden giver <strong><strong>prensaescrita.org<\/strong><\/strong> ikke brugerne nogen anden ret til at bruge, \u00e6ndre, udnytte, reproducere, distribuere eller offentligt kommunikere hjemmesiden og\/eller dens indhold ud over dem, der udtrykkeligt er angivet heri. <\/p>\n\n\n\n<p>Enhver anden brug eller udnyttelse af rettigheder vil v\u00e6re underlagt forudg\u00e5ende og udtrykkelig tilladelse, der specifikt er givet til dette form\u00e5l af virksomheden eller tredjepartsejeren af de ber\u00f8rte rettigheder.<\/p>\n\n\n\n<p>Indholdet, tekster, fotografier, design, logoer, billeder, computerprogrammer, kildekoder og generelt enhver intellektuel skabelse, der findes i <strong><strong>prensaescrita.org<\/strong><\/strong>, s\u00e5vel som selve rummet som helhed, som et multimediekunstnerisk v\u00e6rk, er beskyttet som ophavsret af lovgivningen om intellektuel ejendomsret.<\/p>\n\n\n\n<p>Virksomheden er ejer af de elementer, der udg\u00f8r det grafiske design af <strong><strong>prensaescrita.org<\/strong><\/strong>, menuerne, navigationsknapperne, HTML-koden, tekster, billeder, teksturer, grafik og andet indhold p\u00e5 hjemmesiden, eller har under alle omst\u00e6ndigheder den tilsvarende tilladelse til brugen af disse elementer.<\/p>\n\n\n\n<p>Indholdet i <strong><strong>prensaescrita.org<\/strong><\/strong> m\u00e5 ikke gengives helt eller delvist, eller overf\u00f8res eller registreres af et informationss\u00f8gningssystem, i nogen form eller p\u00e5 noget medium, medmindre der foreligger forudg\u00e5ende skriftlig tilladelse fra ovenn\u00e6vnte enhed.<\/p>\n\n\n\n<p>Det er ogs\u00e5 forbudt at slette, omg\u00e5 og\/eller manipulere ophavsretten samt de tekniske beskyttelsesanordninger eller eventuelle informationsmekanismer, som indholdet m\u00e5tte indeholde. Brugeren af denne hjemmeside forpligter sig til at respektere de angivne rettigheder og til at undg\u00e5 enhver handling, der kan skade dem, og under alle omst\u00e6ndigheder forbeholder virksomheden sig ret til at ud\u00f8ve ethvert lovligt middel eller handlinger, der svarer til den, for at forsvare sine legitime intellektuelle og industrielle ejendomsrettigheder. <\/p>\n\n\n\n<p><strong>5. FORPLIGTELSER OG ANSVAR FOR BRUGEREN AF HJEMMESIDEN<\/strong><\/p>\n\n\n\n<p>Brugeren forpligter sig til at:<\/p>\n\n\n\n<ol class=\"wp-block-list\">\n<li>G\u00f8re passende og lovlig brug af <strong><strong>prensaescrita.org<\/strong><\/strong> hjemmeside samt indholdet og tjenesterne i overensstemmelse med: (i) den g\u00e6ldende lovgivning til enhver tid; (ii) de generelle betingelser for brug af hjemmesiden; (iii) almindelig s\u00e6delighed og god skik og (iv) offentlig orden.    <\/li>\n\n\n\n<li>Give sig selv alle de midler og tekniske krav, der kr\u00e6ves for at f\u00e5 adgang til hjemmesiden.<\/li>\n\n\n\n<li>Give sandf\u00e6rdige oplysninger, n\u00e5r du udfylder formularerne p\u00e5 hjemmesiden med deres personlige data, og til enhver tid holde dem opdateret, s\u00e5 de til enhver tid reagerer p\u00e5 brugerens reelle situation. Brugeren er alene ansvarlig for eventuelle falske eller un\u00f8jagtige erkl\u00e6ringer og for enhver skade, der p\u00e5f\u00f8res virksomheden eller tredjeparter som f\u00f8lge af de givne oplysninger. <\/li>\n<\/ol>\n\n\n\n<p>Uanset bestemmelserne i det foreg\u00e5ende afsnit skal brugeren ogs\u00e5 afholde sig fra at:<\/p>\n\n\n\n<ol class=\"wp-block-list\">\n<li>At g\u00f8re uautoriseret eller svigagtig brug af <strong><strong>prensaescrita.org<\/strong><\/strong> hjemmeside og\/eller indholdet til ulovlige form\u00e5l eller virkninger, der er forbudt i disse generelle brugsbetingelser, skadeligt for tredjeparters rettigheder og interesser, eller som p\u00e5 nogen m\u00e5de kan skade, deaktivere, overbelaste, forringe eller hindre den normale brug af tjenesterne eller dokumenterne,  filer og alle former for indhold, der er gemt p\u00e5 ethvert computerudstyr.<\/li>\n\n\n\n<li>Adgang til eller fors\u00f8g p\u00e5 at f\u00e5 adgang til ressourcer eller begr\u00e6nsede omr\u00e5der p\u00e5 hjemmesiden uden at overholde de betingelser, der kr\u00e6ves for en s\u00e5dan adgang.<\/li>\n\n\n\n<li>For\u00e5rsage skade p\u00e5 de fysiske eller logiske systemer p\u00e5 hjemmesiden, dens leverand\u00f8rer eller tredjeparter.<\/li>\n\n\n\n<li>Introduktion eller spredning af computervirus eller andre fysiske eller logiske systemer p\u00e5 netv\u00e6rket, der kan for\u00e5rsage skade p\u00e5 virksomhedens, leverand\u00f8rernes eller tredjeparters fysiske eller logiske systemer.<\/li>\n\n\n\n<li>Fors\u00f8ge at f\u00e5 adgang til, bruge og\/eller manipulere data fra virksomheden, tredjepartsudbydere og andre brugere.<\/li>\n\n\n\n<li>Reproduktion eller kopiering, distribution, adgang til offentligheden gennem enhver form for offentlig kommunikation, \u00e6ndring eller \u00e6ndring af indholdet, medmindre indehaveren af de tilsvarende rettigheder har givet tilladelse hertil eller er lovligt tilladt.<\/li>\n\n\n\n<li>Sletning, skjulning eller manipulation af meddelelser om intellektuelle eller industrielle ejendomsrettigheder og andre identificerende data om virksomhedens eller tredjeparters rettigheder, der er inkorporeret i indholdet, samt de tekniske beskyttelsesanordninger eller eventuelle informationsmekanismer, der kan inds\u00e6ttes i indholdet.<\/li>\n\n\n\n<li>Indhente og fors\u00f8ge at skaffe indholdet ved hj\u00e6lp af andre midler eller procedurer end dem, der i givet fald er stillet til r\u00e5dighed til dette form\u00e5l eller udtrykkeligt er angivet p\u00e5 de websider, hvor indholdet er placeret, eller generelt dem, der normalt bruges p\u00e5 internettet, da de ikke indeb\u00e6rer en risiko for beskadigelse eller deaktivering af hjemmesiden og\/eller indholdet.<\/li>\n\n\n\n<li>I s\u00e6rdeleshed, og kun til information og ikke-udt\u00f8mmende form\u00e5l, forpligter brugeren sig til ikke at overf\u00f8re, formidle eller stille til r\u00e5dighed for tredjepart information, data, indhold, meddelelser, grafik, tegninger, lyd- og\/eller billedfiler, fotografier, optagelser, software og generelt enhver form for materiale, der: \u2022 P\u00e5 nogen m\u00e5de er i modstrid med, nedg\u00f8r eller kr\u00e6nker de grundl\u00e6ggende rettigheder og offentlige frihedsrettigheder, der er anerkendt i forfatningen,  i internationale traktater og i resten af den g\u00e6ldende lovgivning.\u2022 Fremkalder, tilskynder til eller fremmer kriminelle, neds\u00e6ttende, \u00e6rekr\u00e6nkende, voldelige handlinger eller generelt i strid med loven, moral, almindeligt accepterede gode skikke eller den offentlige orden.\u2022 Tilskynder, tilskynder til eller fremmer diskriminerende handlinger, holdninger eller tanker p\u00e5 grund af k\u00f8n, race, religion,  Overbevisninger, alder eller tilstand.\u2022 Inkorporerer, stiller til r\u00e5dighed eller giver adgang til produkter, elementer, meddelelser og\/eller tjenester, der er kriminelle, voldelige, st\u00f8dende, skadelige, nedv\u00e6rdigende eller generelt i strid med loven, moral og almindeligt accepteret god skik eller offentlig orden. Fremkalder eller kan fremkalde en uacceptabel tilstand af angst eller frygt.\u2022 Fremkalder eller tilskynder til at deltage i farlige, risikable eller skadelige praksisser for sundhed og mental balance.\u2022 Er beskyttet af lovgivning om intellektuel eller industriel beskyttelse, der tilh\u00f8rer samfundet eller tredjeparter, uden at den tilsigtede anvendelse er blevet godkendt.\u2022 Er i strid med \u00e6re,  til privatlivets fred og privatlivets fred eller til billedet af mennesker.\u2022 Udg\u00f8r enhver form for reklame.\u2022 Inkluderer enhver form for virus eller program, der forhindrer Webhotellets normale funktion.<\/li>\n<\/ol>\n\n\n\n<p>Hvis du f\u00e5r en adgangskode til at f\u00e5 adgang til nogen af tjenesterne og\/eller indholdet p\u00e5 hjemmesiden, er du forpligtet til at bruge den omhyggeligt og holde den hemmelig til enhver tid. Som f\u00f8lge heraf vil den v\u00e6re ansvarlig for dens korrekte opbevaring og fortrolighed og forpligte sig til ikke at overf\u00f8re den til tredjepart, midlertidigt eller permanent, eller at give tredjeparter adgang til de f\u00f8rn\u00e6vnte tjenester og\/eller indhold. Ligeledes er det forpligtet til at underrette virksomheden om enhver begivenhed, der kan involvere ukorrekt brug af dens adgangskode, s\u00e5som, men ikke begr\u00e6nset til, tyveri, tab eller uautoriseret adgang, for at forts\u00e6tte med dens \u00f8jeblikkelige annullering. Derfor, s\u00e5 l\u00e6nge du ikke foretager ovenst\u00e5ende meddelelse, vil virksomheden v\u00e6re fritaget for ethvert ansvar, der m\u00e5tte opst\u00e5 som f\u00f8lge af ukorrekt brug af din adgangskode, og enhver ulovlig brug af indholdet og\/eller tjenesterne p\u00e5 hjemmesiden af enhver ulovlig tredjepart vil v\u00e6re ansvarlig for det. Hvis du uagtsomt eller fors\u00e6tligt undlader at overholde nogen af de forpligtelser, der er fastsat i disse generelle brugsbetingelser, vil du v\u00e6re ansvarlig for alle skader, der m\u00e5tte opst\u00e5 for virksomheden som f\u00f8lge af en s\u00e5dan manglende overholdelse.    <\/p>\n\n\n\n<p><strong>6. ANSVAR<\/strong><\/p>\n\n\n\n<p>Kontinuerlig adgang eller korrekt visning, download eller brug af de elementer og oplysninger, der er indeholdt p\u00e5 hjemmesiden, som kan blive hindret, hindret eller afbrudt af faktorer eller omst\u00e6ndigheder uden for dens kontrol, er ikke garanteret. Det er ikke ansvarlig for eventuelle beslutninger, der m\u00e5tte blive truffet som f\u00f8lge af adgang til det tilbudte indhold eller de tilbudte oplysninger. <\/p>\n\n\n\n<p>Tjenesten kan blive afbrudt, eller forholdet til brugeren kan afbrydes \u00f8jeblikkeligt, hvis det opdages, at en brug af deres webhotel eller af nogen af de tjenester, der tilbydes deri, er i strid med disse generelle brugsbetingelser. Vi er ikke ansvarlige for skader, tab, krav eller udgifter, der opst\u00e5r som f\u00f8lge af brugen af hjemmesiden. <\/p>\n\n\n\n<p>Det vil kun v\u00e6re ansvarligt for s\u00e5 hurtigt som muligt at fjerne det indhold, der kan for\u00e5rsage s\u00e5danne skader, forudsat at dette meddeles. Vi er is\u00e6r ikke ansvarlige for eventuelle skader, der m\u00e5tte opst\u00e5 bl.a. som f\u00f8lge af: <\/p>\n\n\n\n<ol class=\"wp-block-list\">\n<li>Interferens, afbrydelser, fejl, udeladelser, telefonnedbrud, forsinkelser, blokeringer eller afbrydelser i driften af det elektroniske system, for\u00e5rsaget af mangler, overbelastninger og fejl i telekommunikationslinjer og -netv\u00e6rk eller af enhver anden \u00e5rsag uden for virksomhedens kontrol.<\/li>\n\n\n\n<li>Ulovlig indblanding gennem brug af ondsindede programmer af enhver art og gennem ethvert kommunikationsmiddel, s\u00e5som computervirus eller andet.<\/li>\n\n\n\n<li>Upassende eller upassende misbrug af hjemmesiden.<\/li>\n\n\n\n<li>Sikkerheds- eller browserfejl for\u00e5rsaget af en funktionsfejl i browseren eller ved brug af ikke-opdaterede versioner af browseren. Administratoren af hjemmesiden forbeholder sig ret til helt eller delvist at fjerne indhold eller information, der findes p\u00e5 hjemmesiden. <\/li>\n<\/ol>\n\n\n\n<p>Virksomheden fraskriver sig ethvert ansvar for skader af enhver art, der kan skyldes misbrug af de tjenester, der er frit tilg\u00e6ngelige og bruges af brugerne af webhotellet. Ligeledes er den fritaget for ethvert ansvar for det indhold og de oplysninger, der kan modtages som f\u00f8lge af dataindsamlingsformularerne, som kun er til levering af konsultations- og tvivlstjenester. P\u00e5 den anden side, i tilf\u00e6lde af at for\u00e5rsage skader p\u00e5 grund af en ulovlig eller forkert brug af n\u00e6vnte tjenester, kan brugeren blive kr\u00e6vet for de for\u00e5rsagede skader.  <\/p>\n\n\n\n<p>Du vil holde virksomheden skadesl\u00f8s mod eventuelle skader, der opst\u00e5r som f\u00f8lge af krav, handlinger eller krav fra tredjeparter som f\u00f8lge af din adgang til eller brug af hjemmesiden. Du accepterer ogs\u00e5 at holde skadesl\u00f8s for eventuelle skader, der opst\u00e5r som f\u00f8lge af din brug af robotter, edderkopper, crawlere eller lignende v\u00e6rkt\u00f8jer, der bruges med det form\u00e5l at indsamle eller udtr\u00e6kke data eller enhver anden handling fra din side, der p\u00e5l\u00e6gger driften af hjemmesiden en urimelig belastning. <\/p>\n\n\n\n<p><strong>7. HYPERLINKS<\/strong><\/p>\n\n\n\n<p>Brugeren forpligter sig til ikke p\u00e5 nogen m\u00e5de, heller ikke ved hj\u00e6lp af et hyperlink eller hyperlink, at gengive hjemmesiden samt noget af dens indhold, medmindre det udtrykkeligt er skriftligt godkendt af den person, der er ansvarlig for filen.<\/p>\n\n\n\n<p>Hjemmesiden kan indeholde links til andre hjemmesider, der administreres af tredjeparter, for at lette brugerens adgang til oplysninger fra samarbejdende og\/eller sponsorerende virksomheder. Virksomheden er derfor ikke ansvarlig for indholdet af disse websteder, og den er heller ikke i en position som garant og\/eller tilbyder af de tjenester og\/eller oplysninger, der kan tilbydes tredjeparter via tredjepartslinks. <\/p>\n\n\n\n<p>Brugeren tildeles en begr\u00e6nset, tilbagekaldelig og ikke-eksklusiv ret til at oprette links til hjemmesidens hjemmeside udelukkende til privat og ikke-kommerciel brug. De websteder, der indeholder et link til vores websted (i) m\u00e5 ikke give et urigtigt billede af deres forhold eller bekr\u00e6fte, at et s\u00e5dant link er blevet godkendt, og de m\u00e5 heller ikke indeholde varem\u00e6rker, p\u00e5lydende v\u00e6rdier, handelsnavne, logoer eller andre karakteristiske tegn p\u00e5 vores virksomhed; (ii) m\u00e5 ikke indeholde indhold, der kan anses for at v\u00e6re smagsygt, uanst\u00e6ndigt, st\u00f8dende, kontroversielt, tilskynder til vold eller diskrimination p\u00e5 grund af k\u00f8n, race eller religion, strider mod den offentlige orden eller er ulovligt; (iii) m\u00e5 ikke linke til nogen side p\u00e5 hjemmesiden bortset fra hjemmesiden; (iv) den skal linke til adressen p\u00e5 selve hjemmesiden uden at tillade hjemmesiden, der laver linket, at gengive hjemmesiden som en del af dens hjemmeside eller inden for en af dens &#8220;rammer&#8221; eller at oprette en &#8220;browser&#8221; p\u00e5 nogen af siderne p\u00e5 hjemmesiden. Virksomheden kan til enhver tid anmode om, at den fjerner ethvert link til hjemmesiden, hvorefter den straks skal forts\u00e6tte med at fjerne det.      <\/p>\n\n\n\n<p>Virksomheden kan ikke kontrollere oplysninger, indhold, produkter eller tjenester, der leveres af andre webhoteller, der har etableret links til webhotellet.<\/p>\n\n\n\n<p><strong>8. DATABESKYTTELSE<\/strong><\/p>\n\n\n\n<p>For at kunne bruge nogle af tjenesterne skal brugeren f\u00f8rst give visse personoplysninger. Virksomheden vil automatisk behandle disse data og anvende de tilsvarende sikkerhedsforanstaltninger, alt sammen i overensstemmelse med GDPR, LOPDGDD og LSSI. Brugeren kan f\u00e5 adgang til den politik, der f\u00f8lges ved behandling af personoplysninger, samt etableringen af de tidligere etablerede form\u00e5l under de betingelser, der er defineret i privatlivspolitikken.  <\/p>\n\n\n\n<p><strong>9. SM\u00c5KAGER<\/strong><\/p>\n\n\n\n<p>Virksomheden forbeholder sig ret til at bruge &#8220;cookie&#8221;-teknologi i <strong>cultivoshidroponicos.org<\/strong> for at genkende dig som en hyppig bruger og for at tilpasse den brug, du g\u00f8r af hjemmesiden ved at v\u00e6lge dit sprog eller mere \u00f8nsket eller specifikt indhold.<\/p>\n\n\n\n<p>Cookies indsamler brugerens IP-adresse, og Google er ansvarlig for at behandle disse oplysninger.<\/p>\n\n\n\n<p>Cookies er filer, der sendes til en browser ved hj\u00e6lp af en webserver for at registrere brugerens navigation p\u00e5 webhotellet, n\u00e5r brugeren tillader modtagelse af dem. Hvis du \u00f8nsker det, kan du konfigurere din browser til at blive underrettet p\u00e5 sk\u00e6rmen om modtagelse af cookies og til at forhindre installation af cookies p\u00e5 din harddisk. Se venligst din browsers instruktioner og manualer for yderligere information.  <\/p>\n\n\n\n<p>Takket v\u00e6re cookies er det muligt at genkende browseren p\u00e5 den computer, som brugeren bruger til at levere indhold og tilbyde de browsing- eller reklamepr\u00e6ferencer, som brugeren har, til brugernes demografiske profiler samt til at m\u00e5le bes\u00f8g og trafikparametre, overv\u00e5ge fremskridt og antal indtastninger.<\/p>\n\n\n\n<p><strong>10. ERKL\u00c6RINGER OG GARANTIER<\/strong><\/p>\n\n\n\n<p>Generelt er indholdet og tjenesterne, der tilbydes p\u00e5 hjemmesiden, kun informative. Ved at tilbyde dem gives der derfor ingen garanti eller repr\u00e6sentation i forhold til indholdet og tjenesterne, der tilbydes p\u00e5 hjemmesiden, herunder, men ikke begr\u00e6nset til, garantier for lovlighed, p\u00e5lidelighed, anvendelighed, sandf\u00e6rdighed, n\u00f8jagtighed eller salgbarhed, undtagen i det omfang s\u00e5danne erkl\u00e6ringer og garantier ikke kan udelukkes ved lov. <\/p>\n\n\n\n<p><strong>11. FORCE MAJEURE<\/strong><\/p>\n\n\n\n<p>Virksomheden er ikke ansvarlig i alle tilf\u00e6lde af umulighed for at levere service, hvis dette skyldes langvarige afbrydelser af elforsyningen, telekommunikationslinjer, sociale konflikter, strejker, opr\u00f8r, eksplosioner, oversv\u00f8mmelser, handlinger og undladelser fra regeringens side og generelt alle tilf\u00e6lde af force majeure eller tilf\u00e6ldige begivenheder.<\/p>\n\n\n\n<p><strong>12. L\u00d8SNING AF TVISTER. G\u00c6LDENDE LOV OG JURISDIKTION <\/strong><\/p>\n\n\n\n<p>Disse generelle brugsbetingelser samt brugen af <strong><strong>prensaescrita.org<\/strong><\/strong> er underlagt venezuelansk og spansk lovgivning. For at l\u00f8se enhver tvist skal parterne underkaste sig domstolene og tribunalerne p\u00e5 hjemmesideadministratorens vedt\u00e6gtsm\u00e6ssige hjemsted. <\/p>\n\n\n\n<p>I tilf\u00e6lde af at en bestemmelse i disse generelle vilk\u00e5r og betingelser for brug ikke kan h\u00e5ndh\u00e6ves eller er ugyldig i henhold til g\u00e6ldende lovgivning eller som f\u00f8lge af en retslig eller administrativ afg\u00f8relse, skal en s\u00e5dan manglende h\u00e5ndh\u00e6velse eller ugyldighed ikke g\u00f8re disse generelle vilk\u00e5r og betingelser for brug umulige at h\u00e5ndh\u00e6ve eller ugyldige som helhed. I s\u00e5danne tilf\u00e6lde vil virksomheden forts\u00e6tte med at \u00e6ndre eller erstatte n\u00e6vnte bestemmelse med en anden, der er gyldig og kan h\u00e5ndh\u00e6ves, og som s\u00e5 vidt muligt opn\u00e5r det m\u00e5l og den hensigt, der er afspejlet i den oprindelige bestemmelse. <\/p>\n<\/div>\n","protected":false},"excerpt":{"rendered":"<p>LOV OM INFORMATIONSSAMFUNDSTJENESTER (LSSI) prensaescrita.org, der er ansvarlig for webstedet, i det f\u00f8lgende ben\u00e6vnt ANSVARLIG, stiller dette dokument til r\u00e5dighed for brugerne, som det har til hensigt at overholde de forpligtelser, der er fastsat i lov 34\/2002 af 11. juli om informationssamfundstjenester og elektronisk handel (LSSICE), samt at informere alle brugere af webstedet om brugsbetingelserne. &#8230; <a title=\"Juridisk meddelelse\" class=\"read-more\" href=\"https:\/\/prensaescrita.org\/da\/juridisk-meddelelse\/\" aria-label=\"Read more about Juridisk meddelelse\">L\u00e6s Mere<\/a><\/p>\n","protected":false},"author":2,"featured_media":0,"parent":0,"menu_order":0,"comment_status":"closed","ping_status":"closed","template":"","meta":{"footnotes":""},"class_list":{"0":"post-3750","1":"page","2":"type-page","3":"status-publish","5":"infinite-scroll-item"},"_hostinger_reach_plugin_has_subscription_block":false,"_hostinger_reach_plugin_is_elementor":false,"_links":{"self":[{"href":"https:\/\/prensaescrita.org\/da\/wp-json\/wp\/v2\/pages\/3750","targetHints":{"allow":["GET"]}}],"collection":[{"href":"https:\/\/prensaescrita.org\/da\/wp-json\/wp\/v2\/pages"}],"about":[{"href":"https:\/\/prensaescrita.org\/da\/wp-json\/wp\/v2\/types\/page"}],"author":[{"embeddable":true,"href":"https:\/\/prensaescrita.org\/da\/wp-json\/wp\/v2\/users\/2"}],"replies":[{"embeddable":true,"href":"https:\/\/prensaescrita.org\/da\/wp-json\/wp\/v2\/comments?post=3750"}],"version-history":[{"count":1,"href":"https:\/\/prensaescrita.org\/da\/wp-json\/wp\/v2\/pages\/3750\/revisions"}],"predecessor-version":[{"id":3752,"href":"https:\/\/prensaescrita.org\/da\/wp-json\/wp\/v2\/pages\/3750\/revisions\/3752"}],"wp:attachment":[{"href":"https:\/\/prensaescrita.org\/da\/wp-json\/wp\/v2\/media?parent=3750"}],"curies":[{"name":"wp","href":"https:\/\/api.w.org\/{rel}","templated":true}]}}