{"id":3390,"date":"2025-03-08T17:06:14","date_gmt":"2025-03-08T17:06:14","guid":{"rendered":"https:\/\/prensaescrita.org\/cookie-politik\/"},"modified":"2025-03-18T11:45:37","modified_gmt":"2025-03-18T11:45:37","slug":"cookie-politik","status":"publish","type":"page","link":"https:\/\/prensaescrita.org\/da\/cookie-politik\/","title":{"rendered":"Cookie-politik"},"content":{"rendered":"\n<div class=\"gb-element-19fa11e7\">\n<p>Cookies er sm\u00e5 m\u00e6ngder information, der gemmes i den browser, der bruges af hver bruger, s\u00e5 serveren husker visse oplysninger, som den senere kan bruge.<\/p>\n\n\n\n<h4 class=\"wp-block-heading\">Typer af cookies, vi bruger<\/h4>\n\n\n\n<p>Denne hjemmeside bruger tredjepartscookies, som er dem, der sendes til din computer eller terminal fra et dom\u00e6ne eller en hjemmeside, der ikke administreres af os, men af en anden enhed, der behandler de data, der er indhentet via cookies.<\/p>\n\n\n\n<p>I dette tilf\u00e6lde bruges cookies til statistiske form\u00e5l relateret til de bes\u00f8g, den modtager, og de sider, der konsulteres, og brugen af dem accepteres, n\u00e5r du gennemser den.<\/p>\n\n\n\n<figure class=\"wp-block-table\"><table class=\"has-fixed-layout\"><tbody><tr><th>SM\u00c5KAGE<br\/>(OG LEVERAND\u00d8R)<\/th><th>VARIGHED<\/th><th>BESKRIVELSE<\/th><\/tr><tr><td>__cfduid (notin.es)<\/td><td>Session<\/td><td>Reklame<\/td><\/tr><tr><td>personalization_id (twitter.com)<\/td><td>Session<\/td><td>Kvidre<\/td><\/tr><tr><td>Facebook<\/td><td>Annoncering, statistik og m\u00e5linger<\/td><td>Den placerer cookies p\u00e5 din computer eller enhed og modtager de oplysninger, der er gemt p\u00e5 dem, n\u00e5r du bruger eller bes\u00f8ger tjenester, der leveres af andre virksomheder, der bruger Facebooks tjenester.<\/td><\/tr><tr><td>_ga (Google)<\/td><td>2 \u00e5r<\/td><td>Det bruges til at skelne mellem brugere.<\/td><\/tr><tr><td>_gid (Google)<\/td><td>24 timer<\/td><td>Det bruges til at skelne mellem brugere.<\/td><\/tr><tr><td>_gat (Google)<\/td><td>1 minut<\/td><td>Det bruges til at begr\u00e6nse procentdelen af anmodninger. Hvis du har implementeret Google Analytics ved hj\u00e6lp af Google Tag Manager, kaldes denne cookie _dc_gtm_<property-id>. <\/property-id><\/td><\/tr><tr><td>_gali (Google)<\/td><td>30\u2019erne<\/td><td>Forbedret linktilskrivning.<\/td><\/tr><tr><td>_unam (DELDETTE)<\/td><td>H\u00e5rdnakket<\/td><td>Dens form\u00e5l er at kvantificere antallet af brugere, der deler et bestemt indhold, og hvor mange websider der bes\u00f8ges som f\u00f8lge af denne handling.<\/td><\/tr><tr><td>WordPress<\/td><td>2 \u00e5r<\/td><td>Bruges til at WordPress-indholdsstyringssystemet fungerer korrekt.<\/td><\/tr><\/tbody><\/table><\/figure>\n\n\n\n<p>For mere information om Googles typer af sporings- og dataanalysecookies <a href=\"https:\/\/www.google.com\/intl\/es_es\/policies\/technologies\/types\/\" target=\"_blank\" rel=\"noreferrer noopener\">, klik her<\/a>.<\/p>\n\n\n\n<p>S\u00e5dan finder du ud af, hvordan du sletter cookies fra din browser:<\/p>\n\n\n\n<ul class=\"wp-block-list\">\n<li><a href=\"https:\/\/support.mozilla.org\/es\/kb\/habilitar-y-deshabilitar-cookies-sitios-web-rastrear-preferencias\" target=\"_blank\" rel=\"noreferrer noopener\">Firefox<\/a><\/li>\n\n\n\n<li><a href=\"https:\/\/support.google.com\/chrome\/answer\/95647?hl=es\" target=\"_blank\" rel=\"noreferrer noopener\">Krom<\/a><\/li>\n\n\n\n<li><a href=\"https:\/\/support.apple.com\/kb\/PH19214?viewlocale=es_ES&amp;locale=es_ES\" target=\"_blank\" rel=\"noreferrer noopener\">Safari<\/a><\/li>\n<\/ul>\n<\/div>\n","protected":false},"excerpt":{"rendered":"<p>Cookies er sm\u00e5 m\u00e6ngder information, der gemmes i den browser, der bruges af hver bruger, s\u00e5 serveren husker visse oplysninger, som den senere kan bruge. Typer af cookies, vi bruger Denne hjemmeside bruger tredjepartscookies, som er dem, der sendes til din computer eller terminal fra et dom\u00e6ne eller en hjemmeside, der ikke administreres af os, &#8230; <a title=\"Cookie-politik\" class=\"read-more\" href=\"https:\/\/prensaescrita.org\/da\/cookie-politik\/\" aria-label=\"Read more about Cookie-politik\">L\u00e6s Mere<\/a><\/p>\n","protected":false},"author":2,"featured_media":0,"parent":0,"menu_order":0,"comment_status":"closed","ping_status":"closed","template":"","meta":{"footnotes":""},"class_list":{"0":"post-3390","1":"page","2":"type-page","3":"status-publish","5":"infinite-scroll-item"},"_hostinger_reach_plugin_has_subscription_block":false,"_hostinger_reach_plugin_is_elementor":false,"_links":{"self":[{"href":"https:\/\/prensaescrita.org\/da\/wp-json\/wp\/v2\/pages\/3390","targetHints":{"allow":["GET"]}}],"collection":[{"href":"https:\/\/prensaescrita.org\/da\/wp-json\/wp\/v2\/pages"}],"about":[{"href":"https:\/\/prensaescrita.org\/da\/wp-json\/wp\/v2\/types\/page"}],"author":[{"embeddable":true,"href":"https:\/\/prensaescrita.org\/da\/wp-json\/wp\/v2\/users\/2"}],"replies":[{"embeddable":true,"href":"https:\/\/prensaescrita.org\/da\/wp-json\/wp\/v2\/comments?post=3390"}],"version-history":[{"count":1,"href":"https:\/\/prensaescrita.org\/da\/wp-json\/wp\/v2\/pages\/3390\/revisions"}],"predecessor-version":[{"id":3392,"href":"https:\/\/prensaescrita.org\/da\/wp-json\/wp\/v2\/pages\/3390\/revisions\/3392"}],"wp:attachment":[{"href":"https:\/\/prensaescrita.org\/da\/wp-json\/wp\/v2\/media?parent=3390"}],"curies":[{"name":"wp","href":"https:\/\/api.w.org\/{rel}","templated":true}]}}