{"id":3378,"date":"2025-03-08T17:05:14","date_gmt":"2025-03-08T17:05:14","guid":{"rendered":"https:\/\/prensaescrita.org\/politik-om-beskyttelse-af-personlige-oplysninger\/"},"modified":"2025-03-18T11:45:34","modified_gmt":"2025-03-18T11:45:34","slug":"politik-om-beskyttelse-af-personlige-oplysninger","status":"publish","type":"page","link":"https:\/\/prensaescrita.org\/da\/politik-om-beskyttelse-af-personlige-oplysninger\/","title":{"rendered":"Politik om beskyttelse af personlige oplysninger"},"content":{"rendered":"\n<div class=\"gb-element-9f66d1d1\">\n<p><strong>prensaescrita.org<\/strong> informerer dig om sin privatlivspolitik vedr\u00f8rende behandling og beskyttelse af personoplysninger om brugere og kunder, der kan indsamles ved at browse eller indg\u00e5 kontrakt med tjenester via <strong><strong>prensaescrita.org<\/strong><\/strong> hjemmeside.<\/p>\n\n\n\n<p>I denne forstand garanterer ejeren overholdelse af g\u00e6ldende regler om beskyttelse af personoplysninger, afspejlet i organisk lov 3\/2018 af 5. december om beskyttelse af personoplysninger og garanti for digitale rettigheder (LOPD GDD). Den er ogs\u00e5 i overensstemmelse med Europa-Parlamentets og R\u00e5dets forordning (EU) 2016\/679 af 27. april 2016 om beskyttelse af fysiske personer (GDPR). <\/p>\n\n\n\n<p>Brugen af <strong>cultivoshidroponicos.org<\/strong> websted indeb\u00e6rer accept af denne privatlivspolitik samt de betingelser, der er inkluderet i den juridiske meddelelse.<\/p>\n\n\n\n<h3 class=\"wp-block-heading\" id=\"identidad-del-responsable\">Den ansvarlige persons identitet<\/h3>\n\n\n\n<ul class=\"wp-block-list\">\n<li>E-mail: <strong>contacto@<strong>prensaescrita.org<\/strong><\/strong><\/li>\n\n\n\n<li>Websted: <strong><strong>prensaescrita.org<\/strong><\/strong><\/li>\n<\/ul>\n\n\n\n<h3 class=\"wp-block-heading\" id=\"principios-aplicados-en-el-tratamiento-de-datos\">Principper anvendt ved databehandling<\/h3>\n\n\n\n<p>Ved behandlingen af dine personoplysninger vil ejeren anvende f\u00f8lgende principper, der overholder kravene i den nye europ\u00e6iske databeskyttelsesforordning:<\/p>\n\n\n\n<ul class=\"wp-block-list\">\n<li><strong>Princippet om lovlighed, loyalitet og gennemsigtighed:<\/strong> Ejeren vil altid kr\u00e6ve samtykke til behandling af dine personoplysninger, som kan v\u00e6re til et eller flere specifikke form\u00e5l, som de vil informere dig om p\u00e5 forh\u00e5nd med absolut gennemsigtighed.<\/li>\n\n\n\n<li><strong>Princip for dataminimering:<\/strong> Den dataansvarlige vil kun anmode dig om de data, der er strengt n\u00f8dvendige til det eller de form\u00e5l, hvortil de anmodes om.<\/li>\n\n\n\n<li><strong>Princippet om begr\u00e6nsning af opbevaringsperioden:<\/strong> Dataene opbevares i det tidsrum, der er strengt n\u00f8dvendigt for form\u00e5let eller form\u00e5lene med behandlingen.<br\/>Udlejeren vil informere dig om den tilsvarende opbevaringsperiode i henhold til form\u00e5let. I tilf\u00e6lde af abonnementer vil kontoindehaveren med j\u00e6vne mellemrum gennemg\u00e5 listerne og slette de poster, der har v\u00e6ret inaktive i lang tid. <\/li>\n\n\n\n<li><strong>Princippet om integritet og fortrolighed:<\/strong> Dine data vil blive behandlet p\u00e5 en s\u00e5dan m\u00e5de, at deres sikkerhed, fortrolighed og integritet er garanteret. Du skal vide, at ejeren tager de n\u00f8dvendige forholdsregler for at forhindre uautoriseret adgang eller forkert brug af sine brugeres data af tredjeparter. <\/li>\n<\/ul>\n\n\n\n<h3 class=\"wp-block-heading\" id=\"obtencin-de-datos-personales\">Indsamling af personoplysninger<\/h3>\n\n\n\n<p>For at gennemse <strong><strong>prensaescrita.org<\/strong><\/strong> beh\u00f8ver du ikke at angive nogen personlige data. De tilf\u00e6lde, hvor du giver dine personoplysninger, er f\u00f8lgende: <\/p>\n\n\n\n<ul class=\"wp-block-list\">\n<li>Ved at kontakte via kontaktformularerne eller sende en e-mail.<\/li>\n\n\n\n<li>N\u00e5r du starter forhandlingsprocedurerne for nogen af de ejendomme, der er til salg.<\/li>\n\n\n\n<li>Ved at erkl\u00e6re interesse for at annoncere en ejendom p\u00e5 vores hjemmeside.<\/li>\n\n\n\n<li>N\u00e5r du kommenterer en artikel eller side.<\/li>\n<\/ul>\n\n\n\n<h3 class=\"wp-block-heading\" id=\"tus-derechos\">Dine rettigheder<\/h3>\n\n\n\n<p>Udlejeren informerer dig om, at du har ret til:<\/p>\n\n\n\n<ul class=\"wp-block-list\">\n<li>Anmod om adgang til lagrede data.<\/li>\n\n\n\n<li>Anmod om en berigtigelse eller annullering.<\/li>\n\n\n\n<li>Anmode om begr\u00e6nsning af behandlingen.<\/li>\n\n\n\n<li>Mods\u00e6t dig behandling.<\/li>\n\n\n\n<li>Anmod om portabilitet af dine data.<\/li>\n<\/ul>\n\n\n\n<p>Ud\u00f8velsen af disse rettigheder er personlig og skal derfor ud\u00f8ves direkte af den interesserede part, der anmoder om det direkte fra ejeren, hvilket betyder, at enhver kunde, abonnent eller samarbejdspartner, der har givet deres data til enhver tid, kan kontakte ejeren og bede om oplysninger om de data, de har gemt, og hvordan de har f\u00e5et dem,  anmode om berigtigelse af det samme, anmode om portabilitet af deres personlige data, mods\u00e6tte sig behandlingen, begr\u00e6nse deres brug eller anmode om annullering af disse data i ejerens filer.<\/p>\n\n\n\n<p>For at ud\u00f8ve dine rettigheder til adgang, berigtigelse, annullering, portabilitet og indsigelse skal du sende en e-mail til <strong>contacto@<strong>prensaescrita.org<\/strong><\/strong> sammen med gyldig juridisk dokumentation s\u00e5som en fotokopi af dit ID-kort eller tilsvarende.<\/p>\n\n\n\n<p>Du har ret til effektiv retsbeskyttelse og til at indgive en klage til tilsynsmyndigheden, i dette tilf\u00e6lde det spanske databeskyttelsesagentur, hvis du mener, at behandlingen af personoplysninger om dig er i strid med forordningen.<\/p>\n\n\n\n<h3 class=\"wp-block-heading\" id=\"finalidad-del-tratamiento-de-datos-personales\">Form\u00e5l med behandlingen af personoplysninger<\/h3>\n\n\n\n<p>N\u00e5r du opretter forbindelse til <strong><strong>prensaescrita.org-webstedet<\/strong><\/strong> for at sende en e-mail til ejeren, abonnere p\u00e5 deres nyhedsbrev eller indg\u00e5 en kontrakt, giver du personlige oplysninger, som ejeren er ansvarlig for. Disse oplysninger kan omfatte personoplysninger s\u00e5som din IP-adresse, for- og efternavn, fysiske adresse, e-mailadresse, telefonnummer og andre oplysninger. Ved at give disse oplysninger giver du dit samtykke til, at dine oplysninger indsamles, bruges, administreres og opbevares af superadmin.es, kun som beskrevet i den juridiske meddelelse og denne fortrolighedspolitik.  <\/p>\n\n\n\n<p>Personoplysninger og form\u00e5let med ejerens behandling er forskellige afh\u00e6ngigt af informationsindsamlingssystemet:<\/p>\n\n\n\n<ul class=\"wp-block-list\">\n<li><strong>Kontaktformularer:<\/strong> Ejeren anmoder om personlige data, som kan omfatte: Navn og efternavn, e-mailadresse, telefonnummer og adresse p\u00e5 dit websted for at besvare dine foresp\u00f8rgsler.<br\/>For eksempel bruger ejeren disse data til at svare p\u00e5 dine beskeder, tvivl, klager, kommentarer eller bekymringer, som du m\u00e5tte have vedr\u00f8rende de oplysninger, der er inkluderet p\u00e5 hjemmesiden, de tjenester, der leveres via hjemmesiden, behandlingen af dine personlige data, sp\u00f8rgsm\u00e5l relateret til de juridiske tekster, der er inkluderet p\u00e5 hjemmesiden,  samt enhver anden foresp\u00f8rgsel, du m\u00e5tte have, som ikke er underlagt betingelserne p\u00e5 hjemmesiden eller kontrakten.<\/li>\n<\/ul>\n\n\n\n<p>Der er andre form\u00e5l, som ejeren behandler dine personoplysninger til:<\/p>\n\n\n\n<ul class=\"wp-block-list\">\n<li>For at sikre overholdelse af de betingelser, der er angivet i den juridiske meddelelse og g\u00e6ldende lovgivning. Dette kan omfatte udvikling af v\u00e6rkt\u00f8jer og algoritmer, der hj\u00e6lper dette websted med at sikre fortroligheden af de personoplysninger, det indsamler. <\/li>\n\n\n\n<li>At st\u00f8tte og forbedre de tjenester, der tilbydes <strong><strong>af prensaescrita.org<\/strong><\/strong>.<\/li>\n\n\n\n<li>Til at analysere navigation. Ejeren indsamler andre ikke-identificerende data, der opn\u00e5s ved brug af cookies, der downloades til din computer, n\u00e5r du surfer p\u00e5 hjemmesiden, hvis karakteristika og form\u00e5l er beskrevet i cookiepolitikken. <\/li>\n\n\n\n<li>Til at administrere sociale netv\u00e6rk. ejeren er til stede p\u00e5 sociale netv\u00e6rk. Hvis du bliver en f\u00f8lger p\u00e5 ejerens sociale netv\u00e6rk, vil behandlingen af personoplysninger v\u00e6re underlagt dette afsnit samt af de brugsbetingelser, privatlivspolitikker og adgangsregler, der h\u00f8rer til det sociale netv\u00e6rk, der er passende i hvert enkelt tilf\u00e6lde, og som du tidligere har accepteret.  <\/li>\n<\/ul>\n\n\n\n<p>Du kan se privatlivspolitikkerne for de vigtigste sociale netv\u00e6rk p\u00e5 disse links:<\/p>\n\n\n\n<ul class=\"wp-block-list\">\n<li>Facebook<\/li>\n\n\n\n<li>Kvidre<\/li>\n\n\n\n<li>Linkedin<\/li>\n\n\n\n<li>YouTube<\/li>\n\n\n\n<li>Instagram<\/li>\n<\/ul>\n\n\n\n<p>Ejeren behandler dine personoplysninger for korrekt at administrere sin tilstedev\u00e6relse p\u00e5 det sociale netv\u00e6rk, informere dig om dets aktiviteter, produkter eller tjenester samt til ethvert andet form\u00e5l, som reglerne for de sociale netv\u00e6rk tillader.<\/p>\n\n\n\n<p>Ejeren vil under ingen omst\u00e6ndigheder bruge f\u00f8lgernes profiler p\u00e5 sociale netv\u00e6rk til at sende reklamer individuelt.<\/p>\n\n\n\n<h3 class=\"wp-block-heading\" id=\"seguridad-de-los-datos-personales\">Sikkerhed af personoplysninger<\/h3>\n\n\n\n<p>For at beskytte dine personlige data tager ejeren alle rimelige forholdsregler og f\u00f8lger branchens bedste praksis for at forhindre tab, misbrug, ukorrekt adgang, videregivelse, \u00e6ndring eller \u00f8del\u00e6ggelse af samme.<\/p>\n\n\n\n<p>Hjemmesiden hostes af banahosting. Sikkerheden af dine data er garanteret, da de tr\u00e6ffer alle de n\u00f8dvendige sikkerhedsforanstaltninger for det. Du kan se deres privatlivspolitik for mere information.  <\/p>\n\n\n\n<h3 class=\"wp-block-heading\" id=\"contenido-de-otros-sitios-web\">Indhold fra andre websteder<\/h3>\n\n\n\n<p><strong>cultivoshidroponicos.org<\/strong> sider kan indeholde indlejret indhold (f.eks. videoer, billeder, artikler osv.). Indlejret indhold fra andre hjemmesider opf\u00f8rer sig p\u00e5 n\u00f8jagtig samme m\u00e5de, som hvis du havde bes\u00f8gt den anden hjemmeside. <\/p>\n\n\n\n<p>Disse websteder kan indsamle data om dig, bruge cookies, integrere en ekstra tredjeparts sporingskode og overv\u00e5ge din interaktion ved hj\u00e6lp af denne kode.<\/p>\n\n\n\n<h3 class=\"wp-block-heading\" id=\"poltica-de-cookies\">Cookie-politik<\/h3>\n\n\n\n<p>For at denne hjemmeside kan fungere korrekt, skal du bruge cookies, som er oplysninger, der gemmes i din webbrowser.<\/p>\n\n\n\n<p>P\u00e5 siden Cookiepolitik kan du se alle oplysninger om indsamlingspolitikken, form\u00e5let med og behandlingen af cookies.<\/p>\n\n\n\n<h3 class=\"wp-block-heading\" id=\"legitimacin-para-el-tratamiento-de-datos\">Legitimitet for databehandling<\/h3>\n\n\n\n<p>Retsgrundlaget for behandlingen af dine data er: samtykke.<\/p>\n\n\n\n<p>For at kontakte ejeren, abonnere p\u00e5 et nyhedsbrev eller kommentere p\u00e5 denne hjemmeside skal du acceptere denne privatlivspolitik.<\/p>\n\n\n\n<h3 class=\"wp-block-heading\" id=\"categoras-de-datos-personales\">Kategorier af personoplysninger<\/h3>\n\n\n\n<p>De kategorier af personoplysninger, der behandles af ejeren, er:<\/p>\n\n\n\n<ul class=\"wp-block-list\">\n<li>Identifikationsoplysninger.<\/li>\n<\/ul>\n\n\n\n<h3 class=\"wp-block-heading\" id=\"conservacin-de-datos-personales\">Opbevaring af personoplysninger<\/h3>\n\n\n\n<p>De personlige data, du giver til ejeren, vil blive opbevaret, indtil du anmoder om sletning.<\/p>\n\n\n\n<h3 class=\"wp-block-heading\" id=\"destinatarios-de-datos-personales\">Modtagere af personoplysninger<\/h3>\n\n\n\n<ul class=\"wp-block-list\">\n<li><strong>Mailchimp<\/strong> Rocket Science Group LLC d\/b\/a, hjemmeh\u00f8rende i USA.<br\/>Du kan finde flere oplysninger p\u00e5: <strong><a href=\"https:\/\/mailchimp.com\/\" target=\"_blank\" rel=\"noreferrer noopener\">https:\/\/mailchimp.com<\/a><\/strong><br\/>The Rocket Science Group LLC d\/b\/a behandler dataene med det form\u00e5l at levere sine e-mail-tjenester til ejeren.<\/li>\n\n\n\n<li><strong>Google Analytics<\/strong> er en webanalysetjeneste, der leveres af Google, Inc., et Delaware-selskab med hovedkontor p\u00e5 1600 Amphitheatre Parkway, Mountain View (Californien), CA 94043, USA (&#8220;Google&#8221;). Du kan finde flere oplysninger p\u00e5: <strong><a href=\"https:\/\/analytics.google.com\/\" target=\"_blank\" rel=\"noreferrer noopener\">https:\/\/analytics.google.com<\/a><\/strong><br\/>Google Analytics bruger &#8220;cookies&#8221;, som er tekstfiler, der placeres p\u00e5 din computer, for at hj\u00e6lpe ejeren med at analysere brugen af brugerne af hjemmesiden. De oplysninger, der genereres af cookien om din brug af hjemmesiden (inklusive din IP-adresse), overf\u00f8res direkte til og gemmes af Google p\u00e5 servere i USA. <\/li>\n<\/ul>\n\n\n\n<p>Du kan ogs\u00e5 se en liste over de typer cookies, der bruges af Google og dets partnere, samt oplysninger om deres brug af annonceringscookies.<\/p>\n\n\n\n<h3 class=\"wp-block-heading\" id=\"navegacin-web\">Webbrowsing<\/h3>\n\n\n\n<p>N\u00e5r du surfer <strong><strong>, kan der<\/strong><\/strong> indsamles prensaescrita.org ikke-identificerende data, som kan omfatte IP-adresse, geolokalisering, en registrering af, hvordan tjenesterne og webstederne bruges, browsingvaner og andre data, der ikke kan bruges til at identificere dig.<\/p>\n\n\n\n<p>Hjemmesiden bruger f\u00f8lgende tredjeparts analysetjenester:<\/p>\n\n\n\n<p>SLET DEM, DU IKKE BRUGER:<\/p>\n\n\n\n<ul class=\"wp-block-list\">\n<li>Google Analytics<\/li>\n\n\n\n<li>DoubleClick fra Google<\/li>\n<\/ul>\n\n\n\n<p>Udlejeren bruger de indhentede oplysninger til at indhente statistiske data, analysere tendenser, administrere webstedet, studere browsingm\u00f8nstre og til at indsamle demografiske oplysninger.<\/p>\n\n\n\n<h3 class=\"wp-block-heading\" id=\"exactitud-y-veracidad-de-los-datos-personales\">N\u00f8jagtighed og rigtighed af personoplysninger<\/h3>\n\n\n\n<p>Du forpligter dig til at sikre, at de data, der gives til kontoindehaveren, er korrekte, fuldst\u00e6ndige, n\u00f8jagtige og aktuelle, samt at holde dem beh\u00f8rigt opdateret.<\/p>\n\n\n\n<p>Som bruger af hjemmesiden er du alene ansvarlig for rigtigheden og rigtigheden af de data, du sender til hjemmesiden, hvilket fritager ejeren for ethvert ansvar i denne henseende.<\/p>\n\n\n\n<h3 class=\"wp-block-heading\" id=\"aceptacin-y-consentimiento\">Accept og samtykke<\/h3>\n\n\n\n<p>Som bruger af hjemmesiden erkl\u00e6rer du at v\u00e6re blevet informeret om betingelserne for beskyttelse af personoplysninger, accepterer og giver du samtykke til behandlingen af samme af ejeren p\u00e5 den m\u00e5de og til de form\u00e5l, der er angivet i denne privatlivspolitik.<\/p>\n\n\n\n<h3 class=\"wp-block-heading\" id=\"revocabilidad\">Tilbagekaldelse<\/h3>\n\n\n\n<p>For at ud\u00f8ve dine rettigheder til adgang, berigtigelse, annullering, portabilitet og indsigelse skal du sende en e-mail til <strong>contacto@<strong>prensaescrita.org<\/strong><\/strong> sammen med gyldig juridisk dokumentation s\u00e5som en fotokopi af dit ID-kort eller tilsvarende.<\/p>\n\n\n\n<p>Ud\u00f8velsen af dine rettigheder omfatter ikke data, som ejeren er forpligtet til at opbevare til administrative, juridiske eller sikkerhedsm\u00e6ssige form\u00e5l.<\/p>\n\n\n\n<h3 class=\"wp-block-heading\" id=\"cambios-en-la-poltica-de-privacidad\">\u00c6ndringer i privatlivspolitikken<\/h3>\n\n\n\n<p>Udlejeren forbeholder sig ret til at \u00e6ndre denne fortrolighedspolitik for at tilpasse den til ny lovgivning eller retspraksis samt til branchepraksis.<\/p>\n\n\n\n<p>Disse politikker vil v\u00e6re i kraft, indtil de \u00e6ndres af andre beh\u00f8rigt offentliggjorte politikker.<\/p>\n<\/div>\n","protected":false},"excerpt":{"rendered":"<p>prensaescrita.org informerer dig om sin privatlivspolitik vedr\u00f8rende behandling og beskyttelse af personoplysninger om brugere og kunder, der kan indsamles ved at browse eller indg\u00e5 kontrakt med tjenester via prensaescrita.org hjemmeside. I denne forstand garanterer ejeren overholdelse af g\u00e6ldende regler om beskyttelse af personoplysninger, afspejlet i organisk lov 3\/2018 af 5. december om beskyttelse af personoplysninger &#8230; <a title=\"Politik om beskyttelse af personlige oplysninger\" class=\"read-more\" href=\"https:\/\/prensaescrita.org\/da\/politik-om-beskyttelse-af-personlige-oplysninger\/\" aria-label=\"Read more about Politik om beskyttelse af personlige oplysninger\">L\u00e6s Mere<\/a><\/p>\n","protected":false},"author":2,"featured_media":0,"parent":0,"menu_order":0,"comment_status":"closed","ping_status":"closed","template":"","meta":{"footnotes":""},"class_list":{"0":"post-3378","1":"page","2":"type-page","3":"status-publish","5":"infinite-scroll-item"},"_links":{"self":[{"href":"https:\/\/prensaescrita.org\/da\/wp-json\/wp\/v2\/pages\/3378","targetHints":{"allow":["GET"]}}],"collection":[{"href":"https:\/\/prensaescrita.org\/da\/wp-json\/wp\/v2\/pages"}],"about":[{"href":"https:\/\/prensaescrita.org\/da\/wp-json\/wp\/v2\/types\/page"}],"author":[{"embeddable":true,"href":"https:\/\/prensaescrita.org\/da\/wp-json\/wp\/v2\/users\/2"}],"replies":[{"embeddable":true,"href":"https:\/\/prensaescrita.org\/da\/wp-json\/wp\/v2\/comments?post=3378"}],"version-history":[{"count":1,"href":"https:\/\/prensaescrita.org\/da\/wp-json\/wp\/v2\/pages\/3378\/revisions"}],"predecessor-version":[{"id":3380,"href":"https:\/\/prensaescrita.org\/da\/wp-json\/wp\/v2\/pages\/3378\/revisions\/3380"}],"wp:attachment":[{"href":"https:\/\/prensaescrita.org\/da\/wp-json\/wp\/v2\/media?parent=3378"}],"curies":[{"name":"wp","href":"https:\/\/api.w.org\/{rel}","templated":true}]}}